{"id":45873,"date":"2026-04-14T08:38:47","date_gmt":"2026-04-14T08:38:47","guid":{"rendered":"https:\/\/www.vinodis.com\/?post_type=product&#038;p=45873"},"modified":"2026-04-16T07:38:16","modified_gmt":"2026-04-16T07:38:16","slug":"joya","status":"publish","type":"product","link":"https:\/\/www.vinodis.com\/nl\/product\/joya\/","title":{"rendered":"Joya"},"content":{"rendered":"<p data-path-to-node=\"9,0,0\">La robe de ce vin d&rsquo;ap\u00e9ritif \/ dessert est jaune paille clair avec quelques reflets brillants.<br \/>\nLe nez est tr\u00e8s aromatique et frais. On y per\u00e7oit des notes de fruits tropicaux (mangue, fruit de la passion) ainsi que des notes florales.<br \/>\nL&rsquo;attaque en bouche est fra\u00eeche qui est en accord total avec la l\u00e9g\u00e8ret\u00e9 du vin et son c\u00f4t\u00e9 croquant.<\/p>\n<p>Vin qui pourra \u00eatre appr\u00e9ci\u00e9 aussi bien en ap\u00e9ritif qu&rsquo;en dessert !<\/p>\n<p>Te betalen met\u00a0<strong>Sodexo Lunch-Pass en Monizze maaltijdcheques<\/strong>.<br \/>\nSi vous souhaitez utiliser d\u2019autres types de ch\u00e8ques, contactez-nous :\u00a0<a href=\"mailto:vi*****@*****is.com\" data-original-string=\"UTqZyi5NAQicUFI0l7cosw==51b5rH2d18cEIrkw18jPgVdRTT9XAmmR4qMO+HHs6\/zgoI=\" title=\"Dit contact is gecodeerd door Anti-Spam by CleanTalk. Klik om te decoderen. Om het decoderen te voltooien, moet JavaScript ingeschakeld zijn in je browser.\" data-loopstyle=\"link\"><span \n                data-original-string='umbH4sBWcvzhc5RHI+KDQA==51bZuV84psNUBFKNXcApuLJQUhaalVZLsrxQpbAIfuRJDE='\n                class='apbct-email-encoder'\n                title='Dit contact is gecodeerd door Anti-Spam by CleanTalk. Klik om te decoderen. Om het decoderen te voltooien, moet JavaScript ingeschakeld zijn in je browser.'>vi<span class=\"apbct-blur\">*****<\/span>@<span class=\"apbct-blur\">*****<\/span>is.com<\/span><\/a><\/p>","protected":false},"excerpt":{"rendered":"<p>La robe de ce vin d&rsquo;ap\u00e9ritif \/ dessert est jaune paille clair avec quelques reflets brillants. Le nez est tr\u00e8s aromatique et frais. On y per\u00e7oit des notes de fruits tropicaux (mangue, fruit de la passion) ainsi que des notes florales. L&rsquo;attaque en bouche est fra\u00eeche qui est en accord total avec la l\u00e9g\u00e8ret\u00e9 du [&hellip;]<\/p>\n","protected":false},"featured_media":45874,"comment_status":"open","ping_status":"closed","template":"","meta":{"_acf_changed":false},"set_accompanying_cat":[1941,1951],"beer_cat":[],"alcohol_cat":[],"wine_cat":[1855],"grapes_cat":[1968,1969,3334],"fournisseur":[3333],"regions_cat":[1954,2292],"set_winetype_cat":[3048,3122],"product_brand":[],"product_cat":[3112,240],"product_tag":[],"class_list":{"0":"post-45873","1":"product","2":"type-product","3":"status-publish","4":"has-post-thumbnail","6":"set_accompanying_cat-aperitif","7":"set_accompanying_cat-desserts","8":"wine_cat-fruite","9":"grapes_cat-arinto","10":"grapes_cat-fernao-pires","11":"grapes_cat-moscatel","12":"fournisseur-solar","13":"regions_cat-portugal","14":"regions_cat-lisboa","15":"set_winetype_cat-blanc","16":"set_winetype_cat-dessert","17":"product_cat-bouteille","18":"product_cat-vins","20":"first","21":"instock","22":"sale","23":"taxable","24":"shipping-taxable","25":"purchasable","26":"product-type-simple"},"acf":[],"_links":{"self":[{"href":"https:\/\/www.vinodis.com\/nl\/wp-json\/wp\/v2\/product\/45873","targetHints":{"allow":["GET"]}}],"collection":[{"href":"https:\/\/www.vinodis.com\/nl\/wp-json\/wp\/v2\/product"}],"about":[{"href":"https:\/\/www.vinodis.com\/nl\/wp-json\/wp\/v2\/types\/product"}],"replies":[{"embeddable":true,"href":"https:\/\/www.vinodis.com\/nl\/wp-json\/wp\/v2\/comments?post=45873"}],"wp:featuredmedia":[{"embeddable":true,"href":"https:\/\/www.vinodis.com\/nl\/wp-json\/wp\/v2\/media\/45874"}],"wp:attachment":[{"href":"https:\/\/www.vinodis.com\/nl\/wp-json\/wp\/v2\/media?parent=45873"}],"wp:term":[{"taxonomy":"set_accompanying_cat","embeddable":true,"href":"https:\/\/www.vinodis.com\/nl\/wp-json\/wp\/v2\/set_accompanying_cat?post=45873"},{"taxonomy":"beer_cat","embeddable":true,"href":"https:\/\/www.vinodis.com\/nl\/wp-json\/wp\/v2\/beer_cat?post=45873"},{"taxonomy":"alcohol_cat","embeddable":true,"href":"https:\/\/www.vinodis.com\/nl\/wp-json\/wp\/v2\/alcohol_cat?post=45873"},{"taxonomy":"wine_cat","embeddable":true,"href":"https:\/\/www.vinodis.com\/nl\/wp-json\/wp\/v2\/wine_cat?post=45873"},{"taxonomy":"grapes_cat","embeddable":true,"href":"https:\/\/www.vinodis.com\/nl\/wp-json\/wp\/v2\/grapes_cat?post=45873"},{"taxonomy":"fournisseur","embeddable":true,"href":"https:\/\/www.vinodis.com\/nl\/wp-json\/wp\/v2\/fournisseur?post=45873"},{"taxonomy":"regions_cat","embeddable":true,"href":"https:\/\/www.vinodis.com\/nl\/wp-json\/wp\/v2\/regions_cat?post=45873"},{"taxonomy":"set_winetype_cat","embeddable":true,"href":"https:\/\/www.vinodis.com\/nl\/wp-json\/wp\/v2\/set_winetype_cat?post=45873"},{"taxonomy":"product_brand","embeddable":true,"href":"https:\/\/www.vinodis.com\/nl\/wp-json\/wp\/v2\/product_brand?post=45873"},{"taxonomy":"product_cat","embeddable":true,"href":"https:\/\/www.vinodis.com\/nl\/wp-json\/wp\/v2\/product_cat?post=45873"},{"taxonomy":"product_tag","embeddable":true,"href":"https:\/\/www.vinodis.com\/nl\/wp-json\/wp\/v2\/product_tag?post=45873"}],"curies":[{"name":"wp","href":"https:\/\/api.w.org\/{rel}","templated":true}]}}