{"id":45736,"date":"2026-04-01T13:14:46","date_gmt":"2026-04-01T13:14:46","guid":{"rendered":"https:\/\/www.vinodis.com\/?post_type=product&#038;p=45736"},"modified":"2026-04-01T13:14:46","modified_gmt":"2026-04-01T13:14:46","slug":"champagne-ice-imperial-moet-et-chandon","status":"publish","type":"product","link":"https:\/\/www.vinodis.com\/nl\/product\/champagne-ice-imperial-moet-et-chandon\/","title":{"rendered":"Champagne Ice Imperial Moet et Chandon"},"content":{"rendered":"<p>La robe de ce Champagne demi-sec est dor\u00e9e avec quelques reflets ambr\u00e9s.<br \/>\nLe nez est tr\u00e8s expressif et fruit\u00e9 (fruits tropicaux).<br \/>\nLa bouche est dense et charnue avec une sucrosit\u00e9 \u00e9quilibr\u00e9e par une acidit\u00e9 rafra\u00eechissante.<\/p>\n<p>Id\u00e9al pour le concept de Champagne piscine !<\/p>\n<p>Te betalen met\u00a0<strong>Lunch-Pass van Sodexo<\/strong>\u00a0en\u00a0<strong>Monizze lunchbonnen<\/strong>.<br \/>\nSi vous souhaitez utiliser d\u2019autres types de ch\u00e8ques, contactez-nous :\u00a0<a href=\"mailto:vi*****@*****is.com\" data-original-string=\"vTJuEMTDxWdc0BSPtAuhDA==51b36hsdv7mPNQxIEmq58CX4v4+gxQ1qmNSuMfEwmGBF0Q=\" title=\"Dit contact is gecodeerd door Anti-Spam by CleanTalk. Klik om te decoderen. Om het decoderen te voltooien, moet JavaScript ingeschakeld zijn in je browser.\" target=\"_blank\" rel=\"nofollow noopener\"><span \n                data-original-string='2WzXwg9KJk+Yk3ATBF\/IwQ==51b0Dedd4G0SHvwpQvoGl3ajLrRQzh+EV+4RT6vQmPTB28='\n                class='apbct-email-encoder'\n                title='Dit contact is gecodeerd door Anti-Spam by CleanTalk. Klik om te decoderen. Om het decoderen te voltooien, moet JavaScript ingeschakeld zijn in je browser.'>vi<span class=\"apbct-blur\">*****<\/span>@<span class=\"apbct-blur\">*****<\/span>is.com<\/span><\/a><\/p>","protected":false},"excerpt":{"rendered":"<p>Moet et Chandon<\/p>","protected":false},"featured_media":45743,"comment_status":"open","ping_status":"closed","template":"","meta":{"_acf_changed":false},"set_accompanying_cat":[1941,1951],"beer_cat":[],"alcohol_cat":[],"wine_cat":[1855],"grapes_cat":[1905,2037,2010],"fournisseur":[3330],"regions_cat":[2038,2140,2459],"set_winetype_cat":[3052],"product_brand":[],"product_cat":[3112,240],"product_tag":[],"class_list":{"0":"post-45736","1":"product","2":"type-product","3":"status-publish","4":"has-post-thumbnail","6":"set_accompanying_cat-aperitif","7":"set_accompanying_cat-desserts","8":"wine_cat-fruite","9":"grapes_cat-chardonnay","10":"grapes_cat-pinot-meunier","11":"grapes_cat-pinot-noir","12":"fournisseur-covivins","13":"regions_cat-france","14":"regions_cat-champagne","15":"regions_cat-champagne-aoc","16":"set_winetype_cat-mousseux","17":"product_cat-bouteille","18":"product_cat-vins","20":"first","21":"instock","22":"taxable","23":"shipping-taxable","24":"purchasable","25":"product-type-simple"},"acf":[],"_links":{"self":[{"href":"https:\/\/www.vinodis.com\/nl\/wp-json\/wp\/v2\/product\/45736","targetHints":{"allow":["GET"]}}],"collection":[{"href":"https:\/\/www.vinodis.com\/nl\/wp-json\/wp\/v2\/product"}],"about":[{"href":"https:\/\/www.vinodis.com\/nl\/wp-json\/wp\/v2\/types\/product"}],"replies":[{"embeddable":true,"href":"https:\/\/www.vinodis.com\/nl\/wp-json\/wp\/v2\/comments?post=45736"}],"wp:featuredmedia":[{"embeddable":true,"href":"https:\/\/www.vinodis.com\/nl\/wp-json\/wp\/v2\/media\/45743"}],"wp:attachment":[{"href":"https:\/\/www.vinodis.com\/nl\/wp-json\/wp\/v2\/media?parent=45736"}],"wp:term":[{"taxonomy":"set_accompanying_cat","embeddable":true,"href":"https:\/\/www.vinodis.com\/nl\/wp-json\/wp\/v2\/set_accompanying_cat?post=45736"},{"taxonomy":"beer_cat","embeddable":true,"href":"https:\/\/www.vinodis.com\/nl\/wp-json\/wp\/v2\/beer_cat?post=45736"},{"taxonomy":"alcohol_cat","embeddable":true,"href":"https:\/\/www.vinodis.com\/nl\/wp-json\/wp\/v2\/alcohol_cat?post=45736"},{"taxonomy":"wine_cat","embeddable":true,"href":"https:\/\/www.vinodis.com\/nl\/wp-json\/wp\/v2\/wine_cat?post=45736"},{"taxonomy":"grapes_cat","embeddable":true,"href":"https:\/\/www.vinodis.com\/nl\/wp-json\/wp\/v2\/grapes_cat?post=45736"},{"taxonomy":"fournisseur","embeddable":true,"href":"https:\/\/www.vinodis.com\/nl\/wp-json\/wp\/v2\/fournisseur?post=45736"},{"taxonomy":"regions_cat","embeddable":true,"href":"https:\/\/www.vinodis.com\/nl\/wp-json\/wp\/v2\/regions_cat?post=45736"},{"taxonomy":"set_winetype_cat","embeddable":true,"href":"https:\/\/www.vinodis.com\/nl\/wp-json\/wp\/v2\/set_winetype_cat?post=45736"},{"taxonomy":"product_brand","embeddable":true,"href":"https:\/\/www.vinodis.com\/nl\/wp-json\/wp\/v2\/product_brand?post=45736"},{"taxonomy":"product_cat","embeddable":true,"href":"https:\/\/www.vinodis.com\/nl\/wp-json\/wp\/v2\/product_cat?post=45736"},{"taxonomy":"product_tag","embeddable":true,"href":"https:\/\/www.vinodis.com\/nl\/wp-json\/wp\/v2\/product_tag?post=45736"}],"curies":[{"name":"wp","href":"https:\/\/api.w.org\/{rel}","templated":true}]}}