{"id":38663,"date":"2026-02-12T09:34:47","date_gmt":"2026-02-12T09:34:47","guid":{"rendered":"https:\/\/www.vinodis.com\/?post_type=product&#038;p=38663"},"modified":"2026-04-16T07:38:31","modified_gmt":"2026-04-16T07:38:31","slug":"bolgheri-masseto","status":"publish","type":"product","link":"https:\/\/www.vinodis.com\/nl\/product\/bolgheri-masseto\/","title":{"rendered":"Bolgheri Masseto"},"content":{"rendered":"<p>Masseto wordt vaak de Italiaanse Petrus genoemd en is zeker een van de beste Italiaanse wijnen die vandaag geproduceerd worden.<\/p>\n<p><span data-path-to-node=\"3,1,1,0\">De kleur is dieprood, bijna zwart<\/p>\n<p><\/span><span data-path-to-node=\"3,2,1,0\">De neus is vol en intens en onthult aroma's van rijp zwart fruit (braam, pruim, kers), vaak vergezeld van bittere en kruidige toetsen.<\/p>\n<p><\/span><span data-path-to-node=\"3,3,1,0\">Vol en fluweelzacht in de mond, met een opmerkelijke concentratie. Er is een prachtig evenwicht tussen kracht en elegantie. De afdronk is lang en heerlijk.<\/span><span data-path-to-node=\"3,4,1,0\">.<\/span><\/p>\n<p>Een uitzonderlijke wijn!<\/p>\n<p>Te betalen met <strong>Sodexo Lunch-Pass en Monizze maaltijdcheques<\/strong>.<\/p>\n<p>Als je andere soorten cheques wilt gebruiken, neem dan contact met ons op: <a href=\"mailto:vi*****@*****is.com\" data-original-string=\"OizOP\/USvnhdfr7dEJhQyQ==51bc+ZqcIlMkvvKkj77+Vxv14IzQJGa0HVwISNaa5oB1WQ=\" title=\"Dit contact is gecodeerd door Anti-Spam by CleanTalk. Klik om te decoderen. Om het decoderen te voltooien, moet JavaScript ingeschakeld zijn in je browser.\"><span \n                data-original-string='u+V0PX54pJel1dq9kGJOrg==51bJebrqrDBaNiP7oZ9BI2t7ytDzOl0mObsnqE66CYJGJ4='\n                class='apbct-email-encoder'\n                title='Dit contact is gecodeerd door Anti-Spam by CleanTalk. Klik om te decoderen. Om het decoderen te voltooien, moet JavaScript ingeschakeld zijn in je browser.'>vi<span class=\"apbct-blur\">*****<\/span>@<span class=\"apbct-blur\">*****<\/span>is.com<\/span><\/a><\/p>","protected":false},"excerpt":{"rendered":"<p>Souvent appel\u00e9 le Petrus italien, Masseto est certainement un des plus grands vins italiens produits actuellement. Sa robe est rouge profonde, presque noire Le nez est ample et intense, r\u00e9v\u00e9lant des ar\u00f4mes de fruits noirs m\u00fbrs (m\u00fbre, prune, cerise), souvent accompagn\u00e9s de notes am\u00e8res et \u00e9pic\u00e9es. La bouche est cors\u00e9e et velout\u00e9e offrant une concentration [&hellip;]<\/p>\n","protected":false},"featured_media":37018,"comment_status":"closed","ping_status":"closed","template":"","meta":{"_acf_changed":false},"set_accompanying_cat":[1984,1977],"beer_cat":[],"alcohol_cat":[],"wine_cat":[3110,1860,1868],"grapes_cat":[1885],"fournisseur":[],"regions_cat":[2032],"set_winetype_cat":[3046],"product_brand":[],"product_cat":[240],"product_tag":[],"class_list":{"0":"post-38663","1":"product","2":"type-product","3":"status-publish","4":"has-post-thumbnail","6":"set_accompanying_cat-gibiers","7":"set_accompanying_cat-vin-de-meditation","8":"wine_cat-boise","9":"wine_cat-coups-de-coeur","10":"wine_cat-epice","11":"grapes_cat-merlot","12":"regions_cat-bolgheri","13":"set_winetype_cat-rouge","14":"product_cat-vins","16":"first","17":"instock","18":"taxable","19":"shipping-taxable","20":"purchasable","21":"product-type-simple"},"acf":[],"_links":{"self":[{"href":"https:\/\/www.vinodis.com\/nl\/wp-json\/wp\/v2\/product\/38663","targetHints":{"allow":["GET"]}}],"collection":[{"href":"https:\/\/www.vinodis.com\/nl\/wp-json\/wp\/v2\/product"}],"about":[{"href":"https:\/\/www.vinodis.com\/nl\/wp-json\/wp\/v2\/types\/product"}],"replies":[{"embeddable":true,"href":"https:\/\/www.vinodis.com\/nl\/wp-json\/wp\/v2\/comments?post=38663"}],"wp:featuredmedia":[{"embeddable":true,"href":"https:\/\/www.vinodis.com\/nl\/wp-json\/wp\/v2\/media\/37018"}],"wp:attachment":[{"href":"https:\/\/www.vinodis.com\/nl\/wp-json\/wp\/v2\/media?parent=38663"}],"wp:term":[{"taxonomy":"set_accompanying_cat","embeddable":true,"href":"https:\/\/www.vinodis.com\/nl\/wp-json\/wp\/v2\/set_accompanying_cat?post=38663"},{"taxonomy":"beer_cat","embeddable":true,"href":"https:\/\/www.vinodis.com\/nl\/wp-json\/wp\/v2\/beer_cat?post=38663"},{"taxonomy":"alcohol_cat","embeddable":true,"href":"https:\/\/www.vinodis.com\/nl\/wp-json\/wp\/v2\/alcohol_cat?post=38663"},{"taxonomy":"wine_cat","embeddable":true,"href":"https:\/\/www.vinodis.com\/nl\/wp-json\/wp\/v2\/wine_cat?post=38663"},{"taxonomy":"grapes_cat","embeddable":true,"href":"https:\/\/www.vinodis.com\/nl\/wp-json\/wp\/v2\/grapes_cat?post=38663"},{"taxonomy":"fournisseur","embeddable":true,"href":"https:\/\/www.vinodis.com\/nl\/wp-json\/wp\/v2\/fournisseur?post=38663"},{"taxonomy":"regions_cat","embeddable":true,"href":"https:\/\/www.vinodis.com\/nl\/wp-json\/wp\/v2\/regions_cat?post=38663"},{"taxonomy":"set_winetype_cat","embeddable":true,"href":"https:\/\/www.vinodis.com\/nl\/wp-json\/wp\/v2\/set_winetype_cat?post=38663"},{"taxonomy":"product_brand","embeddable":true,"href":"https:\/\/www.vinodis.com\/nl\/wp-json\/wp\/v2\/product_brand?post=38663"},{"taxonomy":"product_cat","embeddable":true,"href":"https:\/\/www.vinodis.com\/nl\/wp-json\/wp\/v2\/product_cat?post=38663"},{"taxonomy":"product_tag","embeddable":true,"href":"https:\/\/www.vinodis.com\/nl\/wp-json\/wp\/v2\/product_tag?post=38663"}],"curies":[{"name":"wp","href":"https:\/\/api.w.org\/{rel}","templated":true}]}}