{"id":38662,"date":"2026-02-12T09:34:46","date_gmt":"2026-02-12T09:34:46","guid":{"rendered":"https:\/\/www.vinodis.com\/?post_type=product&#038;p=38662"},"modified":"2026-04-16T07:38:16","modified_gmt":"2026-04-16T07:38:16","slug":"lugana-terralbe","status":"publish","type":"product","link":"https:\/\/www.vinodis.com\/nl\/product\/lugana-terralbe\/","title":{"rendered":"Lugana Terralbe"},"content":{"rendered":"<p data-path-to-node=\"3,0,0\">De kleur is licht strogeel met groenige accenten.<\/p>\n<p>De neus is intens en barst van de aroma's van wit fruit (perzik en peer).<\/p>\n<p>Het gehemelte is levendig, evenwichtig en heerlijk. De afdronk barst van de frisheid.<\/p>\n<p>Een wijn voor liefhebbers van minerale wijnen.<\/p>\n<p>Te betalen met <strong>Lunch-Pass van Sodexo<\/strong> en <strong>Monizze lunchbonnen<\/strong>.<\/p>\n<p>Als je andere soorten cheques wilt gebruiken, neem dan contact met ons op: <a href=\"mailto:vi*****@*****is.com\" data-original-string=\"oRDpNkSZYZAj+z6mYj8ErA==51bIZY1SIlFPbKbKH3qjX9B1ia0jPhh\/KLr8sPl4GRR81g=\" title=\"Dit contact is gecodeerd door Anti-Spam by CleanTalk. Klik om te decoderen. Om het decoderen te voltooien, moet JavaScript ingeschakeld zijn in je browser.\" target=\"_blank\" rel=\"nofollow noopener\"><span \n                data-original-string='iXvoZ4\/1G9H+l4p4qe8Q\/g==51blxv1dKZ+ZA88Cu4azGDszv0sxzNAYIm+3vVhGRQ1JnY='\n                class='apbct-email-encoder'\n                title='Dit contact is gecodeerd door Anti-Spam by CleanTalk. Klik om te decoderen. Om het decoderen te voltooien, moet JavaScript ingeschakeld zijn in je browser.'>vi<span class=\"apbct-blur\">*****<\/span>@<span class=\"apbct-blur\">*****<\/span>is.com<\/span><\/a><\/p>","protected":false},"excerpt":{"rendered":"<p>La robe est jaune paille clair avec quelques reflets verd\u00e2tres. Le nez est intense o\u00f9 explosent les ar\u00f4mes de fruits blancs (p\u00eache et poire). La bouche est vive, \u00e9quilibr\u00e9e et gourmande. La finale est \u00e9clatante de fra\u00eecheur. Un vin pour les amateurs de vins min\u00e9raux. Payable avec les Lunch-Pass de Sodexo et Ch\u00e8que-Repas de Monizze. [&hellip;]<\/p>\n","protected":false},"featured_media":37017,"comment_status":"closed","ping_status":"closed","template":"","meta":{"_acf_changed":false},"set_accompanying_cat":[1941,1892,1993,1977],"beer_cat":[],"alcohol_cat":[],"wine_cat":[1860],"grapes_cat":[1995],"fournisseur":[],"regions_cat":[2009],"set_winetype_cat":[3048],"product_brand":[],"product_cat":[240],"product_tag":[],"class_list":{"0":"post-38662","1":"product","2":"type-product","3":"status-publish","4":"has-post-thumbnail","6":"set_accompanying_cat-aperitif","7":"set_accompanying_cat-crustaces-et-coquillages","8":"set_accompanying_cat-fromages-frais","9":"set_accompanying_cat-vin-de-meditation","10":"wine_cat-coups-de-coeur","11":"grapes_cat-trebbiano","12":"regions_cat-veneto","13":"set_winetype_cat-blanc","14":"product_cat-vins","16":"first","17":"outofstock","18":"taxable","19":"shipping-taxable","20":"purchasable","21":"product-type-simple"},"acf":[],"_links":{"self":[{"href":"https:\/\/www.vinodis.com\/nl\/wp-json\/wp\/v2\/product\/38662","targetHints":{"allow":["GET"]}}],"collection":[{"href":"https:\/\/www.vinodis.com\/nl\/wp-json\/wp\/v2\/product"}],"about":[{"href":"https:\/\/www.vinodis.com\/nl\/wp-json\/wp\/v2\/types\/product"}],"replies":[{"embeddable":true,"href":"https:\/\/www.vinodis.com\/nl\/wp-json\/wp\/v2\/comments?post=38662"}],"wp:featuredmedia":[{"embeddable":true,"href":"https:\/\/www.vinodis.com\/nl\/wp-json\/wp\/v2\/media\/37017"}],"wp:attachment":[{"href":"https:\/\/www.vinodis.com\/nl\/wp-json\/wp\/v2\/media?parent=38662"}],"wp:term":[{"taxonomy":"set_accompanying_cat","embeddable":true,"href":"https:\/\/www.vinodis.com\/nl\/wp-json\/wp\/v2\/set_accompanying_cat?post=38662"},{"taxonomy":"beer_cat","embeddable":true,"href":"https:\/\/www.vinodis.com\/nl\/wp-json\/wp\/v2\/beer_cat?post=38662"},{"taxonomy":"alcohol_cat","embeddable":true,"href":"https:\/\/www.vinodis.com\/nl\/wp-json\/wp\/v2\/alcohol_cat?post=38662"},{"taxonomy":"wine_cat","embeddable":true,"href":"https:\/\/www.vinodis.com\/nl\/wp-json\/wp\/v2\/wine_cat?post=38662"},{"taxonomy":"grapes_cat","embeddable":true,"href":"https:\/\/www.vinodis.com\/nl\/wp-json\/wp\/v2\/grapes_cat?post=38662"},{"taxonomy":"fournisseur","embeddable":true,"href":"https:\/\/www.vinodis.com\/nl\/wp-json\/wp\/v2\/fournisseur?post=38662"},{"taxonomy":"regions_cat","embeddable":true,"href":"https:\/\/www.vinodis.com\/nl\/wp-json\/wp\/v2\/regions_cat?post=38662"},{"taxonomy":"set_winetype_cat","embeddable":true,"href":"https:\/\/www.vinodis.com\/nl\/wp-json\/wp\/v2\/set_winetype_cat?post=38662"},{"taxonomy":"product_brand","embeddable":true,"href":"https:\/\/www.vinodis.com\/nl\/wp-json\/wp\/v2\/product_brand?post=38662"},{"taxonomy":"product_cat","embeddable":true,"href":"https:\/\/www.vinodis.com\/nl\/wp-json\/wp\/v2\/product_cat?post=38662"},{"taxonomy":"product_tag","embeddable":true,"href":"https:\/\/www.vinodis.com\/nl\/wp-json\/wp\/v2\/product_tag?post=38662"}],"curies":[{"name":"wp","href":"https:\/\/api.w.org\/{rel}","templated":true}]}}