{"id":38661,"date":"2026-02-12T09:34:46","date_gmt":"2026-02-12T09:34:46","guid":{"rendered":"https:\/\/www.vinodis.com\/?post_type=product&#038;p=38661"},"modified":"2026-04-16T07:38:31","modified_gmt":"2026-04-16T07:38:31","slug":"audentia-reserva","status":"publish","type":"product","link":"https:\/\/www.vinodis.com\/nl\/product\/audentia-reserva\/","title":{"rendered":"Audentia Reserva"},"content":{"rendered":"<p data-path-to-node=\"2,0,0\">De kleur is robijnrood met bakstenen accenten.<\/p>\n<p>De neus zit vol gestoofd fruit, voornamelijk pruimen en zwart fruit. Er zijn ook aroma's van vanille, tabak en specerijen.<\/p>\n<p>Vol en zijdezacht in de mond, met soepele tannines.<\/p>\n<p>Fans van gegrild vlees en gerookte gerechten kunnen hun hart ophalen!<\/p>\n<p>Te betalen met <strong>Lunch-Pass van Sodexo<\/strong> en <strong>Monizze lunchbonnen<\/strong>.<\/p>\n<p>Als je andere soorten cheques wilt gebruiken, neem dan contact met ons op: <a href=\"mailto:vi*****@*****is.com\" data-original-string=\"ETYIDNf0mRFYijUDTqZ36g==51bi0m0+4lwc3OQxUS8j2HFCRkl\/V46Byk+qbgxnCWZ63o=\" title=\"Dit contact is gecodeerd door Anti-Spam by CleanTalk. Klik om te decoderen. Om het decoderen te voltooien, moet JavaScript ingeschakeld zijn in je browser.\" target=\"_blank\" rel=\"nofollow noopener\"><span \n                data-original-string='imJ6pfq8OtGTUHb\/STqSbA==51bM43nXVZlGMm0CpmTgk+esrDbUqPRz85ZaYS7VrYcpxk='\n                class='apbct-email-encoder'\n                title='Dit contact is gecodeerd door Anti-Spam by CleanTalk. Klik om te decoderen. Om het decoderen te voltooien, moet JavaScript ingeschakeld zijn in je browser.'>vi<span class=\"apbct-blur\">*****<\/span>@<span class=\"apbct-blur\">*****<\/span>is.com<\/span><\/a><\/p>","protected":false},"excerpt":{"rendered":"<p>La robe est rouge rubis avec quelques reflets brique. Le nez regorge de fruits compot\u00e9s dont principalement la prune et des fruits noirs. On y retrouve aussi des ar\u00f4mes de vanille, tabac et d&rsquo;\u00e9pices. La bouche est charpent\u00e9e, soyeuse avec des tanins souples. Les amateurs de grillades et mets fum\u00e9s se r\u00e9galeront ! Payable avec [&hellip;]<\/p>\n","protected":false},"featured_media":37016,"comment_status":"closed","ping_status":"closed","template":"","meta":{"_acf_changed":false},"set_accompanying_cat":[1992,1879,1916],"beer_cat":[],"alcohol_cat":[],"wine_cat":[3110,1868],"grapes_cat":[1884,1999,2775],"fournisseur":[],"regions_cat":[1997],"set_winetype_cat":[],"product_brand":[],"product_cat":[240],"product_tag":[],"class_list":{"0":"post-38661","1":"product","2":"type-product","3":"status-publish","4":"has-post-thumbnail","6":"set_accompanying_cat-barbecue","7":"set_accompanying_cat-grillades","8":"set_accompanying_cat-viandes-rouges","9":"wine_cat-boise","10":"wine_cat-epice","11":"grapes_cat-cabernet-sauvignon","12":"grapes_cat-monastrell","13":"grapes_cat-tempranillo","14":"regions_cat-levante","15":"product_cat-vins","17":"first","18":"instock","19":"taxable","20":"shipping-taxable","21":"purchasable","22":"product-type-simple"},"acf":[],"_links":{"self":[{"href":"https:\/\/www.vinodis.com\/nl\/wp-json\/wp\/v2\/product\/38661","targetHints":{"allow":["GET"]}}],"collection":[{"href":"https:\/\/www.vinodis.com\/nl\/wp-json\/wp\/v2\/product"}],"about":[{"href":"https:\/\/www.vinodis.com\/nl\/wp-json\/wp\/v2\/types\/product"}],"replies":[{"embeddable":true,"href":"https:\/\/www.vinodis.com\/nl\/wp-json\/wp\/v2\/comments?post=38661"}],"wp:featuredmedia":[{"embeddable":true,"href":"https:\/\/www.vinodis.com\/nl\/wp-json\/wp\/v2\/media\/37016"}],"wp:attachment":[{"href":"https:\/\/www.vinodis.com\/nl\/wp-json\/wp\/v2\/media?parent=38661"}],"wp:term":[{"taxonomy":"set_accompanying_cat","embeddable":true,"href":"https:\/\/www.vinodis.com\/nl\/wp-json\/wp\/v2\/set_accompanying_cat?post=38661"},{"taxonomy":"beer_cat","embeddable":true,"href":"https:\/\/www.vinodis.com\/nl\/wp-json\/wp\/v2\/beer_cat?post=38661"},{"taxonomy":"alcohol_cat","embeddable":true,"href":"https:\/\/www.vinodis.com\/nl\/wp-json\/wp\/v2\/alcohol_cat?post=38661"},{"taxonomy":"wine_cat","embeddable":true,"href":"https:\/\/www.vinodis.com\/nl\/wp-json\/wp\/v2\/wine_cat?post=38661"},{"taxonomy":"grapes_cat","embeddable":true,"href":"https:\/\/www.vinodis.com\/nl\/wp-json\/wp\/v2\/grapes_cat?post=38661"},{"taxonomy":"fournisseur","embeddable":true,"href":"https:\/\/www.vinodis.com\/nl\/wp-json\/wp\/v2\/fournisseur?post=38661"},{"taxonomy":"regions_cat","embeddable":true,"href":"https:\/\/www.vinodis.com\/nl\/wp-json\/wp\/v2\/regions_cat?post=38661"},{"taxonomy":"set_winetype_cat","embeddable":true,"href":"https:\/\/www.vinodis.com\/nl\/wp-json\/wp\/v2\/set_winetype_cat?post=38661"},{"taxonomy":"product_brand","embeddable":true,"href":"https:\/\/www.vinodis.com\/nl\/wp-json\/wp\/v2\/product_brand?post=38661"},{"taxonomy":"product_cat","embeddable":true,"href":"https:\/\/www.vinodis.com\/nl\/wp-json\/wp\/v2\/product_cat?post=38661"},{"taxonomy":"product_tag","embeddable":true,"href":"https:\/\/www.vinodis.com\/nl\/wp-json\/wp\/v2\/product_tag?post=38661"}],"curies":[{"name":"wp","href":"https:\/\/api.w.org\/{rel}","templated":true}]}}