{"id":38657,"date":"2026-02-12T09:34:46","date_gmt":"2026-02-12T09:34:46","guid":{"rendered":"https:\/\/www.vinodis.com\/?post_type=product&#038;p=38657"},"modified":"2026-04-16T07:38:31","modified_gmt":"2026-04-16T07:38:31","slug":"recioto-della-valpolicella-docg","status":"publish","type":"product","link":"https:\/\/www.vinodis.com\/nl\/product\/recioto-della-valpolicella-docg\/","title":{"rendered":"Recioto della Valpolicella DOCG"},"content":{"rendered":"<p>De kleur van deze Recioto is intens, dicht robijnrood met enkele granaatkleurige of paarse accenten.<\/p>\n<p>De neus is krachtig en omhullend, gedomineerd door aroma's van gekonfijt fruit, pruimen en vijgen, zonder cacao en pure chocolade te vergeten.<\/p>\n<p>Het gehemelte is rijk en fluweelzacht zonder overheersend te zijn. De zoetheid wordt perfect in evenwicht gehouden door een fijne zuurgraad die frisheid toevoegt en zwaarte vermijdt. De afdronk is erg lang en aromatisch.<\/p>\n<p>Algemeen bekend als \u00abJezus plas\u00bb.\u00bb<\/p>\n<p>Te betalen met <strong>Lunch-Pass van Sodexo<\/strong> en <strong>Monizze lunchbonnen<\/strong>.<\/p>\n<p>Als je andere soorten cheques wilt gebruiken, neem dan contact met ons op: <a href=\"mailto:vi*****@*****is.com\" data-original-string=\"oYPq8lCd5avWz+3N7bQd4g==51b4+wZedDHZ1HhT+gYxE943r\/fA2ztxAolD262zPrj9xw=\" title=\"Dit contact is gecodeerd door Anti-Spam by CleanTalk. Klik om te decoderen. Om het decoderen te voltooien, moet JavaScript ingeschakeld zijn in je browser.\" target=\"_blank\" rel=\"nofollow noopener\"><span \n                data-original-string='ej8egDphW11QU8DuLFKg+A==51bHJg+bQT7IOapmiLuqvGK3\/h6vHxKW4CfPs0L9AfuIW8='\n                class='apbct-email-encoder'\n                title='Dit contact is gecodeerd door Anti-Spam by CleanTalk. Klik om te decoderen. Om het decoderen te voltooien, moet JavaScript ingeschakeld zijn in je browser.'>vi<span class=\"apbct-blur\">*****<\/span>@<span class=\"apbct-blur\">*****<\/span>is.com<\/span><\/a><\/p>","protected":false},"excerpt":{"rendered":"<p>La robe de ce Recioto est rouge rubis intense et dense avec quelques reflets grenats ou pourpres. Le nez est\u00a0puissant et enveloppant, domin\u00e9 par des ar\u00f4mes de fruits confits, pruneau, figue sans oublier le cacao et chocolat noir. La bouche est riche et velout\u00e9e sans \u00eatre \u00e9c\u0153urante. La douceur est parfaitement \u00e9quilibr\u00e9e par une belle [&hellip;]<\/p>\n","protected":false},"featured_media":37015,"comment_status":"closed","ping_status":"closed","template":"","meta":{"_acf_changed":false},"set_accompanying_cat":[1996,1976,1984,2114],"beer_cat":[],"alcohol_cat":[],"wine_cat":[3110,1855],"grapes_cat":[2160,2224,2161],"fournisseur":[],"regions_cat":[2009],"set_winetype_cat":[3046],"product_brand":[],"product_cat":[240],"product_tag":[],"class_list":{"0":"post-38657","1":"product","2":"type-product","3":"status-publish","4":"has-post-thumbnail","6":"set_accompanying_cat-chocolat","7":"set_accompanying_cat-fromages-forts","8":"set_accompanying_cat-gibiers","9":"set_accompanying_cat-meditation","10":"wine_cat-boise","11":"wine_cat-fruite","12":"grapes_cat-corvina","13":"grapes_cat-corvinone","14":"grapes_cat-rondinella","15":"regions_cat-veneto","16":"set_winetype_cat-rouge","17":"product_cat-vins","19":"first","20":"instock","21":"taxable","22":"shipping-taxable","23":"purchasable","24":"product-type-simple"},"acf":[],"_links":{"self":[{"href":"https:\/\/www.vinodis.com\/nl\/wp-json\/wp\/v2\/product\/38657","targetHints":{"allow":["GET"]}}],"collection":[{"href":"https:\/\/www.vinodis.com\/nl\/wp-json\/wp\/v2\/product"}],"about":[{"href":"https:\/\/www.vinodis.com\/nl\/wp-json\/wp\/v2\/types\/product"}],"replies":[{"embeddable":true,"href":"https:\/\/www.vinodis.com\/nl\/wp-json\/wp\/v2\/comments?post=38657"}],"wp:featuredmedia":[{"embeddable":true,"href":"https:\/\/www.vinodis.com\/nl\/wp-json\/wp\/v2\/media\/37015"}],"wp:attachment":[{"href":"https:\/\/www.vinodis.com\/nl\/wp-json\/wp\/v2\/media?parent=38657"}],"wp:term":[{"taxonomy":"set_accompanying_cat","embeddable":true,"href":"https:\/\/www.vinodis.com\/nl\/wp-json\/wp\/v2\/set_accompanying_cat?post=38657"},{"taxonomy":"beer_cat","embeddable":true,"href":"https:\/\/www.vinodis.com\/nl\/wp-json\/wp\/v2\/beer_cat?post=38657"},{"taxonomy":"alcohol_cat","embeddable":true,"href":"https:\/\/www.vinodis.com\/nl\/wp-json\/wp\/v2\/alcohol_cat?post=38657"},{"taxonomy":"wine_cat","embeddable":true,"href":"https:\/\/www.vinodis.com\/nl\/wp-json\/wp\/v2\/wine_cat?post=38657"},{"taxonomy":"grapes_cat","embeddable":true,"href":"https:\/\/www.vinodis.com\/nl\/wp-json\/wp\/v2\/grapes_cat?post=38657"},{"taxonomy":"fournisseur","embeddable":true,"href":"https:\/\/www.vinodis.com\/nl\/wp-json\/wp\/v2\/fournisseur?post=38657"},{"taxonomy":"regions_cat","embeddable":true,"href":"https:\/\/www.vinodis.com\/nl\/wp-json\/wp\/v2\/regions_cat?post=38657"},{"taxonomy":"set_winetype_cat","embeddable":true,"href":"https:\/\/www.vinodis.com\/nl\/wp-json\/wp\/v2\/set_winetype_cat?post=38657"},{"taxonomy":"product_brand","embeddable":true,"href":"https:\/\/www.vinodis.com\/nl\/wp-json\/wp\/v2\/product_brand?post=38657"},{"taxonomy":"product_cat","embeddable":true,"href":"https:\/\/www.vinodis.com\/nl\/wp-json\/wp\/v2\/product_cat?post=38657"},{"taxonomy":"product_tag","embeddable":true,"href":"https:\/\/www.vinodis.com\/nl\/wp-json\/wp\/v2\/product_tag?post=38657"}],"curies":[{"name":"wp","href":"https:\/\/api.w.org\/{rel}","templated":true}]}}