{"id":38656,"date":"2026-02-12T09:34:45","date_gmt":"2026-02-12T09:34:45","guid":{"rendered":"https:\/\/www.vinodis.com\/?post_type=product&#038;p=38656"},"modified":"2026-04-16T07:38:31","modified_gmt":"2026-04-16T07:38:31","slug":"bardolino-doc","status":"publish","type":"product","link":"https:\/\/www.vinodis.com\/nl\/product\/bardolino-doc\/","title":{"rendered":"Bardolino DOC"},"content":{"rendered":"<p>De kleur van deze Bardolino is robijnrood en vrij doorschijnend.<\/p>\n<p>De neus is expressief en delicaat, gedomineerd door aroma's van vers rood fruit.<\/p>\n<p>La <span style=\"font-size: 1rem\">Het gehemelte is licht, soepel en droog. <\/span><span style=\"font-size: 1rem\">De zuurgraad voegt een heerlijke frisheid toe waardoor hij gemakkelijk drinkt.<\/span><\/p>\n<p>De wijn die zorgt dat je meer wilt!<\/p>\n<p>Te betalen met <strong>Lunch-Pass van Sodexo<\/strong> en <strong>Monizze lunchbonnen<\/strong>.<\/p>\n<p>Als je andere soorten cheques wilt gebruiken, neem dan contact met ons op: <a href=\"mailto:vi*****@*****is.com\" data-original-string=\"5hp\/0I6QgNh4578CrOoJ9g==51bHLuz9Puz4VSnTkePdAfcqeLabg7s2uRl6Wf8eTAiH4c=\" title=\"Dit contact is gecodeerd door Anti-Spam by CleanTalk. Klik om te decoderen. Om het decoderen te voltooien, moet JavaScript ingeschakeld zijn in je browser.\" target=\"_blank\" rel=\"nofollow noopener\"><span \n                data-original-string='HV5GnpiMX5SS2nTjpalV6Q==51bOtiFVLU79j56mZSsBXpm4vO03hO\/qCrbcDRsXX4rth4='\n                class='apbct-email-encoder'\n                title='Dit contact is gecodeerd door Anti-Spam by CleanTalk. Klik om te decoderen. Om het decoderen te voltooien, moet JavaScript ingeschakeld zijn in je browser.'>vi<span class=\"apbct-blur\">*****<\/span>@<span class=\"apbct-blur\">*****<\/span>is.com<\/span><\/a><\/p>","protected":false},"excerpt":{"rendered":"<p>La robe de ce Bardolino est rouge rubis et plut\u00f4t translucide. Le nez est\u00a0expressif et d\u00e9licat, domin\u00e9 par des ar\u00f4mes de fruits rouges frais. La bouche est l\u00e9g\u00e8re, souple et s\u00e8che. L&rsquo;acidit\u00e9 apporte une belle fra\u00eecheur lui apporte une belle buvabilit\u00e9. Le vin qui donne envie de se resservir ! Payable avec les Lunch-Pass de [&hellip;]<\/p>\n","protected":false},"featured_media":37014,"comment_status":"closed","ping_status":"closed","template":"","meta":{"_acf_changed":false},"set_accompanying_cat":[1941,1878,1849,2073,1888],"beer_cat":[],"alcohol_cat":[],"wine_cat":[1855],"grapes_cat":[2160,2224,2161],"fournisseur":[],"regions_cat":[2009],"set_winetype_cat":[3046],"product_brand":[],"product_cat":[240],"product_tag":[],"class_list":{"0":"post-38656","1":"product","2":"type-product","3":"status-publish","4":"has-post-thumbnail","6":"set_accompanying_cat-aperitif","7":"set_accompanying_cat-charcuteries-et-salaisons","8":"set_accompanying_cat-fromages-doux","9":"set_accompanying_cat-poissons-en-sauce","10":"set_accompanying_cat-viandes-blanches","11":"wine_cat-fruite","12":"grapes_cat-corvina","13":"grapes_cat-corvinone","14":"grapes_cat-rondinella","15":"regions_cat-veneto","16":"set_winetype_cat-rouge","17":"product_cat-vins","19":"first","20":"outofstock","21":"taxable","22":"shipping-taxable","23":"purchasable","24":"product-type-simple"},"acf":[],"_links":{"self":[{"href":"https:\/\/www.vinodis.com\/nl\/wp-json\/wp\/v2\/product\/38656","targetHints":{"allow":["GET"]}}],"collection":[{"href":"https:\/\/www.vinodis.com\/nl\/wp-json\/wp\/v2\/product"}],"about":[{"href":"https:\/\/www.vinodis.com\/nl\/wp-json\/wp\/v2\/types\/product"}],"replies":[{"embeddable":true,"href":"https:\/\/www.vinodis.com\/nl\/wp-json\/wp\/v2\/comments?post=38656"}],"wp:featuredmedia":[{"embeddable":true,"href":"https:\/\/www.vinodis.com\/nl\/wp-json\/wp\/v2\/media\/37014"}],"wp:attachment":[{"href":"https:\/\/www.vinodis.com\/nl\/wp-json\/wp\/v2\/media?parent=38656"}],"wp:term":[{"taxonomy":"set_accompanying_cat","embeddable":true,"href":"https:\/\/www.vinodis.com\/nl\/wp-json\/wp\/v2\/set_accompanying_cat?post=38656"},{"taxonomy":"beer_cat","embeddable":true,"href":"https:\/\/www.vinodis.com\/nl\/wp-json\/wp\/v2\/beer_cat?post=38656"},{"taxonomy":"alcohol_cat","embeddable":true,"href":"https:\/\/www.vinodis.com\/nl\/wp-json\/wp\/v2\/alcohol_cat?post=38656"},{"taxonomy":"wine_cat","embeddable":true,"href":"https:\/\/www.vinodis.com\/nl\/wp-json\/wp\/v2\/wine_cat?post=38656"},{"taxonomy":"grapes_cat","embeddable":true,"href":"https:\/\/www.vinodis.com\/nl\/wp-json\/wp\/v2\/grapes_cat?post=38656"},{"taxonomy":"fournisseur","embeddable":true,"href":"https:\/\/www.vinodis.com\/nl\/wp-json\/wp\/v2\/fournisseur?post=38656"},{"taxonomy":"regions_cat","embeddable":true,"href":"https:\/\/www.vinodis.com\/nl\/wp-json\/wp\/v2\/regions_cat?post=38656"},{"taxonomy":"set_winetype_cat","embeddable":true,"href":"https:\/\/www.vinodis.com\/nl\/wp-json\/wp\/v2\/set_winetype_cat?post=38656"},{"taxonomy":"product_brand","embeddable":true,"href":"https:\/\/www.vinodis.com\/nl\/wp-json\/wp\/v2\/product_brand?post=38656"},{"taxonomy":"product_cat","embeddable":true,"href":"https:\/\/www.vinodis.com\/nl\/wp-json\/wp\/v2\/product_cat?post=38656"},{"taxonomy":"product_tag","embeddable":true,"href":"https:\/\/www.vinodis.com\/nl\/wp-json\/wp\/v2\/product_tag?post=38656"}],"curies":[{"name":"wp","href":"https:\/\/api.w.org\/{rel}","templated":true}]}}