{"id":38655,"date":"2026-02-12T09:34:45","date_gmt":"2026-02-12T09:34:45","guid":{"rendered":"https:\/\/www.vinodis.com\/?post_type=product&#038;p=38655"},"modified":"2026-02-12T09:34:53","modified_gmt":"2026-02-12T09:34:53","slug":"cote-du-roussillon-les-sorcieres-clos-des-fees","status":"publish","type":"product","link":"https:\/\/www.vinodis.com\/nl\/product\/cote-du-roussillon-les-sorcieres-clos-des-fees\/","title":{"rendered":"C\u00f4te du Roussillon Les Sorci\u00e8res (Clos des F\u00e9es)"},"content":{"rendered":"<p>De kleur van C\u00f4te du Roussillon is paars, dicht met paarsachtige tinten.<\/p>\n<p>De neus is zeer expressief waar o<span style=\"font-size: 1rem;\">hier is een explosie van <\/span>rood fruit (kersen, frambozen)<span style=\"font-size: 1rem;\"> en <\/span>zwart<span style=\"font-size: 1rem;\"> (bramen, zwarte bessen), aangevuld met toetsen van garrigue.<\/p>\n<p>De mond\u00a0<\/span>is zijdezacht, sappig en fluweelachtig. De tannines zijn heel fijn en delicaat. De concentratie wordt gecontroleerd om een maximale drinkbaarheid te garanderen.<\/p>\n<p>De ultieme plezierwijn!<\/p>\n<p>Te betalen met <strong>Lunch-Pass van Sodexo<\/strong> en <strong>Monizze lunchbonnen<\/strong>.<\/p>\n<p>Als je andere soorten cheques wilt gebruiken, neem dan contact met ons op: <a href=\"mailto:vi*****@*****is.com\" data-original-string=\"KPbeWrjtzfkjQLpMLDj4nA==51bqrRiDAYhARmdEnLvzCREIS3UTSWBY9q531l64tfMy\/g=\" title=\"Dit contact is gecodeerd door Anti-Spam by CleanTalk. Klik om te decoderen. Om het decoderen te voltooien, moet JavaScript ingeschakeld zijn in je browser.\" target=\"_blank\" rel=\"nofollow noopener\"><span \n                data-original-string='u\/OJXy8kQGFL+rqL4UeAbQ==51bNvMX6OKUO+zg5Iag+PvgcNOvR9sjz1BL9VCD03Cnn3Y='\n                class='apbct-email-encoder'\n                title='Dit contact is gecodeerd door Anti-Spam by CleanTalk. Klik om te decoderen. Om het decoderen te voltooien, moet JavaScript ingeschakeld zijn in je browser.'>vi<span class=\"apbct-blur\">*****<\/span>@<span class=\"apbct-blur\">*****<\/span>is.com<\/span><\/a><\/p>","protected":false},"excerpt":{"rendered":"<p>Herv\u00e9 Bizeul<\/p>","protected":false},"featured_media":37013,"comment_status":"closed","ping_status":"closed","template":"","meta":{"_acf_changed":false},"set_accompanying_cat":[1992,1878,1887,1888,1977],"beer_cat":[],"alcohol_cat":[],"wine_cat":[1868,1855],"grapes_cat":[2130,2041,1988],"fournisseur":[],"regions_cat":[3288],"set_winetype_cat":[3046],"product_brand":[],"product_cat":[240],"product_tag":[],"class_list":{"0":"post-38655","1":"product","2":"type-product","3":"status-publish","4":"has-post-thumbnail","6":"set_accompanying_cat-barbecue","7":"set_accompanying_cat-charcuteries-et-salaisons","8":"set_accompanying_cat-pates","9":"set_accompanying_cat-viandes-blanches","10":"set_accompanying_cat-vin-de-meditation","11":"wine_cat-epice","12":"wine_cat-fruite","13":"grapes_cat-carignan","14":"grapes_cat-grenache","15":"grapes_cat-syrah","16":"regions_cat-cotes-du-roussillon-villages-aoc","17":"set_winetype_cat-rouge","18":"product_cat-vins","20":"first","21":"instock","22":"taxable","23":"shipping-taxable","24":"purchasable","25":"product-type-simple"},"acf":[],"_links":{"self":[{"href":"https:\/\/www.vinodis.com\/nl\/wp-json\/wp\/v2\/product\/38655","targetHints":{"allow":["GET"]}}],"collection":[{"href":"https:\/\/www.vinodis.com\/nl\/wp-json\/wp\/v2\/product"}],"about":[{"href":"https:\/\/www.vinodis.com\/nl\/wp-json\/wp\/v2\/types\/product"}],"replies":[{"embeddable":true,"href":"https:\/\/www.vinodis.com\/nl\/wp-json\/wp\/v2\/comments?post=38655"}],"wp:featuredmedia":[{"embeddable":true,"href":"https:\/\/www.vinodis.com\/nl\/wp-json\/wp\/v2\/media\/37013"}],"wp:attachment":[{"href":"https:\/\/www.vinodis.com\/nl\/wp-json\/wp\/v2\/media?parent=38655"}],"wp:term":[{"taxonomy":"set_accompanying_cat","embeddable":true,"href":"https:\/\/www.vinodis.com\/nl\/wp-json\/wp\/v2\/set_accompanying_cat?post=38655"},{"taxonomy":"beer_cat","embeddable":true,"href":"https:\/\/www.vinodis.com\/nl\/wp-json\/wp\/v2\/beer_cat?post=38655"},{"taxonomy":"alcohol_cat","embeddable":true,"href":"https:\/\/www.vinodis.com\/nl\/wp-json\/wp\/v2\/alcohol_cat?post=38655"},{"taxonomy":"wine_cat","embeddable":true,"href":"https:\/\/www.vinodis.com\/nl\/wp-json\/wp\/v2\/wine_cat?post=38655"},{"taxonomy":"grapes_cat","embeddable":true,"href":"https:\/\/www.vinodis.com\/nl\/wp-json\/wp\/v2\/grapes_cat?post=38655"},{"taxonomy":"fournisseur","embeddable":true,"href":"https:\/\/www.vinodis.com\/nl\/wp-json\/wp\/v2\/fournisseur?post=38655"},{"taxonomy":"regions_cat","embeddable":true,"href":"https:\/\/www.vinodis.com\/nl\/wp-json\/wp\/v2\/regions_cat?post=38655"},{"taxonomy":"set_winetype_cat","embeddable":true,"href":"https:\/\/www.vinodis.com\/nl\/wp-json\/wp\/v2\/set_winetype_cat?post=38655"},{"taxonomy":"product_brand","embeddable":true,"href":"https:\/\/www.vinodis.com\/nl\/wp-json\/wp\/v2\/product_brand?post=38655"},{"taxonomy":"product_cat","embeddable":true,"href":"https:\/\/www.vinodis.com\/nl\/wp-json\/wp\/v2\/product_cat?post=38655"},{"taxonomy":"product_tag","embeddable":true,"href":"https:\/\/www.vinodis.com\/nl\/wp-json\/wp\/v2\/product_tag?post=38655"}],"curies":[{"name":"wp","href":"https:\/\/api.w.org\/{rel}","templated":true}]}}