{"id":38647,"date":"2026-02-12T09:34:44","date_gmt":"2026-02-12T09:34:44","guid":{"rendered":"https:\/\/www.vinodis.com\/?post_type=product&#038;p=38647"},"modified":"2026-02-20T11:32:10","modified_gmt":"2026-02-20T11:32:10","slug":"whisky-old-pulteney-12y","status":"publish","type":"product","link":"https:\/\/www.vinodis.com\/nl\/product\/whisky-old-pulteney-12y\/","title":{"rendered":"Whisky Old Pulteney 12y"},"content":{"rendered":"<p>De kleur is goudkleurig met een vleugje amber.<\/p>\n<p>De neus is intens en complex, met citrusvruchten, vanille, een vleugje meloen en vooral jodium.<\/p>\n<p>Zacht en romig in de mond. Er is veel zoutigheid die frisheid toevoegt.<\/p>\n<p>Een zoute, fruitige whisky!<\/p>\n<p>Te betalen met <strong>Lunch-Pass van Sodexo<\/strong> en <strong>Monizze lunchbonnen<\/strong>.<\/p>\n<p>Als je andere soorten cheques wilt gebruiken, neem dan contact met ons op: <a href=\"mailto:vi*****@*****is.com\" data-original-string=\"Zb+Yn4YA4AEEL6OyKrdGaw==51bdIgqbP9a5xbB6y5KHrxZ1QVip4vZrRLhtFXksnNr8Qo=\" title=\"Dit contact is gecodeerd door Anti-Spam by CleanTalk. Klik om te decoderen. Om het decoderen te voltooien, moet JavaScript ingeschakeld zijn in je browser.\" target=\"_blank\" rel=\"nofollow noopener\"><span \n                data-original-string='nfaAGTtHaGfE7TVteHnSrQ==51b+TMai3yh488WlSgrcnqZeWnI\/rYEJ3ATmvubyxRzmic='\n                class='apbct-email-encoder'\n                title='Dit contact is gecodeerd door Anti-Spam by CleanTalk. Klik om te decoderen. Om het decoderen te voltooien, moet JavaScript ingeschakeld zijn in je browser.'>vi<span class=\"apbct-blur\">*****<\/span>@<span class=\"apbct-blur\">*****<\/span>is.com<\/span><\/a><\/p>","protected":false},"excerpt":{"rendered":"<p>La robe est dor\u00e9e avec quelques reflets ambr\u00e9s. Le nez est intense et complexe o\u00f9 on retrouve des agrumes, de la vanille, une touche de melon mais surtout l&rsquo;iode. La bouche est douce et cr\u00e9meuse. La salinit\u00e9 est assez importante et apporte de la fra\u00eecheur. Un whisky salin et fruit\u00e9 ! Payable avec les Lunch-Pass [&hellip;]<\/p>\n","protected":false},"featured_media":37006,"comment_status":"closed","ping_status":"closed","template":"","meta":{"_acf_changed":false},"set_accompanying_cat":[1952,2114],"beer_cat":[],"alcohol_cat":[],"wine_cat":[3110,1860,1855],"grapes_cat":[3189],"fournisseur":[],"regions_cat":[3312],"set_winetype_cat":[],"product_brand":[],"product_cat":[242],"product_tag":[],"class_list":{"0":"post-38647","1":"product","2":"type-product","3":"status-publish","4":"has-post-thumbnail","6":"set_accompanying_cat-digestif","7":"set_accompanying_cat-meditation","8":"wine_cat-boise","9":"wine_cat-coups-de-coeur","10":"wine_cat-fruite","11":"grapes_cat-whisky","12":"regions_cat-whisky","13":"product_cat-spiritueux","15":"first","16":"instock","17":"taxable","18":"shipping-taxable","19":"purchasable","20":"product-type-simple"},"acf":[],"_links":{"self":[{"href":"https:\/\/www.vinodis.com\/nl\/wp-json\/wp\/v2\/product\/38647","targetHints":{"allow":["GET"]}}],"collection":[{"href":"https:\/\/www.vinodis.com\/nl\/wp-json\/wp\/v2\/product"}],"about":[{"href":"https:\/\/www.vinodis.com\/nl\/wp-json\/wp\/v2\/types\/product"}],"replies":[{"embeddable":true,"href":"https:\/\/www.vinodis.com\/nl\/wp-json\/wp\/v2\/comments?post=38647"}],"wp:featuredmedia":[{"embeddable":true,"href":"https:\/\/www.vinodis.com\/nl\/wp-json\/wp\/v2\/media\/37006"}],"wp:attachment":[{"href":"https:\/\/www.vinodis.com\/nl\/wp-json\/wp\/v2\/media?parent=38647"}],"wp:term":[{"taxonomy":"set_accompanying_cat","embeddable":true,"href":"https:\/\/www.vinodis.com\/nl\/wp-json\/wp\/v2\/set_accompanying_cat?post=38647"},{"taxonomy":"beer_cat","embeddable":true,"href":"https:\/\/www.vinodis.com\/nl\/wp-json\/wp\/v2\/beer_cat?post=38647"},{"taxonomy":"alcohol_cat","embeddable":true,"href":"https:\/\/www.vinodis.com\/nl\/wp-json\/wp\/v2\/alcohol_cat?post=38647"},{"taxonomy":"wine_cat","embeddable":true,"href":"https:\/\/www.vinodis.com\/nl\/wp-json\/wp\/v2\/wine_cat?post=38647"},{"taxonomy":"grapes_cat","embeddable":true,"href":"https:\/\/www.vinodis.com\/nl\/wp-json\/wp\/v2\/grapes_cat?post=38647"},{"taxonomy":"fournisseur","embeddable":true,"href":"https:\/\/www.vinodis.com\/nl\/wp-json\/wp\/v2\/fournisseur?post=38647"},{"taxonomy":"regions_cat","embeddable":true,"href":"https:\/\/www.vinodis.com\/nl\/wp-json\/wp\/v2\/regions_cat?post=38647"},{"taxonomy":"set_winetype_cat","embeddable":true,"href":"https:\/\/www.vinodis.com\/nl\/wp-json\/wp\/v2\/set_winetype_cat?post=38647"},{"taxonomy":"product_brand","embeddable":true,"href":"https:\/\/www.vinodis.com\/nl\/wp-json\/wp\/v2\/product_brand?post=38647"},{"taxonomy":"product_cat","embeddable":true,"href":"https:\/\/www.vinodis.com\/nl\/wp-json\/wp\/v2\/product_cat?post=38647"},{"taxonomy":"product_tag","embeddable":true,"href":"https:\/\/www.vinodis.com\/nl\/wp-json\/wp\/v2\/product_tag?post=38647"}],"curies":[{"name":"wp","href":"https:\/\/api.w.org\/{rel}","templated":true}]}}