{"id":38646,"date":"2026-02-12T09:34:43","date_gmt":"2026-02-12T09:34:43","guid":{"rendered":"https:\/\/www.vinodis.com\/?post_type=product&#038;p=38646"},"modified":"2026-03-20T15:53:45","modified_gmt":"2026-03-20T15:53:45","slug":"chant-deole-cuvee-sous-bois","status":"publish","type":"product","link":"https:\/\/www.vinodis.com\/nl\/product\/chant-deole-cuvee-sous-bois\/","title":{"rendered":"Chant d'Eole Cuv\u00e9e Sous Bois"},"content":{"rendered":"<p>Deze Belgische mousserende wijn heeft een schitterende goudgele kleur. De belletjes zijn fijn en elegant.<\/p>\n<p>Dankzij de rijping op vat (uit Belgische bossen) exploderen complexe aroma's in de neus: gedroogd fruit, brioche, toetsen van boter en vanille op een citrusachtergrond.<\/p>\n<p>Het gehemelte is rijk en rond, maar toch fris, strak en mineraal.<\/p>\n<p>Een cuv\u00e9e voor kenners die goed in de kelder bewaard kan worden.<\/p>\n<p>Te betalen met <strong>Eco-Pass van Sodexo<\/strong> en <strong>Eco-Wereldmuseum Monizze<\/strong>.<\/p>\n<p>Als je andere soorten cheques wilt gebruiken, neem dan contact met ons op: <a href=\"mailto:vi*****@*****is.com\" data-original-string=\"TWxzMe\/RRnP9i01oagwG0w==51bQ4XEEWtxvVEpVGF6xmyMr7ZDApwNLo73kKHatxdr2C0=\" title=\"Dit contact is gecodeerd door Anti-Spam by CleanTalk. Klik om te decoderen. Om het decoderen te voltooien, moet JavaScript ingeschakeld zijn in je browser.\" target=\"_blank\" rel=\"nofollow noopener\"><span \n                data-original-string='ShFpZakQ9AH8Y6iuF5MPRg==51b\/1wgAXXgSv60aPeH1Grwjb8qS961SvozT5PoSfqTBUU='\n                class='apbct-email-encoder'\n                title='Dit contact is gecodeerd door Anti-Spam by CleanTalk. Klik om te decoderen. Om het decoderen te voltooien, moet JavaScript ingeschakeld zijn in je browser.'>vi<span class=\"apbct-blur\">*****<\/span>@<span class=\"apbct-blur\">*****<\/span>is.com<\/span><\/a><\/p>","protected":false},"excerpt":{"rendered":"<p>La robe de ce mousseux belge est jaune-or brillante. Les bulles sont fines et \u00e9l\u00e9gantes. Gr\u00e2ce \u00e0 l&rsquo;\u00e9levage en barrique (provenant de for\u00eats belges), des ar\u00f4mes complexes explosent au nez : Fruits secs, brioche, touches beurr\u00e9es et vanill\u00e9es sur un fond d&rsquo;agrumes. La bouche est riche et ronde tout en \u00e9tant fra\u00eeche, tendue et min\u00e9rale. [&hellip;]<\/p>\n","protected":false},"featured_media":37005,"comment_status":"closed","ping_status":"closed","template":"","meta":{"_acf_changed":false},"set_accompanying_cat":[1952,1849,2025,2114],"beer_cat":[],"alcohol_cat":[],"wine_cat":[1860],"grapes_cat":[1905],"fournisseur":[],"regions_cat":[2002],"set_winetype_cat":[3052],"product_brand":[],"product_cat":[240],"product_tag":[],"class_list":{"0":"post-38646","1":"product","2":"type-product","3":"status-publish","4":"has-post-thumbnail","6":"set_accompanying_cat-digestif","7":"set_accompanying_cat-fromages-doux","8":"set_accompanying_cat-homard","9":"set_accompanying_cat-meditation","10":"wine_cat-coups-de-coeur","11":"grapes_cat-chardonnay","12":"regions_cat-hainaut","13":"set_winetype_cat-mousseux","14":"product_cat-vins","16":"first","17":"instock","18":"taxable","19":"shipping-taxable","20":"purchasable","21":"product-type-simple"},"acf":[],"_links":{"self":[{"href":"https:\/\/www.vinodis.com\/nl\/wp-json\/wp\/v2\/product\/38646","targetHints":{"allow":["GET"]}}],"collection":[{"href":"https:\/\/www.vinodis.com\/nl\/wp-json\/wp\/v2\/product"}],"about":[{"href":"https:\/\/www.vinodis.com\/nl\/wp-json\/wp\/v2\/types\/product"}],"replies":[{"embeddable":true,"href":"https:\/\/www.vinodis.com\/nl\/wp-json\/wp\/v2\/comments?post=38646"}],"wp:featuredmedia":[{"embeddable":true,"href":"https:\/\/www.vinodis.com\/nl\/wp-json\/wp\/v2\/media\/37005"}],"wp:attachment":[{"href":"https:\/\/www.vinodis.com\/nl\/wp-json\/wp\/v2\/media?parent=38646"}],"wp:term":[{"taxonomy":"set_accompanying_cat","embeddable":true,"href":"https:\/\/www.vinodis.com\/nl\/wp-json\/wp\/v2\/set_accompanying_cat?post=38646"},{"taxonomy":"beer_cat","embeddable":true,"href":"https:\/\/www.vinodis.com\/nl\/wp-json\/wp\/v2\/beer_cat?post=38646"},{"taxonomy":"alcohol_cat","embeddable":true,"href":"https:\/\/www.vinodis.com\/nl\/wp-json\/wp\/v2\/alcohol_cat?post=38646"},{"taxonomy":"wine_cat","embeddable":true,"href":"https:\/\/www.vinodis.com\/nl\/wp-json\/wp\/v2\/wine_cat?post=38646"},{"taxonomy":"grapes_cat","embeddable":true,"href":"https:\/\/www.vinodis.com\/nl\/wp-json\/wp\/v2\/grapes_cat?post=38646"},{"taxonomy":"fournisseur","embeddable":true,"href":"https:\/\/www.vinodis.com\/nl\/wp-json\/wp\/v2\/fournisseur?post=38646"},{"taxonomy":"regions_cat","embeddable":true,"href":"https:\/\/www.vinodis.com\/nl\/wp-json\/wp\/v2\/regions_cat?post=38646"},{"taxonomy":"set_winetype_cat","embeddable":true,"href":"https:\/\/www.vinodis.com\/nl\/wp-json\/wp\/v2\/set_winetype_cat?post=38646"},{"taxonomy":"product_brand","embeddable":true,"href":"https:\/\/www.vinodis.com\/nl\/wp-json\/wp\/v2\/product_brand?post=38646"},{"taxonomy":"product_cat","embeddable":true,"href":"https:\/\/www.vinodis.com\/nl\/wp-json\/wp\/v2\/product_cat?post=38646"},{"taxonomy":"product_tag","embeddable":true,"href":"https:\/\/www.vinodis.com\/nl\/wp-json\/wp\/v2\/product_tag?post=38646"}],"curies":[{"name":"wp","href":"https:\/\/api.w.org\/{rel}","templated":true}]}}