{"id":38644,"date":"2026-02-12T09:34:43","date_gmt":"2026-02-12T09:34:43","guid":{"rendered":"https:\/\/www.vinodis.com\/?post_type=product&#038;p=38644"},"modified":"2026-02-12T10:40:24","modified_gmt":"2026-02-12T10:40:24","slug":"gin-liegin-mer-du-nord","status":"publish","type":"product","link":"https:\/\/www.vinodis.com\/nl\/product\/gin-liegin-mer-du-nord\/","title":{"rendered":"Liegin Noordzee Gin"},"content":{"rendered":"<p>Deze gecertificeerde biologische gin onderscheidt zich door zijn frisse, gejodeerde aroma's.<\/p>\n<p>Noten van chlorofyl, munt en een vleugje citrus.<\/p>\n<p>Zacht en rond in de mond, met dezelfde aroma's als in de neus.<\/p>\n<p>Een ongelooflijk frisse gin!<\/p>\n<p>Te betalen met <strong>Eco-Pass van Sodexo<\/strong> en <strong>Eco-Wereldmuseum Monizze<\/strong>.<\/p>\n<p>Als je andere soorten cheques wilt gebruiken, neem dan contact met ons op: <a href=\"mailto:vi*****@*****is.com\" data-original-string=\"X3kylyoBC\/a3JJPFYt+Ghg==51b+WuPNmljEN3pROOlBGHhHjczJopjNPrJpaWGx\/ihNB4=\" title=\"Dit contact is gecodeerd door Anti-Spam by CleanTalk. Klik om te decoderen. Om het decoderen te voltooien, moet JavaScript ingeschakeld zijn in je browser.\" target=\"_blank\" rel=\"nofollow noopener\"><span \n                data-original-string='ef5+XWs7OOUJBt6gYqm9Uw==51bKO1QQFvLlNXqjHF+UW\/p4sIa69ACxLdN3Uq8PZoX188='\n                class='apbct-email-encoder'\n                title='Dit contact is gecodeerd door Anti-Spam by CleanTalk. Klik om te decoderen. Om het decoderen te voltooien, moet JavaScript ingeschakeld zijn in je browser.'>vi<span class=\"apbct-blur\">*****<\/span>@<span class=\"apbct-blur\">*****<\/span>is.com<\/span><\/a><\/p>","protected":false},"excerpt":{"rendered":"<p>Ce Gin, certifi\u00e9 BIO, se distingue par des ar\u00f4mes iod\u00e9s et frais. On y per\u00e7oit des notes de chlorophylle, menthe ainsi qu&rsquo;une touche d&rsquo;agrumes. La bouche est douce et ronde o\u00f9 on retrouve les ar\u00f4mes pr\u00e9sents au nez. Un gin d&rsquo;une fra\u00eecheur incroyable ! Payable avec les Eco-Pass de Sodexo et Eco-Ch\u00e8que de Monizze. Si [&hellip;]<\/p>\n","protected":false},"featured_media":37003,"comment_status":"closed","ping_status":"closed","template":"","meta":{"_acf_changed":false},"set_accompanying_cat":[1941,1952,2114],"beer_cat":[],"alcohol_cat":[],"wine_cat":[1913,1860],"grapes_cat":[3211],"fournisseur":[],"regions_cat":[2328],"set_winetype_cat":[],"product_brand":[],"product_cat":[242],"product_tag":[],"class_list":{"0":"post-38644","1":"product","2":"type-product","3":"status-publish","4":"has-post-thumbnail","6":"set_accompanying_cat-aperitif","7":"set_accompanying_cat-digestif","8":"set_accompanying_cat-meditation","9":"wine_cat-bio","10":"wine_cat-coups-de-coeur","11":"grapes_cat-gin","12":"regions_cat-liege","13":"product_cat-spiritueux","15":"first","16":"instock","17":"taxable","18":"shipping-taxable","19":"purchasable","20":"product-type-simple"},"acf":[],"_links":{"self":[{"href":"https:\/\/www.vinodis.com\/nl\/wp-json\/wp\/v2\/product\/38644","targetHints":{"allow":["GET"]}}],"collection":[{"href":"https:\/\/www.vinodis.com\/nl\/wp-json\/wp\/v2\/product"}],"about":[{"href":"https:\/\/www.vinodis.com\/nl\/wp-json\/wp\/v2\/types\/product"}],"replies":[{"embeddable":true,"href":"https:\/\/www.vinodis.com\/nl\/wp-json\/wp\/v2\/comments?post=38644"}],"wp:featuredmedia":[{"embeddable":true,"href":"https:\/\/www.vinodis.com\/nl\/wp-json\/wp\/v2\/media\/37003"}],"wp:attachment":[{"href":"https:\/\/www.vinodis.com\/nl\/wp-json\/wp\/v2\/media?parent=38644"}],"wp:term":[{"taxonomy":"set_accompanying_cat","embeddable":true,"href":"https:\/\/www.vinodis.com\/nl\/wp-json\/wp\/v2\/set_accompanying_cat?post=38644"},{"taxonomy":"beer_cat","embeddable":true,"href":"https:\/\/www.vinodis.com\/nl\/wp-json\/wp\/v2\/beer_cat?post=38644"},{"taxonomy":"alcohol_cat","embeddable":true,"href":"https:\/\/www.vinodis.com\/nl\/wp-json\/wp\/v2\/alcohol_cat?post=38644"},{"taxonomy":"wine_cat","embeddable":true,"href":"https:\/\/www.vinodis.com\/nl\/wp-json\/wp\/v2\/wine_cat?post=38644"},{"taxonomy":"grapes_cat","embeddable":true,"href":"https:\/\/www.vinodis.com\/nl\/wp-json\/wp\/v2\/grapes_cat?post=38644"},{"taxonomy":"fournisseur","embeddable":true,"href":"https:\/\/www.vinodis.com\/nl\/wp-json\/wp\/v2\/fournisseur?post=38644"},{"taxonomy":"regions_cat","embeddable":true,"href":"https:\/\/www.vinodis.com\/nl\/wp-json\/wp\/v2\/regions_cat?post=38644"},{"taxonomy":"set_winetype_cat","embeddable":true,"href":"https:\/\/www.vinodis.com\/nl\/wp-json\/wp\/v2\/set_winetype_cat?post=38644"},{"taxonomy":"product_brand","embeddable":true,"href":"https:\/\/www.vinodis.com\/nl\/wp-json\/wp\/v2\/product_brand?post=38644"},{"taxonomy":"product_cat","embeddable":true,"href":"https:\/\/www.vinodis.com\/nl\/wp-json\/wp\/v2\/product_cat?post=38644"},{"taxonomy":"product_tag","embeddable":true,"href":"https:\/\/www.vinodis.com\/nl\/wp-json\/wp\/v2\/product_tag?post=38644"}],"curies":[{"name":"wp","href":"https:\/\/api.w.org\/{rel}","templated":true}]}}