{"id":38639,"date":"2026-02-12T09:34:28","date_gmt":"2026-02-12T09:34:28","guid":{"rendered":"https:\/\/www.vinodis.com\/?post_type=product&#038;p=38639"},"modified":"2026-04-16T07:38:31","modified_gmt":"2026-04-16T07:38:31","slug":"viognier-barrique","status":"publish","type":"product","link":"https:\/\/www.vinodis.com\/nl\/product\/viognier-barrique\/","title":{"rendered":"Viognier Barrique"},"content":{"rendered":"<p>De kleur is intens goudgeel.<\/p>\n<p>De neus is dicht, barstensvol rijp geel fruit zoals abrikozen, mango's en citroenen.<\/p>\n<p>Het gehemelte is smeu\u00efg, gulzig en zeer rijp.<\/p>\n<p>Deze prachtige witte wijn deed ons denken aan een jonge Condrieu.<\/p>\n<p>Te betalen met <strong>Lunch-Pass van Sodexo<\/strong> en <strong>Monizze lunchbonnen<\/strong>.<\/p>\n<p>Als je andere soorten cheques wilt gebruiken, neem dan contact met ons op: <a href=\"mailto:vi*****@*****is.com\" data-original-string=\"wBWrE5tT3CjVbyS3CuhzTA==51b2WOhCuXE30O80g0erekn\/u84rWqpVxyULgpK5p4aJtE=\" title=\"Dit contact is gecodeerd door Anti-Spam by CleanTalk. Klik om te decoderen. Om het decoderen te voltooien, moet JavaScript ingeschakeld zijn in je browser.\" target=\"_blank\" rel=\"nofollow noopener\"><span \n                data-original-string='22ZdPXjFF7e75pe4g\/fLBw==51b5AV0Ee6acGb7aj+TABw1i19UUQLiv0x3d1\/vZdrDfFs='\n                class='apbct-email-encoder'\n                title='Dit contact is gecodeerd door Anti-Spam by CleanTalk. Klik om te decoderen. Om het decoderen te voltooien, moet JavaScript ingeschakeld zijn in je browser.'>vi<span class=\"apbct-blur\">*****<\/span>@<span class=\"apbct-blur\">*****<\/span>is.com<\/span><\/a><\/p>","protected":false},"excerpt":{"rendered":"<p>La robe est jaune dor\u00e9e intense. Le nez est dense et explose de fruits jaunes m\u00fbrs comme abricots, mangues, citrons. La bouche est onctueuse, gourmande et tr\u00e8s m\u00fbre. Ce merveilleux blanc nous a fait penser \u00e0 un jeune Condrieu. Payable avec les Lunch-Pass de Sodexo et Ch\u00e8que-Repas de Monizze. Si vous souhaitez utiliser d&rsquo;autres types [&hellip;]<\/p>\n","protected":false},"featured_media":36998,"comment_status":"closed","ping_status":"closed","template":"","meta":{"_acf_changed":false},"set_accompanying_cat":[1942,1893,1953,1888],"beer_cat":[],"alcohol_cat":[],"wine_cat":[3110,1860,1855],"grapes_cat":[2098],"fournisseur":[],"regions_cat":[2097],"set_winetype_cat":[3048],"product_brand":[],"product_cat":[240],"product_tag":[],"class_list":{"0":"post-38639","1":"product","2":"type-product","3":"status-publish","4":"has-post-thumbnail","6":"set_accompanying_cat-asperges","7":"set_accompanying_cat-cuisine-asiatique","8":"set_accompanying_cat-fromages-bleus","9":"set_accompanying_cat-viandes-blanches","10":"wine_cat-boise","11":"wine_cat-coups-de-coeur","12":"wine_cat-fruite","13":"grapes_cat-viognier","14":"regions_cat-plaine-du-danube-igp","15":"set_winetype_cat-blanc","16":"product_cat-vins","18":"first","19":"outofstock","20":"taxable","21":"shipping-taxable","22":"purchasable","23":"product-type-simple"},"acf":[],"_links":{"self":[{"href":"https:\/\/www.vinodis.com\/nl\/wp-json\/wp\/v2\/product\/38639","targetHints":{"allow":["GET"]}}],"collection":[{"href":"https:\/\/www.vinodis.com\/nl\/wp-json\/wp\/v2\/product"}],"about":[{"href":"https:\/\/www.vinodis.com\/nl\/wp-json\/wp\/v2\/types\/product"}],"replies":[{"embeddable":true,"href":"https:\/\/www.vinodis.com\/nl\/wp-json\/wp\/v2\/comments?post=38639"}],"wp:featuredmedia":[{"embeddable":true,"href":"https:\/\/www.vinodis.com\/nl\/wp-json\/wp\/v2\/media\/36998"}],"wp:attachment":[{"href":"https:\/\/www.vinodis.com\/nl\/wp-json\/wp\/v2\/media?parent=38639"}],"wp:term":[{"taxonomy":"set_accompanying_cat","embeddable":true,"href":"https:\/\/www.vinodis.com\/nl\/wp-json\/wp\/v2\/set_accompanying_cat?post=38639"},{"taxonomy":"beer_cat","embeddable":true,"href":"https:\/\/www.vinodis.com\/nl\/wp-json\/wp\/v2\/beer_cat?post=38639"},{"taxonomy":"alcohol_cat","embeddable":true,"href":"https:\/\/www.vinodis.com\/nl\/wp-json\/wp\/v2\/alcohol_cat?post=38639"},{"taxonomy":"wine_cat","embeddable":true,"href":"https:\/\/www.vinodis.com\/nl\/wp-json\/wp\/v2\/wine_cat?post=38639"},{"taxonomy":"grapes_cat","embeddable":true,"href":"https:\/\/www.vinodis.com\/nl\/wp-json\/wp\/v2\/grapes_cat?post=38639"},{"taxonomy":"fournisseur","embeddable":true,"href":"https:\/\/www.vinodis.com\/nl\/wp-json\/wp\/v2\/fournisseur?post=38639"},{"taxonomy":"regions_cat","embeddable":true,"href":"https:\/\/www.vinodis.com\/nl\/wp-json\/wp\/v2\/regions_cat?post=38639"},{"taxonomy":"set_winetype_cat","embeddable":true,"href":"https:\/\/www.vinodis.com\/nl\/wp-json\/wp\/v2\/set_winetype_cat?post=38639"},{"taxonomy":"product_brand","embeddable":true,"href":"https:\/\/www.vinodis.com\/nl\/wp-json\/wp\/v2\/product_brand?post=38639"},{"taxonomy":"product_cat","embeddable":true,"href":"https:\/\/www.vinodis.com\/nl\/wp-json\/wp\/v2\/product_cat?post=38639"},{"taxonomy":"product_tag","embeddable":true,"href":"https:\/\/www.vinodis.com\/nl\/wp-json\/wp\/v2\/product_tag?post=38639"}],"curies":[{"name":"wp","href":"https:\/\/api.w.org\/{rel}","templated":true}]}}