{"id":38638,"date":"2026-02-12T09:34:28","date_gmt":"2026-02-12T09:34:28","guid":{"rendered":"https:\/\/www.vinodis.com\/?post_type=product&#038;p=38638"},"modified":"2026-03-04T14:16:04","modified_gmt":"2026-03-04T14:16:04","slug":"le-grand-noir-rose","status":"publish","type":"product","link":"https:\/\/www.vinodis.com\/nl\/product\/le-grand-noir-rose\/","title":{"rendered":"Ros\u00e9 Grand Noir"},"content":{"rendered":"<p>De kleur van deze ros\u00e9 is bleek met zalmkleurige accenten.<\/p>\n<p>De neus is intens en fris, gedomineerd door rood fruit (framboos, aalbes) en een paar peperige tonen.<\/p>\n<p>Het gehemelte is gul en fris.<\/p>\n<p>Een frisse ros\u00e9!<\/p>\n<p>Te betalen met <strong>Lunch-Pass van Sodexo<\/strong> en <strong>Monizze lunchbonnen<\/strong>.<\/p>\n<p>Als je andere soorten cheques wilt gebruiken, neem dan contact met ons op: <a href=\"mailto:vi*****@*****is.com\" data-original-string=\"8CTkVO7EpDGkIU09KsHDWQ==51bqvSUgi7Hzg7LLSOy3NYLpKrrIHf0FekhECDQcTdvHTM=\" title=\"Dit contact is gecodeerd door Anti-Spam by CleanTalk. Klik om te decoderen. Om het decoderen te voltooien, moet JavaScript ingeschakeld zijn in je browser.\" target=\"_blank\" rel=\"nofollow noopener\"><span \n                data-original-string='WUaJCNM5mh40vDix1YNysw==51bUibxTupaWLrd51r8dMAu9RBkbxOlldBwzb7WAMuly\/Q='\n                class='apbct-email-encoder'\n                title='Dit contact is gecodeerd door Anti-Spam by CleanTalk. Klik om te decoderen. Om het decoderen te voltooien, moet JavaScript ingeschakeld zijn in je browser.'>vi<span class=\"apbct-blur\">*****<\/span>@<span class=\"apbct-blur\">*****<\/span>is.com<\/span><\/a><\/p>","protected":false},"excerpt":{"rendered":"<p>La robe de ce ros\u00e9 est p\u00e2le avec quelques reflets saumon\u00e9s. Le nez est intense est frais, domin\u00e9 par les fruits rouges (framboise, groseille) et quelques notes poivr\u00e9es. La bouche est g\u00e9n\u00e9reuse et fra\u00eeche. Un ros\u00e9 croquant ! Payable avec les Lunch-Pass de Sodexo et Ch\u00e8que-Repas de Monizze. Si vous souhaitez utiliser d&rsquo;autres types de [&hellip;]<\/p>\n","protected":false},"featured_media":36997,"comment_status":"closed","ping_status":"closed","template":"","meta":{"_acf_changed":false},"set_accompanying_cat":[1941,1849,1888],"beer_cat":[],"alcohol_cat":[],"wine_cat":[1855],"grapes_cat":[2041,1988],"fournisseur":[],"regions_cat":[2125],"set_winetype_cat":[3051],"product_brand":[],"product_cat":[240],"product_tag":[],"class_list":{"0":"post-38638","1":"product","2":"type-product","3":"status-publish","4":"has-post-thumbnail","6":"set_accompanying_cat-aperitif","7":"set_accompanying_cat-fromages-doux","8":"set_accompanying_cat-viandes-blanches","9":"wine_cat-fruite","10":"grapes_cat-grenache","11":"grapes_cat-syrah","12":"regions_cat-languedoc-roussillon","13":"set_winetype_cat-rose","14":"product_cat-vins","16":"first","17":"instock","18":"taxable","19":"shipping-taxable","20":"purchasable","21":"product-type-simple"},"acf":[],"_links":{"self":[{"href":"https:\/\/www.vinodis.com\/nl\/wp-json\/wp\/v2\/product\/38638","targetHints":{"allow":["GET"]}}],"collection":[{"href":"https:\/\/www.vinodis.com\/nl\/wp-json\/wp\/v2\/product"}],"about":[{"href":"https:\/\/www.vinodis.com\/nl\/wp-json\/wp\/v2\/types\/product"}],"replies":[{"embeddable":true,"href":"https:\/\/www.vinodis.com\/nl\/wp-json\/wp\/v2\/comments?post=38638"}],"wp:featuredmedia":[{"embeddable":true,"href":"https:\/\/www.vinodis.com\/nl\/wp-json\/wp\/v2\/media\/36997"}],"wp:attachment":[{"href":"https:\/\/www.vinodis.com\/nl\/wp-json\/wp\/v2\/media?parent=38638"}],"wp:term":[{"taxonomy":"set_accompanying_cat","embeddable":true,"href":"https:\/\/www.vinodis.com\/nl\/wp-json\/wp\/v2\/set_accompanying_cat?post=38638"},{"taxonomy":"beer_cat","embeddable":true,"href":"https:\/\/www.vinodis.com\/nl\/wp-json\/wp\/v2\/beer_cat?post=38638"},{"taxonomy":"alcohol_cat","embeddable":true,"href":"https:\/\/www.vinodis.com\/nl\/wp-json\/wp\/v2\/alcohol_cat?post=38638"},{"taxonomy":"wine_cat","embeddable":true,"href":"https:\/\/www.vinodis.com\/nl\/wp-json\/wp\/v2\/wine_cat?post=38638"},{"taxonomy":"grapes_cat","embeddable":true,"href":"https:\/\/www.vinodis.com\/nl\/wp-json\/wp\/v2\/grapes_cat?post=38638"},{"taxonomy":"fournisseur","embeddable":true,"href":"https:\/\/www.vinodis.com\/nl\/wp-json\/wp\/v2\/fournisseur?post=38638"},{"taxonomy":"regions_cat","embeddable":true,"href":"https:\/\/www.vinodis.com\/nl\/wp-json\/wp\/v2\/regions_cat?post=38638"},{"taxonomy":"set_winetype_cat","embeddable":true,"href":"https:\/\/www.vinodis.com\/nl\/wp-json\/wp\/v2\/set_winetype_cat?post=38638"},{"taxonomy":"product_brand","embeddable":true,"href":"https:\/\/www.vinodis.com\/nl\/wp-json\/wp\/v2\/product_brand?post=38638"},{"taxonomy":"product_cat","embeddable":true,"href":"https:\/\/www.vinodis.com\/nl\/wp-json\/wp\/v2\/product_cat?post=38638"},{"taxonomy":"product_tag","embeddable":true,"href":"https:\/\/www.vinodis.com\/nl\/wp-json\/wp\/v2\/product_tag?post=38638"}],"curies":[{"name":"wp","href":"https:\/\/api.w.org\/{rel}","templated":true}]}}