{"id":38637,"date":"2026-02-12T09:34:28","date_gmt":"2026-02-12T09:34:28","guid":{"rendered":"https:\/\/www.vinodis.com\/?post_type=product&#038;p=38637"},"modified":"2026-04-18T14:16:28","modified_gmt":"2026-04-18T14:16:28","slug":"syrah-le-grand-noir","status":"publish","type":"product","link":"https:\/\/www.vinodis.com\/nl\/product\/syrah-le-grand-noir\/","title":{"rendered":"Syrah Grand Noir"},"content":{"rendered":"<p>De kleur van deze Syrah is robijnrood met enkele paarsachtige tinten.<\/p>\n<p>De neus is intens, gedomineerd door zwart fruit en kruiden.<\/p>\n<p>Dicht, gestructureerd en krachtig in de mond. De tannines zijn soepel en zijdezacht.<\/p>\n<p>Waar voor je geld!<\/p>\n<p>Te betalen met <strong>Lunch-Pass van Sodexo<\/strong> en <strong>Monizze lunchbonnen<\/strong>.<\/p>\n<p>Als je andere soorten cheques wilt gebruiken, neem dan contact met ons op: <a href=\"mailto:vi*****@*****is.com\" data-original-string=\"3pLTZDR1wowEi4vYF0kWpg==51b7d4Tlq5W2VjlyCJgiG4hAI33R2BXQBdoSfzCzOeUO6o=\" title=\"Dit contact is gecodeerd door Anti-Spam by CleanTalk. Klik om te decoderen. Om het decoderen te voltooien, moet JavaScript ingeschakeld zijn in je browser.\" target=\"_blank\" rel=\"nofollow noopener\"><span \n                data-original-string='C3y7Qn9WXzPR3y7EizOVOw==51b\/GZVKAgQeqpkr\/JAV5MlASWE2SgdA36tvnzqLzm2V18='\n                class='apbct-email-encoder'\n                title='Dit contact is gecodeerd door Anti-Spam by CleanTalk. Klik om te decoderen. Om het decoderen te voltooien, moet JavaScript ingeschakeld zijn in je browser.'>vi<span class=\"apbct-blur\">*****<\/span>@<span class=\"apbct-blur\">*****<\/span>is.com<\/span><\/a><\/p>","protected":false},"excerpt":{"rendered":"<p>La robe de cette Syrah est rouge rubis avec quelques reflets violac\u00e9s. Le nez est intense, domin\u00e9s par les fruits noirs et les \u00e9pices. La bouche est dense, structur\u00e9e et puissante. Les tanins sont souples et soyeux. Un rapport qualit\u00e9-prix ahurissant ! Payable avec les Lunch-Pass de Sodexo et Ch\u00e8que-Repas de Monizze. Si vous souhaitez [&hellip;]<\/p>\n","protected":false},"featured_media":36966,"comment_status":"closed","ping_status":"closed","template":"","meta":{"_acf_changed":false},"set_accompanying_cat":[1879,1916],"beer_cat":[],"alcohol_cat":[],"wine_cat":[1855],"grapes_cat":[1988],"fournisseur":[],"regions_cat":[2125],"set_winetype_cat":[3046],"product_brand":[],"product_cat":[240],"product_tag":[],"class_list":{"0":"post-38637","1":"product","2":"type-product","3":"status-publish","4":"has-post-thumbnail","6":"set_accompanying_cat-grillades","7":"set_accompanying_cat-viandes-rouges","8":"wine_cat-fruite","9":"grapes_cat-syrah","10":"regions_cat-languedoc-roussillon","11":"set_winetype_cat-rouge","12":"product_cat-vins","14":"first","15":"instock","16":"taxable","17":"shipping-taxable","18":"purchasable","19":"product-type-simple"},"acf":[],"_links":{"self":[{"href":"https:\/\/www.vinodis.com\/nl\/wp-json\/wp\/v2\/product\/38637","targetHints":{"allow":["GET"]}}],"collection":[{"href":"https:\/\/www.vinodis.com\/nl\/wp-json\/wp\/v2\/product"}],"about":[{"href":"https:\/\/www.vinodis.com\/nl\/wp-json\/wp\/v2\/types\/product"}],"replies":[{"embeddable":true,"href":"https:\/\/www.vinodis.com\/nl\/wp-json\/wp\/v2\/comments?post=38637"}],"wp:featuredmedia":[{"embeddable":true,"href":"https:\/\/www.vinodis.com\/nl\/wp-json\/wp\/v2\/media\/36966"}],"wp:attachment":[{"href":"https:\/\/www.vinodis.com\/nl\/wp-json\/wp\/v2\/media?parent=38637"}],"wp:term":[{"taxonomy":"set_accompanying_cat","embeddable":true,"href":"https:\/\/www.vinodis.com\/nl\/wp-json\/wp\/v2\/set_accompanying_cat?post=38637"},{"taxonomy":"beer_cat","embeddable":true,"href":"https:\/\/www.vinodis.com\/nl\/wp-json\/wp\/v2\/beer_cat?post=38637"},{"taxonomy":"alcohol_cat","embeddable":true,"href":"https:\/\/www.vinodis.com\/nl\/wp-json\/wp\/v2\/alcohol_cat?post=38637"},{"taxonomy":"wine_cat","embeddable":true,"href":"https:\/\/www.vinodis.com\/nl\/wp-json\/wp\/v2\/wine_cat?post=38637"},{"taxonomy":"grapes_cat","embeddable":true,"href":"https:\/\/www.vinodis.com\/nl\/wp-json\/wp\/v2\/grapes_cat?post=38637"},{"taxonomy":"fournisseur","embeddable":true,"href":"https:\/\/www.vinodis.com\/nl\/wp-json\/wp\/v2\/fournisseur?post=38637"},{"taxonomy":"regions_cat","embeddable":true,"href":"https:\/\/www.vinodis.com\/nl\/wp-json\/wp\/v2\/regions_cat?post=38637"},{"taxonomy":"set_winetype_cat","embeddable":true,"href":"https:\/\/www.vinodis.com\/nl\/wp-json\/wp\/v2\/set_winetype_cat?post=38637"},{"taxonomy":"product_brand","embeddable":true,"href":"https:\/\/www.vinodis.com\/nl\/wp-json\/wp\/v2\/product_brand?post=38637"},{"taxonomy":"product_cat","embeddable":true,"href":"https:\/\/www.vinodis.com\/nl\/wp-json\/wp\/v2\/product_cat?post=38637"},{"taxonomy":"product_tag","embeddable":true,"href":"https:\/\/www.vinodis.com\/nl\/wp-json\/wp\/v2\/product_tag?post=38637"}],"curies":[{"name":"wp","href":"https:\/\/api.w.org\/{rel}","templated":true}]}}