{"id":38591,"date":"2026-02-12T09:34:08","date_gmt":"2026-02-12T09:34:08","guid":{"rendered":"https:\/\/www.vinodis.com\/?post_type=product&#038;p=38591"},"modified":"2026-04-16T07:38:31","modified_gmt":"2026-04-16T07:38:31","slug":"bolgheri-sassicaia-2022","status":"publish","type":"product","link":"https:\/\/www.vinodis.com\/nl\/product\/bolgheri-sassicaia-2022\/","title":{"rendered":"Bolgheri Sassicaia 2022"},"content":{"rendered":"<p>Robijnrood van kleur.<\/p>\n<p>In de neus heeft hij fijne aroma's van wilde bessen, cederhout en specerijen.<\/p>\n<p>Het gehemelte is soepel en verfijnd, met edele, elegante tannines. De afdronk is een spiegelbeeld van het gehemelte.<\/p>\n<p>Een wijn met veel persoonlijkheid en klasse.<\/p>\n<p>Te betalen met <strong>Sodexo Lunch-Pass en Monizze maaltijdcheques<\/strong>.<\/p>\n<p>Als je andere soorten cheques wilt gebruiken, neem dan contact met ons op: <a href=\"mailto:vi*****@*****is.com\" data-original-string=\"anFBhzxcDFywCRyM91R4Mg==51bTAWy+U9EE26IK16odr8d8CQhyIToPjMWh\/66q1kXYO4=\" title=\"Dit contact is gecodeerd door Anti-Spam by CleanTalk. Klik om te decoderen. Om het decoderen te voltooien, moet JavaScript ingeschakeld zijn in je browser.\"><span \n                data-original-string='lYBhQPCqnxXXnkLSKsCiHQ==51b0F5F55ShWIrzyh5vY1HXY7\/tbAhPy9uGRzedTsyG5KA='\n                class='apbct-email-encoder'\n                title='Dit contact is gecodeerd door Anti-Spam by CleanTalk. Klik om te decoderen. Om het decoderen te voltooien, moet JavaScript ingeschakeld zijn in je browser.'>vi<span class=\"apbct-blur\">*****<\/span>@<span class=\"apbct-blur\">*****<\/span>is.com<\/span><\/a><\/p>","protected":false},"excerpt":{"rendered":"<p>Vin de couleur rouge rubis. Au nez, il pr\u00e9sente des ar\u00f4mes fins de fruits des bois, de bois de c\u00e8dre et d\u00b4\u00e9pices. La bouche est souple et raffin\u00e9e, avec des tannins nobles et \u00e9l\u00e9gants. La finale est \u00e0 l\u00b4image de la bouche. Un vin avec beaucoup de personnalit\u00e9 et de classe. Payable avec les Lunch-Pass [&hellip;]<\/p>\n","protected":false},"featured_media":35994,"comment_status":"closed","ping_status":"closed","template":"","meta":{"_acf_changed":false},"set_accompanying_cat":[1849,2114],"beer_cat":[],"alcohol_cat":[],"wine_cat":[3110,1868],"grapes_cat":[2033,1884],"fournisseur":[],"regions_cat":[2032],"set_winetype_cat":[3046],"product_brand":[],"product_cat":[240],"product_tag":[],"class_list":{"0":"post-38591","1":"product","2":"type-product","3":"status-publish","4":"has-post-thumbnail","6":"set_accompanying_cat-fromages-doux","7":"set_accompanying_cat-meditation","8":"wine_cat-boise","9":"wine_cat-epice","10":"grapes_cat-cabernet-franc","11":"grapes_cat-cabernet-sauvignon","12":"regions_cat-bolgheri","13":"set_winetype_cat-rouge","14":"product_cat-vins","16":"first","17":"instock","18":"taxable","19":"shipping-taxable","20":"purchasable","21":"product-type-simple"},"acf":[],"_links":{"self":[{"href":"https:\/\/www.vinodis.com\/nl\/wp-json\/wp\/v2\/product\/38591","targetHints":{"allow":["GET"]}}],"collection":[{"href":"https:\/\/www.vinodis.com\/nl\/wp-json\/wp\/v2\/product"}],"about":[{"href":"https:\/\/www.vinodis.com\/nl\/wp-json\/wp\/v2\/types\/product"}],"replies":[{"embeddable":true,"href":"https:\/\/www.vinodis.com\/nl\/wp-json\/wp\/v2\/comments?post=38591"}],"wp:featuredmedia":[{"embeddable":true,"href":"https:\/\/www.vinodis.com\/nl\/wp-json\/wp\/v2\/media\/35994"}],"wp:attachment":[{"href":"https:\/\/www.vinodis.com\/nl\/wp-json\/wp\/v2\/media?parent=38591"}],"wp:term":[{"taxonomy":"set_accompanying_cat","embeddable":true,"href":"https:\/\/www.vinodis.com\/nl\/wp-json\/wp\/v2\/set_accompanying_cat?post=38591"},{"taxonomy":"beer_cat","embeddable":true,"href":"https:\/\/www.vinodis.com\/nl\/wp-json\/wp\/v2\/beer_cat?post=38591"},{"taxonomy":"alcohol_cat","embeddable":true,"href":"https:\/\/www.vinodis.com\/nl\/wp-json\/wp\/v2\/alcohol_cat?post=38591"},{"taxonomy":"wine_cat","embeddable":true,"href":"https:\/\/www.vinodis.com\/nl\/wp-json\/wp\/v2\/wine_cat?post=38591"},{"taxonomy":"grapes_cat","embeddable":true,"href":"https:\/\/www.vinodis.com\/nl\/wp-json\/wp\/v2\/grapes_cat?post=38591"},{"taxonomy":"fournisseur","embeddable":true,"href":"https:\/\/www.vinodis.com\/nl\/wp-json\/wp\/v2\/fournisseur?post=38591"},{"taxonomy":"regions_cat","embeddable":true,"href":"https:\/\/www.vinodis.com\/nl\/wp-json\/wp\/v2\/regions_cat?post=38591"},{"taxonomy":"set_winetype_cat","embeddable":true,"href":"https:\/\/www.vinodis.com\/nl\/wp-json\/wp\/v2\/set_winetype_cat?post=38591"},{"taxonomy":"product_brand","embeddable":true,"href":"https:\/\/www.vinodis.com\/nl\/wp-json\/wp\/v2\/product_brand?post=38591"},{"taxonomy":"product_cat","embeddable":true,"href":"https:\/\/www.vinodis.com\/nl\/wp-json\/wp\/v2\/product_cat?post=38591"},{"taxonomy":"product_tag","embeddable":true,"href":"https:\/\/www.vinodis.com\/nl\/wp-json\/wp\/v2\/product_tag?post=38591"}],"curies":[{"name":"wp","href":"https:\/\/api.w.org\/{rel}","templated":true}]}}