{"id":38576,"date":"2026-02-12T09:33:51","date_gmt":"2026-02-12T09:33:51","guid":{"rendered":"https:\/\/www.vinodis.com\/?post_type=product&#038;p=38576"},"modified":"2026-04-11T09:58:11","modified_gmt":"2026-04-11T09:58:11","slug":"magnum-chardonnay-morillon","status":"publish","type":"product","link":"https:\/\/www.vinodis.com\/nl\/product\/magnum-chardonnay-morillon\/","title":{"rendered":"Magnum Chardonnay Morillon"},"content":{"rendered":"<p>Deze witte Chardonnay heeft een gouden kleur.<\/p>\n<p>In de neus ruik je rozijnen, kweeperenpasta, karamel en sinaasappelschil.<\/p>\n<p>In de mond is de wijn lichtjes vet en lichtjes zoet, maar vooral evenwichtig dankzij zijn frisheid en soepelheid.<\/p>\n<p>Een wijn die niemand onverschillig laat!<\/p>\n<p>Te betalen met <strong>Sodexo Lunch-Pass en Monizze maaltijdcheques<\/strong>.<\/p>\n<p>Als je andere soorten cheques wilt gebruiken, neem dan contact met ons op: <a href=\"mailto:vi*****@*****is.com\" data-original-string=\"PBt9BLlvOcxU28ZCrmP3gg==51bxC85jvwPumufPED9Nk\/58oWXmTmNYROMDXAkbu7sC7g=\" title=\"Dit contact is gecodeerd door Anti-Spam by CleanTalk. Klik om te decoderen. Om het decoderen te voltooien, moet JavaScript ingeschakeld zijn in je browser.\"><span \n                data-original-string='GAJMFApu7a85FdAxYU4TRw==51bdN7UiwfitSTfhJ3WY5Clok+mLBsX7COD+LPNpMYasw8='\n                class='apbct-email-encoder'\n                title='Dit contact is gecodeerd door Anti-Spam by CleanTalk. Klik om te decoderen. Om het decoderen te voltooien, moet JavaScript ingeschakeld zijn in je browser.'>vi<span class=\"apbct-blur\">*****<\/span>@<span class=\"apbct-blur\">*****<\/span>is.com<\/span><\/a><\/p>","protected":false},"excerpt":{"rendered":"<p>Ce Chardonnay blanc offre une robe dor\u00e9e. Au nez, vous sentirez des ar\u00f4mes de raisins secs, de p\u00e2te de coing, de caramel, d\u00b4\u00e9corces d\u00b4orange. En bouche, le vin affiche un l\u00e9ger gras, ainsi qu\u00b4une l\u00e9g\u00e8re sucrosit\u00e9 mais surtout un bel \u00e9quilibre de par sa fra\u00eecheur et sa souplesse. Un vin qui ne laisse pas insensible [&hellip;]<\/p>\n","protected":false},"featured_media":35754,"comment_status":"closed","ping_status":"closed","template":"","meta":{"_acf_changed":false},"set_accompanying_cat":[1992,1849,1938,1856,1857,1888,1859],"beer_cat":[],"alcohol_cat":[],"wine_cat":[3110,1855],"grapes_cat":[1905],"fournisseur":[3332],"regions_cat":[2125],"set_winetype_cat":[3048],"product_brand":[],"product_cat":[240],"product_tag":[],"class_list":{"0":"post-38576","1":"product","2":"type-product","3":"status-publish","4":"has-post-thumbnail","6":"set_accompanying_cat-barbecue","7":"set_accompanying_cat-fromages-doux","8":"set_accompanying_cat-grillades-de-poissons","9":"set_accompanying_cat-porc","10":"set_accompanying_cat-terrines","11":"set_accompanying_cat-viandes-blanches","12":"set_accompanying_cat-volaille","13":"wine_cat-boise","14":"wine_cat-fruite","15":"grapes_cat-chardonnay","16":"fournisseur-jeff-carrel","17":"regions_cat-languedoc-roussillon","18":"set_winetype_cat-blanc","19":"product_cat-vins","21":"first","22":"instock","23":"taxable","24":"shipping-taxable","25":"purchasable","26":"product-type-simple"},"acf":[],"_links":{"self":[{"href":"https:\/\/www.vinodis.com\/nl\/wp-json\/wp\/v2\/product\/38576","targetHints":{"allow":["GET"]}}],"collection":[{"href":"https:\/\/www.vinodis.com\/nl\/wp-json\/wp\/v2\/product"}],"about":[{"href":"https:\/\/www.vinodis.com\/nl\/wp-json\/wp\/v2\/types\/product"}],"replies":[{"embeddable":true,"href":"https:\/\/www.vinodis.com\/nl\/wp-json\/wp\/v2\/comments?post=38576"}],"wp:featuredmedia":[{"embeddable":true,"href":"https:\/\/www.vinodis.com\/nl\/wp-json\/wp\/v2\/media\/35754"}],"wp:attachment":[{"href":"https:\/\/www.vinodis.com\/nl\/wp-json\/wp\/v2\/media?parent=38576"}],"wp:term":[{"taxonomy":"set_accompanying_cat","embeddable":true,"href":"https:\/\/www.vinodis.com\/nl\/wp-json\/wp\/v2\/set_accompanying_cat?post=38576"},{"taxonomy":"beer_cat","embeddable":true,"href":"https:\/\/www.vinodis.com\/nl\/wp-json\/wp\/v2\/beer_cat?post=38576"},{"taxonomy":"alcohol_cat","embeddable":true,"href":"https:\/\/www.vinodis.com\/nl\/wp-json\/wp\/v2\/alcohol_cat?post=38576"},{"taxonomy":"wine_cat","embeddable":true,"href":"https:\/\/www.vinodis.com\/nl\/wp-json\/wp\/v2\/wine_cat?post=38576"},{"taxonomy":"grapes_cat","embeddable":true,"href":"https:\/\/www.vinodis.com\/nl\/wp-json\/wp\/v2\/grapes_cat?post=38576"},{"taxonomy":"fournisseur","embeddable":true,"href":"https:\/\/www.vinodis.com\/nl\/wp-json\/wp\/v2\/fournisseur?post=38576"},{"taxonomy":"regions_cat","embeddable":true,"href":"https:\/\/www.vinodis.com\/nl\/wp-json\/wp\/v2\/regions_cat?post=38576"},{"taxonomy":"set_winetype_cat","embeddable":true,"href":"https:\/\/www.vinodis.com\/nl\/wp-json\/wp\/v2\/set_winetype_cat?post=38576"},{"taxonomy":"product_brand","embeddable":true,"href":"https:\/\/www.vinodis.com\/nl\/wp-json\/wp\/v2\/product_brand?post=38576"},{"taxonomy":"product_cat","embeddable":true,"href":"https:\/\/www.vinodis.com\/nl\/wp-json\/wp\/v2\/product_cat?post=38576"},{"taxonomy":"product_tag","embeddable":true,"href":"https:\/\/www.vinodis.com\/nl\/wp-json\/wp\/v2\/product_tag?post=38576"}],"curies":[{"name":"wp","href":"https:\/\/api.w.org\/{rel}","templated":true}]}}