{"id":38569,"date":"2026-02-12T09:33:50","date_gmt":"2026-02-12T09:33:50","guid":{"rendered":"https:\/\/www.vinodis.com\/?post_type=product&#038;p=38569"},"modified":"2026-04-16T07:38:30","modified_gmt":"2026-04-16T07:38:30","slug":"magnum-pantera","status":"publish","type":"product","link":"https:\/\/www.vinodis.com\/nl\/product\/magnum-pantera\/","title":{"rendered":"Pantera Magnum"},"content":{"rendered":"<p>Een karmijnrode wijn.<\/p>\n<p>Elegantie en concentratie van rijp fruit. Tonen van zwart fruit, kruiden, munt en vanille.<\/p>\n<p>De tannines zijn soepel en in balans met precies de juiste hoeveelheid zuur.<\/p>\n<p>Een krachtige, elegante wijn<\/p>\n<p>Te betalen met <strong>Eco-Pass van Sodexo en Eco-Ch\u00e8que van Monizze<\/strong>.<\/p>\n<p>Als je andere soorten cheques wilt gebruiken, neem dan contact met ons op: <a href=\"mailto:vi*****@*****is.com\" data-original-string=\"EuScSY15DWshQu1ek8kUeQ==51bDuQsU8nhBRsrMAd5S5ZFc\/1wx5st5WUusGRbcHowpBo=\" title=\"Dit contact is gecodeerd door Anti-Spam by CleanTalk. Klik om te decoderen. Om het decoderen te voltooien, moet JavaScript ingeschakeld zijn in je browser.\" data-loopstyle=\"link\"><span \n                data-original-string='br7WtuSL7kIdP0syqrVTYA==51bb1CGVfgI+aNEfAuHekoI61Gl\/ib3rpzCOBswq18H9gI='\n                class='apbct-email-encoder'\n                title='Dit contact is gecodeerd door Anti-Spam by CleanTalk. Klik om te decoderen. Om het decoderen te voltooien, moet JavaScript ingeschakeld zijn in je browser.'>vi<span class=\"apbct-blur\">*****<\/span>@<span class=\"apbct-blur\">*****<\/span>is.com<\/span><\/a><\/p>","protected":false},"excerpt":{"rendered":"<p>Vin de couleur rouge pourpre. \u00c9l\u00e9gance et concentration de fruits m\u00fbrs. Notes de fruits noirs, d\u00b4\u00e9pices, de menthe et de vanille. Les tannins sont souples et \u00e9quilibr\u00e9s par une juste acidit\u00e9. Un vin puissant et \u00e9l\u00e9gant Payable avec les Eco-Pass de Sodexo et Eco-Ch\u00e8que de Monizze. Si vous souhaitez utiliser d&rsquo;autres types de ch\u00e8ques, contactez-nous [&hellip;]<\/p>\n","protected":false},"featured_media":35522,"comment_status":"closed","ping_status":"closed","template":"","meta":{"_acf_changed":false},"set_accompanying_cat":[1992,1867,1916],"beer_cat":[],"alcohol_cat":[],"wine_cat":[1913,3110,1860],"grapes_cat":[1854,1915,1884],"fournisseur":[],"regions_cat":[1914],"set_winetype_cat":[3046],"product_brand":[],"product_cat":[240],"product_tag":[],"class_list":{"0":"post-38569","1":"product","2":"type-product","3":"status-publish","4":"has-post-thumbnail","6":"set_accompanying_cat-barbecue","7":"set_accompanying_cat-viandes-dagneau-et-de-mouton","8":"set_accompanying_cat-viandes-rouges","9":"wine_cat-bio","10":"wine_cat-boise","11":"wine_cat-coups-de-coeur","12":"grapes_cat-barbera","13":"grapes_cat-bonarda","14":"grapes_cat-cabernet-sauvignon","15":"regions_cat-terra-di-veleia-igp","16":"set_winetype_cat-rouge","17":"product_cat-vins","19":"first","20":"outofstock","21":"taxable","22":"shipping-taxable","23":"purchasable","24":"product-type-simple"},"acf":[],"_links":{"self":[{"href":"https:\/\/www.vinodis.com\/nl\/wp-json\/wp\/v2\/product\/38569","targetHints":{"allow":["GET"]}}],"collection":[{"href":"https:\/\/www.vinodis.com\/nl\/wp-json\/wp\/v2\/product"}],"about":[{"href":"https:\/\/www.vinodis.com\/nl\/wp-json\/wp\/v2\/types\/product"}],"replies":[{"embeddable":true,"href":"https:\/\/www.vinodis.com\/nl\/wp-json\/wp\/v2\/comments?post=38569"}],"wp:featuredmedia":[{"embeddable":true,"href":"https:\/\/www.vinodis.com\/nl\/wp-json\/wp\/v2\/media\/35522"}],"wp:attachment":[{"href":"https:\/\/www.vinodis.com\/nl\/wp-json\/wp\/v2\/media?parent=38569"}],"wp:term":[{"taxonomy":"set_accompanying_cat","embeddable":true,"href":"https:\/\/www.vinodis.com\/nl\/wp-json\/wp\/v2\/set_accompanying_cat?post=38569"},{"taxonomy":"beer_cat","embeddable":true,"href":"https:\/\/www.vinodis.com\/nl\/wp-json\/wp\/v2\/beer_cat?post=38569"},{"taxonomy":"alcohol_cat","embeddable":true,"href":"https:\/\/www.vinodis.com\/nl\/wp-json\/wp\/v2\/alcohol_cat?post=38569"},{"taxonomy":"wine_cat","embeddable":true,"href":"https:\/\/www.vinodis.com\/nl\/wp-json\/wp\/v2\/wine_cat?post=38569"},{"taxonomy":"grapes_cat","embeddable":true,"href":"https:\/\/www.vinodis.com\/nl\/wp-json\/wp\/v2\/grapes_cat?post=38569"},{"taxonomy":"fournisseur","embeddable":true,"href":"https:\/\/www.vinodis.com\/nl\/wp-json\/wp\/v2\/fournisseur?post=38569"},{"taxonomy":"regions_cat","embeddable":true,"href":"https:\/\/www.vinodis.com\/nl\/wp-json\/wp\/v2\/regions_cat?post=38569"},{"taxonomy":"set_winetype_cat","embeddable":true,"href":"https:\/\/www.vinodis.com\/nl\/wp-json\/wp\/v2\/set_winetype_cat?post=38569"},{"taxonomy":"product_brand","embeddable":true,"href":"https:\/\/www.vinodis.com\/nl\/wp-json\/wp\/v2\/product_brand?post=38569"},{"taxonomy":"product_cat","embeddable":true,"href":"https:\/\/www.vinodis.com\/nl\/wp-json\/wp\/v2\/product_cat?post=38569"},{"taxonomy":"product_tag","embeddable":true,"href":"https:\/\/www.vinodis.com\/nl\/wp-json\/wp\/v2\/product_tag?post=38569"}],"curies":[{"name":"wp","href":"https:\/\/api.w.org\/{rel}","templated":true}]}}