{"id":38568,"date":"2026-02-12T09:33:50","date_gmt":"2026-02-12T09:33:50","guid":{"rendered":"https:\/\/www.vinodis.com\/?post_type=product&#038;p=38568"},"modified":"2026-04-16T07:38:30","modified_gmt":"2026-04-16T07:38:30","slug":"grillo-riserva-aralto","status":"publish","type":"product","link":"https:\/\/www.vinodis.com\/nl\/product\/grillo-riserva-aralto\/","title":{"rendered":"Grillo Riserva Aralto"},"content":{"rendered":"<p>De jurk van deze Grillo Aralto is j<span style=\"font-size: 1rem\">aune paille clair.<\/p>\n<p>De neus zit vol met aroma's van wit fruit (perzik), bloemen en citrusvruchten.<\/p>\n<p>Vol en gul in de mond, met goede zuren om de rondheid van de wijn in balans te brengen.<\/span><\/p>\n<p>Een zeer aangename wijn om op tafel te zetten!<\/p>\n<p>Te betalen met <strong>Sodexo Lunch-Pass en Monizze maaltijdcheques<\/strong>.<\/p>\n<p>Als je andere soorten cheques wilt gebruiken, neem dan contact met ons op: <a href=\"mailto:vi*****@*****is.com\" data-original-string=\"4uUA\/pFqJK0EKDi5+GWMTg==51bIgg8+87sAJrEtKhF5eKjxDLAMv++wfPQTS6jSfGjoRo=\" title=\"Dit contact is gecodeerd door Anti-Spam by CleanTalk. Klik om te decoderen. Om het decoderen te voltooien, moet JavaScript ingeschakeld zijn in je browser.\"><span \n                data-original-string='y3ejzsqvinccEWY69UVrZQ==51bMx+4IpDiyB9FFRhCNokXb6w41Sr2KCSqH5MhZeGgwKs='\n                class='apbct-email-encoder'\n                title='Dit contact is gecodeerd door Anti-Spam by CleanTalk. Klik om te decoderen. Om het decoderen te voltooien, moet JavaScript ingeschakeld zijn in je browser.'>vi<span class=\"apbct-blur\">*****<\/span>@<span class=\"apbct-blur\">*****<\/span>is.com<\/span><\/a><\/p>","protected":false},"excerpt":{"rendered":"<p>La robe de ce Grillo Aralto est jaune paille clair. La nez regorge d&rsquo;ar\u00f4mes de fruits blancs (p\u00eache), florales, agrumes. La bouche est ample et g\u00e9n\u00e9reuse avec une bonne acidit\u00e9 qui \u00e9quilibre la rondeur du vin. Un vin tr\u00e8s agr\u00e9able sur une table ! Payable avec les Lunch-Pass de Sodexo et Ch\u00e8que-Repas de Monizze. Si [&hellip;]<\/p>\n","protected":false},"featured_media":36859,"comment_status":"closed","ping_status":"closed","template":"","meta":{"_acf_changed":false},"set_accompanying_cat":[1893,1849,1938,1888],"beer_cat":[],"alcohol_cat":[],"wine_cat":[3110,1860],"grapes_cat":[2312],"fournisseur":[],"regions_cat":[2043],"set_winetype_cat":[3048],"product_brand":[],"product_cat":[240],"product_tag":[],"class_list":{"0":"post-38568","1":"product","2":"type-product","3":"status-publish","4":"has-post-thumbnail","6":"set_accompanying_cat-cuisine-asiatique","7":"set_accompanying_cat-fromages-doux","8":"set_accompanying_cat-grillades-de-poissons","9":"set_accompanying_cat-viandes-blanches","10":"wine_cat-boise","11":"wine_cat-coups-de-coeur","12":"grapes_cat-grillo","13":"regions_cat-sicilia-igt","14":"set_winetype_cat-blanc","15":"product_cat-vins","17":"first","18":"instock","19":"taxable","20":"shipping-taxable","21":"purchasable","22":"product-type-simple"},"acf":[],"_links":{"self":[{"href":"https:\/\/www.vinodis.com\/nl\/wp-json\/wp\/v2\/product\/38568","targetHints":{"allow":["GET"]}}],"collection":[{"href":"https:\/\/www.vinodis.com\/nl\/wp-json\/wp\/v2\/product"}],"about":[{"href":"https:\/\/www.vinodis.com\/nl\/wp-json\/wp\/v2\/types\/product"}],"replies":[{"embeddable":true,"href":"https:\/\/www.vinodis.com\/nl\/wp-json\/wp\/v2\/comments?post=38568"}],"wp:featuredmedia":[{"embeddable":true,"href":"https:\/\/www.vinodis.com\/nl\/wp-json\/wp\/v2\/media\/36859"}],"wp:attachment":[{"href":"https:\/\/www.vinodis.com\/nl\/wp-json\/wp\/v2\/media?parent=38568"}],"wp:term":[{"taxonomy":"set_accompanying_cat","embeddable":true,"href":"https:\/\/www.vinodis.com\/nl\/wp-json\/wp\/v2\/set_accompanying_cat?post=38568"},{"taxonomy":"beer_cat","embeddable":true,"href":"https:\/\/www.vinodis.com\/nl\/wp-json\/wp\/v2\/beer_cat?post=38568"},{"taxonomy":"alcohol_cat","embeddable":true,"href":"https:\/\/www.vinodis.com\/nl\/wp-json\/wp\/v2\/alcohol_cat?post=38568"},{"taxonomy":"wine_cat","embeddable":true,"href":"https:\/\/www.vinodis.com\/nl\/wp-json\/wp\/v2\/wine_cat?post=38568"},{"taxonomy":"grapes_cat","embeddable":true,"href":"https:\/\/www.vinodis.com\/nl\/wp-json\/wp\/v2\/grapes_cat?post=38568"},{"taxonomy":"fournisseur","embeddable":true,"href":"https:\/\/www.vinodis.com\/nl\/wp-json\/wp\/v2\/fournisseur?post=38568"},{"taxonomy":"regions_cat","embeddable":true,"href":"https:\/\/www.vinodis.com\/nl\/wp-json\/wp\/v2\/regions_cat?post=38568"},{"taxonomy":"set_winetype_cat","embeddable":true,"href":"https:\/\/www.vinodis.com\/nl\/wp-json\/wp\/v2\/set_winetype_cat?post=38568"},{"taxonomy":"product_brand","embeddable":true,"href":"https:\/\/www.vinodis.com\/nl\/wp-json\/wp\/v2\/product_brand?post=38568"},{"taxonomy":"product_cat","embeddable":true,"href":"https:\/\/www.vinodis.com\/nl\/wp-json\/wp\/v2\/product_cat?post=38568"},{"taxonomy":"product_tag","embeddable":true,"href":"https:\/\/www.vinodis.com\/nl\/wp-json\/wp\/v2\/product_tag?post=38568"}],"curies":[{"name":"wp","href":"https:\/\/api.w.org\/{rel}","templated":true}]}}