{"id":38554,"date":"2026-02-12T09:33:37","date_gmt":"2026-02-12T09:33:37","guid":{"rendered":"https:\/\/www.vinodis.com\/?post_type=product&#038;p=38554"},"modified":"2026-02-12T10:40:25","modified_gmt":"2026-02-12T10:40:25","slug":"rhum-barcelo-mizunara-cask-finish","status":"publish","type":"product","link":"https:\/\/www.vinodis.com\/nl\/product\/rhum-barcelo-mizunara-cask-finish\/","title":{"rendered":"Barcelo Mizunara Fust Finish Rum"},"content":{"rendered":"<p>Deze heerlijke rum heeft een amberkleur met koperen accenten.<\/p>\n<p>De neus is complex en verfijnd, met fijne houttonen, vanille en een vleugje gember.<\/p>\n<p>De aanzet in de mond is zacht en fijn. Er zijn hints van vanille en toast. De afdronk is lang en aanhoudend.<\/p>\n<p>Een fijne, droge, zachte rum.<\/p>\n<p>Te betalen met <strong>Lunch-Pass van Sodexo<\/strong> en <strong>Monizze lunchbonnen<\/strong>.<\/p>\n<p>Als je andere soorten cheques wilt gebruiken, neem dan contact met ons op: <a href=\"mailto:vi*****@*****is.com\" data-original-string=\"PaORy8MGYTDHBqU1eWxxBQ==51bFKyTNca\/GZ0M4vh7ywekDU4WPS5CXTfqknKT8CxHOGE=\" title=\"Dit contact is gecodeerd door Anti-Spam by CleanTalk. Klik om te decoderen. Om het decoderen te voltooien, moet JavaScript ingeschakeld zijn in je browser.\"><span \n                data-original-string='pkWsV8qtu9eYU0v2823KtQ==51bUDVKY8hcvmnf4MPqKNzHeQvrGtzgtftVK9GskbdFLoo='\n                class='apbct-email-encoder'\n                title='Dit contact is gecodeerd door Anti-Spam by CleanTalk. Klik om te decoderen. Om het decoderen te voltooien, moet JavaScript ingeschakeld zijn in je browser.'>vi<span class=\"apbct-blur\">*****<\/span>@<span class=\"apbct-blur\">*****<\/span>is.com<\/span><\/a><\/p>","protected":false},"excerpt":{"rendered":"<p>La robe de ce tr\u00e8s joli rhum est ambr\u00e9 avec des reflets cuivr\u00e9s. Le nez est complexe et raffin\u00e9 entre de fines notes bois\u00e9es, de vanille ainsi qu&rsquo;une petite touche de gingembre. L&rsquo;attaque en bouche est onctueuse et fine. On y retrouve des touches de vanille et toast\u00e9es. La finale est longue et persistante. Un [&hellip;]<\/p>\n","protected":false},"featured_media":36847,"comment_status":"closed","ping_status":"closed","template":"","meta":{"_acf_changed":false},"set_accompanying_cat":[1996,1952,2114],"beer_cat":[],"alcohol_cat":[],"wine_cat":[3110,1868],"grapes_cat":[3186],"fournisseur":[],"regions_cat":[3310],"set_winetype_cat":[],"product_brand":[],"product_cat":[242],"product_tag":[],"class_list":{"0":"post-38554","1":"product","2":"type-product","3":"status-publish","4":"has-post-thumbnail","6":"set_accompanying_cat-chocolat","7":"set_accompanying_cat-digestif","8":"set_accompanying_cat-meditation","9":"wine_cat-boise","10":"wine_cat-epice","11":"grapes_cat-rhum","12":"regions_cat-rhum","13":"product_cat-spiritueux","15":"first","16":"instock","17":"taxable","18":"shipping-taxable","19":"purchasable","20":"product-type-simple"},"acf":[],"_links":{"self":[{"href":"https:\/\/www.vinodis.com\/nl\/wp-json\/wp\/v2\/product\/38554","targetHints":{"allow":["GET"]}}],"collection":[{"href":"https:\/\/www.vinodis.com\/nl\/wp-json\/wp\/v2\/product"}],"about":[{"href":"https:\/\/www.vinodis.com\/nl\/wp-json\/wp\/v2\/types\/product"}],"replies":[{"embeddable":true,"href":"https:\/\/www.vinodis.com\/nl\/wp-json\/wp\/v2\/comments?post=38554"}],"wp:featuredmedia":[{"embeddable":true,"href":"https:\/\/www.vinodis.com\/nl\/wp-json\/wp\/v2\/media\/36847"}],"wp:attachment":[{"href":"https:\/\/www.vinodis.com\/nl\/wp-json\/wp\/v2\/media?parent=38554"}],"wp:term":[{"taxonomy":"set_accompanying_cat","embeddable":true,"href":"https:\/\/www.vinodis.com\/nl\/wp-json\/wp\/v2\/set_accompanying_cat?post=38554"},{"taxonomy":"beer_cat","embeddable":true,"href":"https:\/\/www.vinodis.com\/nl\/wp-json\/wp\/v2\/beer_cat?post=38554"},{"taxonomy":"alcohol_cat","embeddable":true,"href":"https:\/\/www.vinodis.com\/nl\/wp-json\/wp\/v2\/alcohol_cat?post=38554"},{"taxonomy":"wine_cat","embeddable":true,"href":"https:\/\/www.vinodis.com\/nl\/wp-json\/wp\/v2\/wine_cat?post=38554"},{"taxonomy":"grapes_cat","embeddable":true,"href":"https:\/\/www.vinodis.com\/nl\/wp-json\/wp\/v2\/grapes_cat?post=38554"},{"taxonomy":"fournisseur","embeddable":true,"href":"https:\/\/www.vinodis.com\/nl\/wp-json\/wp\/v2\/fournisseur?post=38554"},{"taxonomy":"regions_cat","embeddable":true,"href":"https:\/\/www.vinodis.com\/nl\/wp-json\/wp\/v2\/regions_cat?post=38554"},{"taxonomy":"set_winetype_cat","embeddable":true,"href":"https:\/\/www.vinodis.com\/nl\/wp-json\/wp\/v2\/set_winetype_cat?post=38554"},{"taxonomy":"product_brand","embeddable":true,"href":"https:\/\/www.vinodis.com\/nl\/wp-json\/wp\/v2\/product_brand?post=38554"},{"taxonomy":"product_cat","embeddable":true,"href":"https:\/\/www.vinodis.com\/nl\/wp-json\/wp\/v2\/product_cat?post=38554"},{"taxonomy":"product_tag","embeddable":true,"href":"https:\/\/www.vinodis.com\/nl\/wp-json\/wp\/v2\/product_tag?post=38554"}],"curies":[{"name":"wp","href":"https:\/\/api.w.org\/{rel}","templated":true}]}}