{"id":38551,"date":"2026-02-12T09:33:36","date_gmt":"2026-02-12T09:33:36","guid":{"rendered":"https:\/\/www.vinodis.com\/?post_type=product&#038;p=38551"},"modified":"2026-02-12T09:33:45","modified_gmt":"2026-02-12T09:33:45","slug":"cabernet-danjou-douce-evasion-domaine-bougrie","status":"publish","type":"product","link":"https:\/\/www.vinodis.com\/nl\/product\/cabernet-danjou-douce-evasion-domaine-bougrie\/","title":{"rendered":"Cabernet d'Anjou Douce Evasion (Domaine Bougrie)"},"content":{"rendered":"<p>Deze Cabernet d'Anjou is een halfdroge ros\u00e9 (meer fruitig dan zoet) met een heldere zalmkleur.<\/p>\n<p>In de neus vind je tonen van rode bessen (aardbei, aalbes).<\/p>\n<p>Het gehemelte is gulzig en fruitig.<\/p>\n<p>Een ros\u00e9 om te vieren<\/p>\n<p>Te betalen met <strong>Sodexo Lunch-Pass en Monizze maaltijdcheques<\/strong>.<\/p>\n<p>Als je andere soorten cheques wilt gebruiken, neem dan contact met ons op: <a href=\"mailto:vi*****@*****is.com\" data-original-string=\"uegWmmX29K7yKr\/6lPRKhA==51bF0yGUb40cMkD4NRPjPT54MWXYrEixSpmqDRDcJZTFB0=\" title=\"Dit contact is gecodeerd door Anti-Spam by CleanTalk. Klik om te decoderen. Om het decoderen te voltooien, moet JavaScript ingeschakeld zijn in je browser.\"><span \n                data-original-string='xD79+iHXi7WHVZ83gHkRIw==51bFDfyLy4a0Mv4GZMDDiDPGW45so+vAJAgBUWALK99zHQ='\n                class='apbct-email-encoder'\n                title='Dit contact is gecodeerd door Anti-Spam by CleanTalk. Klik om te decoderen. Om het decoderen te voltooien, moet JavaScript ingeschakeld zijn in je browser.'>vi<span class=\"apbct-blur\">*****<\/span>@<span class=\"apbct-blur\">*****<\/span>is.com<\/span><\/a><\/p>","protected":false},"excerpt":{"rendered":"<p>Ce Cabernet d&rsquo;Anjou est un ros\u00e9 demi-sec (plut\u00f4t fruit\u00e9 que sucr\u00e9) dont la robe est lumineuse et de couleur saumon\u00e9e. Au nez, vous retrouverez des notes de petits fruits rouges (fraise, groseille). La bouche est gourmande et fruit\u00e9e. Un ros\u00e9 pour faire la f\u00eate Payable avec les Lunch-Pass de Sodexo et Ch\u00e8que-Repas de Monizze. Si [&hellip;]<\/p>\n","protected":false},"featured_media":36844,"comment_status":"closed","ping_status":"closed","template":"","meta":{"_acf_changed":false},"set_accompanying_cat":[1941,1893,1951,1938,1888],"beer_cat":[],"alcohol_cat":[],"wine_cat":[1860,1855],"grapes_cat":[2033],"fournisseur":[],"regions_cat":[3290],"set_winetype_cat":[3051],"product_brand":[],"product_cat":[240],"product_tag":[],"class_list":{"0":"post-38551","1":"product","2":"type-product","3":"status-publish","4":"has-post-thumbnail","6":"set_accompanying_cat-aperitif","7":"set_accompanying_cat-cuisine-asiatique","8":"set_accompanying_cat-desserts","9":"set_accompanying_cat-grillades-de-poissons","10":"set_accompanying_cat-viandes-blanches","11":"wine_cat-coups-de-coeur","12":"wine_cat-fruite","13":"grapes_cat-cabernet-franc","14":"regions_cat-cabernet-danjou-loire","15":"set_winetype_cat-rose","16":"product_cat-vins","18":"first","19":"instock","20":"taxable","21":"shipping-taxable","22":"purchasable","23":"product-type-simple"},"acf":[],"_links":{"self":[{"href":"https:\/\/www.vinodis.com\/nl\/wp-json\/wp\/v2\/product\/38551","targetHints":{"allow":["GET"]}}],"collection":[{"href":"https:\/\/www.vinodis.com\/nl\/wp-json\/wp\/v2\/product"}],"about":[{"href":"https:\/\/www.vinodis.com\/nl\/wp-json\/wp\/v2\/types\/product"}],"replies":[{"embeddable":true,"href":"https:\/\/www.vinodis.com\/nl\/wp-json\/wp\/v2\/comments?post=38551"}],"wp:featuredmedia":[{"embeddable":true,"href":"https:\/\/www.vinodis.com\/nl\/wp-json\/wp\/v2\/media\/36844"}],"wp:attachment":[{"href":"https:\/\/www.vinodis.com\/nl\/wp-json\/wp\/v2\/media?parent=38551"}],"wp:term":[{"taxonomy":"set_accompanying_cat","embeddable":true,"href":"https:\/\/www.vinodis.com\/nl\/wp-json\/wp\/v2\/set_accompanying_cat?post=38551"},{"taxonomy":"beer_cat","embeddable":true,"href":"https:\/\/www.vinodis.com\/nl\/wp-json\/wp\/v2\/beer_cat?post=38551"},{"taxonomy":"alcohol_cat","embeddable":true,"href":"https:\/\/www.vinodis.com\/nl\/wp-json\/wp\/v2\/alcohol_cat?post=38551"},{"taxonomy":"wine_cat","embeddable":true,"href":"https:\/\/www.vinodis.com\/nl\/wp-json\/wp\/v2\/wine_cat?post=38551"},{"taxonomy":"grapes_cat","embeddable":true,"href":"https:\/\/www.vinodis.com\/nl\/wp-json\/wp\/v2\/grapes_cat?post=38551"},{"taxonomy":"fournisseur","embeddable":true,"href":"https:\/\/www.vinodis.com\/nl\/wp-json\/wp\/v2\/fournisseur?post=38551"},{"taxonomy":"regions_cat","embeddable":true,"href":"https:\/\/www.vinodis.com\/nl\/wp-json\/wp\/v2\/regions_cat?post=38551"},{"taxonomy":"set_winetype_cat","embeddable":true,"href":"https:\/\/www.vinodis.com\/nl\/wp-json\/wp\/v2\/set_winetype_cat?post=38551"},{"taxonomy":"product_brand","embeddable":true,"href":"https:\/\/www.vinodis.com\/nl\/wp-json\/wp\/v2\/product_brand?post=38551"},{"taxonomy":"product_cat","embeddable":true,"href":"https:\/\/www.vinodis.com\/nl\/wp-json\/wp\/v2\/product_cat?post=38551"},{"taxonomy":"product_tag","embeddable":true,"href":"https:\/\/www.vinodis.com\/nl\/wp-json\/wp\/v2\/product_tag?post=38551"}],"curies":[{"name":"wp","href":"https:\/\/api.w.org\/{rel}","templated":true}]}}