{"id":38507,"date":"2026-02-12T09:33:15","date_gmt":"2026-02-12T09:33:15","guid":{"rendered":"https:\/\/www.vinodis.com\/?post_type=product&#038;p=38507"},"modified":"2026-03-23T11:42:16","modified_gmt":"2026-03-23T11:42:16","slug":"orvieto-campogrande","status":"publish","type":"product","link":"https:\/\/www.vinodis.com\/nl\/product\/orvieto-campogrande\/","title":{"rendered":"Orvieto Campogrande"},"content":{"rendered":"<p>De kleur van deze Orvieto is licht strogeel.<\/p>\n<p>De aroma's in de neus zijn voornamelijk van wit fruit (peer) en citrus.<\/p>\n<p>Fris en levendig in de mond. Hij heeft dezelfde aroma's als de neus, plus een vleugje honing. De zuren op het einde van het gehemelte geven deze wijn een levendige afdronk.<\/p>\n<p>Een zeer evenwichtige wijn!<\/p>\n<p>Te betalen met <strong>Sodexo Lunch-Pass en Monizze maaltijdcheques<\/strong>.<\/p>\n<p>Als je andere soorten cheques wilt gebruiken, neem dan contact met ons op: <a href=\"mailto:vi*****@*****is.com\" data-original-string=\"RYSKDSL9L0HBpPs4h6kZsA==51b00jMonN8Mc1MEMkPvUJ2aJgjKEZZ8mr\/CYh2laRsFsE=\" title=\"Dit contact is gecodeerd door Anti-Spam by CleanTalk. Klik om te decoderen. Om het decoderen te voltooien, moet JavaScript ingeschakeld zijn in je browser.\"><span \n                data-original-string='QPbc+skVSxJDBI3Xx1D6Tw==51bExef+vwlHzOVHg4H72IzAyK8rd0QwLycvq9fjlzOYuU='\n                class='apbct-email-encoder'\n                title='Dit contact is gecodeerd door Anti-Spam by CleanTalk. Klik om te decoderen. Om het decoderen te voltooien, moet JavaScript ingeschakeld zijn in je browser.'>vi<span class=\"apbct-blur\">*****<\/span>@<span class=\"apbct-blur\">*****<\/span>is.com<\/span><\/a><\/p>","protected":false},"excerpt":{"rendered":"<p>La robe de cet Orvieto est jaune paille claire. Les ar\u00f4mes au nez tirent principalement sur le fruit blanc (poire) et agrumes. La bouche est fra\u00eeche et vive. On y retrouve les ar\u00f4mes ressentis au nez ainsi qu&rsquo;une touche mielleuse. L&rsquo;acidit\u00e9 en fin de bouche apporte du peps \u00e0 ce vin. Un vin tr\u00e8s \u00e9quilibr\u00e9 [&hellip;]<\/p>\n","protected":false},"featured_media":36758,"comment_status":"closed","ping_status":"closed","template":"","meta":{"_acf_changed":false},"set_accompanying_cat":[1941,1892,1993,1944,1859],"beer_cat":[],"alcohol_cat":[],"wine_cat":[1860,1855],"grapes_cat":[],"fournisseur":[],"regions_cat":[2906],"set_winetype_cat":[3048],"product_brand":[],"product_cat":[240],"product_tag":[],"class_list":{"0":"post-38507","1":"product","2":"type-product","3":"status-publish","4":"has-post-thumbnail","6":"set_accompanying_cat-aperitif","7":"set_accompanying_cat-crustaces-et-coquillages","8":"set_accompanying_cat-fromages-frais","9":"set_accompanying_cat-plats-froids","10":"set_accompanying_cat-volaille","11":"wine_cat-coups-de-coeur","12":"wine_cat-fruite","13":"regions_cat-orvieto","14":"set_winetype_cat-blanc","15":"product_cat-vins","17":"first","18":"instock","19":"taxable","20":"shipping-taxable","21":"purchasable","22":"product-type-simple"},"acf":[],"_links":{"self":[{"href":"https:\/\/www.vinodis.com\/nl\/wp-json\/wp\/v2\/product\/38507","targetHints":{"allow":["GET"]}}],"collection":[{"href":"https:\/\/www.vinodis.com\/nl\/wp-json\/wp\/v2\/product"}],"about":[{"href":"https:\/\/www.vinodis.com\/nl\/wp-json\/wp\/v2\/types\/product"}],"replies":[{"embeddable":true,"href":"https:\/\/www.vinodis.com\/nl\/wp-json\/wp\/v2\/comments?post=38507"}],"wp:featuredmedia":[{"embeddable":true,"href":"https:\/\/www.vinodis.com\/nl\/wp-json\/wp\/v2\/media\/36758"}],"wp:attachment":[{"href":"https:\/\/www.vinodis.com\/nl\/wp-json\/wp\/v2\/media?parent=38507"}],"wp:term":[{"taxonomy":"set_accompanying_cat","embeddable":true,"href":"https:\/\/www.vinodis.com\/nl\/wp-json\/wp\/v2\/set_accompanying_cat?post=38507"},{"taxonomy":"beer_cat","embeddable":true,"href":"https:\/\/www.vinodis.com\/nl\/wp-json\/wp\/v2\/beer_cat?post=38507"},{"taxonomy":"alcohol_cat","embeddable":true,"href":"https:\/\/www.vinodis.com\/nl\/wp-json\/wp\/v2\/alcohol_cat?post=38507"},{"taxonomy":"wine_cat","embeddable":true,"href":"https:\/\/www.vinodis.com\/nl\/wp-json\/wp\/v2\/wine_cat?post=38507"},{"taxonomy":"grapes_cat","embeddable":true,"href":"https:\/\/www.vinodis.com\/nl\/wp-json\/wp\/v2\/grapes_cat?post=38507"},{"taxonomy":"fournisseur","embeddable":true,"href":"https:\/\/www.vinodis.com\/nl\/wp-json\/wp\/v2\/fournisseur?post=38507"},{"taxonomy":"regions_cat","embeddable":true,"href":"https:\/\/www.vinodis.com\/nl\/wp-json\/wp\/v2\/regions_cat?post=38507"},{"taxonomy":"set_winetype_cat","embeddable":true,"href":"https:\/\/www.vinodis.com\/nl\/wp-json\/wp\/v2\/set_winetype_cat?post=38507"},{"taxonomy":"product_brand","embeddable":true,"href":"https:\/\/www.vinodis.com\/nl\/wp-json\/wp\/v2\/product_brand?post=38507"},{"taxonomy":"product_cat","embeddable":true,"href":"https:\/\/www.vinodis.com\/nl\/wp-json\/wp\/v2\/product_cat?post=38507"},{"taxonomy":"product_tag","embeddable":true,"href":"https:\/\/www.vinodis.com\/nl\/wp-json\/wp\/v2\/product_tag?post=38507"}],"curies":[{"name":"wp","href":"https:\/\/api.w.org\/{rel}","templated":true}]}}