{"id":38486,"date":"2026-02-12T09:32:57","date_gmt":"2026-02-12T09:32:57","guid":{"rendered":"https:\/\/www.vinodis.com\/?post_type=product&#038;p=38486"},"modified":"2026-04-25T10:44:22","modified_gmt":"2026-04-25T10:44:22","slug":"champagne-brut-rose","status":"publish","type":"product","link":"https:\/\/www.vinodis.com\/nl\/product\/champagne-brut-rose\/","title":{"rendered":"Champagne Brut ros\u00e9"},"content":{"rendered":"<p>Deze Champagne Brut heeft een intens lichtroze kleur met hints van zalmsinaasappels. De bubbels zijn fijn en aanhoudend.<\/p>\n<p>In de neus lichte aroma's van wilde aardbeien.<\/p>\n<p>Fris en strak in de mond, met hints van rood fruit maar niet te veel en vooral geen zoetigheid.<\/p>\n<p>Een zeer droge brut ros\u00e9!<\/p>\n<p>Te betalen met <strong>Sodexo Lunch-Pass en Monizze maaltijdcheques<\/strong>.<\/p>\n<p>Als je andere soorten cheques wilt gebruiken, neem dan contact met ons op: <a href=\"mailto:vi*****@*****is.com\" data-original-string=\"r3LSrPBhb18OWddDy40CIQ==51b7FA2rkLm6kUH5D7IbjgXWMMkz\/\/3GTdKFlzqbSCjLF0=\" title=\"Dit contact is gecodeerd door Anti-Spam by CleanTalk. Klik om te decoderen. Om het decoderen te voltooien, moet JavaScript ingeschakeld zijn in je browser.\" data-loopstyle=\"link\"><span \n                data-original-string='gGRRYBpvskq2tZOwzvEpZQ==51bm2OoRv8LMoFvUPH\/VWMjkdkWWrQ7MqGlvJjMziwiy8U='\n                class='apbct-email-encoder'\n                title='Dit contact is gecodeerd door Anti-Spam by CleanTalk. Klik om te decoderen. Om het decoderen te voltooien, moet JavaScript ingeschakeld zijn in je browser.'>vi<span class=\"apbct-blur\">*****<\/span>@<span class=\"apbct-blur\">*****<\/span>is.com<\/span><\/a><\/p>","protected":false},"excerpt":{"rendered":"<p>La robe de ce Champagne Brut est ros\u00e9e clair intense tirant sur des notes oranges saumon\u00e9es. Les bulles sont fines et soutenues. Au nez, on per\u00e7oit de l\u00e9g\u00e8res ar\u00f4mes de fraises des bois. La bouche est fra\u00eeche et tendue o\u00f9 on reconnait quelques notes de fruits rouges mais sans exc\u00e8s et surtout aucune sucrosit\u00e9. Un [&hellip;]<\/p>\n","protected":false},"featured_media":36711,"comment_status":"closed","ping_status":"closed","template":"","meta":{"_acf_changed":false},"set_accompanying_cat":[1941,1951,1849,1888,1977],"beer_cat":[],"alcohol_cat":[],"wine_cat":[1855],"grapes_cat":[1905,2010],"fournisseur":[],"regions_cat":[2459],"set_winetype_cat":[3052],"product_brand":[],"product_cat":[240],"product_tag":[],"class_list":{"0":"post-38486","1":"product","2":"type-product","3":"status-publish","4":"has-post-thumbnail","6":"set_accompanying_cat-aperitif","7":"set_accompanying_cat-desserts","8":"set_accompanying_cat-fromages-doux","9":"set_accompanying_cat-viandes-blanches","10":"set_accompanying_cat-vin-de-meditation","11":"wine_cat-fruite","12":"grapes_cat-chardonnay","13":"grapes_cat-pinot-noir","14":"regions_cat-champagne-aoc","15":"set_winetype_cat-mousseux","16":"product_cat-vins","18":"first","19":"outofstock","20":"taxable","21":"shipping-taxable","22":"purchasable","23":"product-type-simple"},"acf":[],"_links":{"self":[{"href":"https:\/\/www.vinodis.com\/nl\/wp-json\/wp\/v2\/product\/38486","targetHints":{"allow":["GET"]}}],"collection":[{"href":"https:\/\/www.vinodis.com\/nl\/wp-json\/wp\/v2\/product"}],"about":[{"href":"https:\/\/www.vinodis.com\/nl\/wp-json\/wp\/v2\/types\/product"}],"replies":[{"embeddable":true,"href":"https:\/\/www.vinodis.com\/nl\/wp-json\/wp\/v2\/comments?post=38486"}],"wp:featuredmedia":[{"embeddable":true,"href":"https:\/\/www.vinodis.com\/nl\/wp-json\/wp\/v2\/media\/36711"}],"wp:attachment":[{"href":"https:\/\/www.vinodis.com\/nl\/wp-json\/wp\/v2\/media?parent=38486"}],"wp:term":[{"taxonomy":"set_accompanying_cat","embeddable":true,"href":"https:\/\/www.vinodis.com\/nl\/wp-json\/wp\/v2\/set_accompanying_cat?post=38486"},{"taxonomy":"beer_cat","embeddable":true,"href":"https:\/\/www.vinodis.com\/nl\/wp-json\/wp\/v2\/beer_cat?post=38486"},{"taxonomy":"alcohol_cat","embeddable":true,"href":"https:\/\/www.vinodis.com\/nl\/wp-json\/wp\/v2\/alcohol_cat?post=38486"},{"taxonomy":"wine_cat","embeddable":true,"href":"https:\/\/www.vinodis.com\/nl\/wp-json\/wp\/v2\/wine_cat?post=38486"},{"taxonomy":"grapes_cat","embeddable":true,"href":"https:\/\/www.vinodis.com\/nl\/wp-json\/wp\/v2\/grapes_cat?post=38486"},{"taxonomy":"fournisseur","embeddable":true,"href":"https:\/\/www.vinodis.com\/nl\/wp-json\/wp\/v2\/fournisseur?post=38486"},{"taxonomy":"regions_cat","embeddable":true,"href":"https:\/\/www.vinodis.com\/nl\/wp-json\/wp\/v2\/regions_cat?post=38486"},{"taxonomy":"set_winetype_cat","embeddable":true,"href":"https:\/\/www.vinodis.com\/nl\/wp-json\/wp\/v2\/set_winetype_cat?post=38486"},{"taxonomy":"product_brand","embeddable":true,"href":"https:\/\/www.vinodis.com\/nl\/wp-json\/wp\/v2\/product_brand?post=38486"},{"taxonomy":"product_cat","embeddable":true,"href":"https:\/\/www.vinodis.com\/nl\/wp-json\/wp\/v2\/product_cat?post=38486"},{"taxonomy":"product_tag","embeddable":true,"href":"https:\/\/www.vinodis.com\/nl\/wp-json\/wp\/v2\/product_tag?post=38486"}],"curies":[{"name":"wp","href":"https:\/\/api.w.org\/{rel}","templated":true}]}}