{"id":38485,"date":"2026-02-12T09:32:56","date_gmt":"2026-02-12T09:32:56","guid":{"rendered":"https:\/\/www.vinodis.com\/?post_type=product&#038;p=38485"},"modified":"2026-04-16T07:38:30","modified_gmt":"2026-04-16T07:38:30","slug":"champagne-brut-tradition","status":"publish","type":"product","link":"https:\/\/www.vinodis.com\/nl\/product\/champagne-brut-tradition\/","title":{"rendered":"Champagne Brut Tradition"},"content":{"rendered":"<p>Deze Champagne Brut Tradition heeft een bleekgouden kleur. De bubbels zijn fijn en aanhoudend.<\/p>\n<p>De neus is rechttoe rechtaan, met lichte citrustonen.<\/p>\n<p>Het gehemelte is evenwichtig en droog.<\/p>\n<p>Een klassieke, effectieve aperitief-champagne met een uitstekende prijs-kwaliteitverhouding.<\/p>\n<p>Te betalen met <strong>Sodexo Lunch-Pass en Monizze maaltijdcheques<\/strong>.<\/p>\n<p>Als je andere soorten cheques wilt gebruiken, neem dan contact met ons op: <a href=\"mailto:vi*****@*****is.com\" data-original-string=\"AlYlZH3xH\/yR7GJc2+TITA==51bnAk6vFz190fnIRTruhAeP9nf\/0hMxWxSL7MZaxGLHtk=\" title=\"Dit contact is gecodeerd door Anti-Spam by CleanTalk. Klik om te decoderen. Om het decoderen te voltooien, moet JavaScript ingeschakeld zijn in je browser.\" data-loopstyle=\"link\"><span \n                data-original-string='TAf7vgkPuVfjAERdbb+6wA==51bKeNbrmnqYQ5mc2WAPvNfx6up3K1RA0SrhzPeITBW93U='\n                class='apbct-email-encoder'\n                title='Dit contact is gecodeerd door Anti-Spam by CleanTalk. Klik om te decoderen. Om het decoderen te voltooien, moet JavaScript ingeschakeld zijn in je browser.'>vi<span class=\"apbct-blur\">*****<\/span>@<span class=\"apbct-blur\">*****<\/span>is.com<\/span><\/a><\/p>","protected":false},"excerpt":{"rendered":"<p>La robe de ce Champagne Brut Tradition est dor\u00e9e plut\u00f4t p\u00e2le. Les bulles sont fines et soutenues. Le nez est franc et tr\u00e8s droit avec quelques l\u00e9g\u00e8res notes d&rsquo;agrumes. La bouche est \u00e9quilibr\u00e9e et s\u00e8che. Un Champagne classique et efficace pour l&rsquo;ap\u00e9ritif avec un excellent rapport qualit\u00e9-prix. Payable avec les Lunch-Pass de Sodexo et Ch\u00e8que-Repas [&hellip;]<\/p>\n","protected":false},"featured_media":36710,"comment_status":"closed","ping_status":"closed","template":"","meta":{"_acf_changed":false},"set_accompanying_cat":[1941,1977],"beer_cat":[],"alcohol_cat":[],"wine_cat":[1855],"grapes_cat":[1905,2037,2010],"fournisseur":[],"regions_cat":[2459],"set_winetype_cat":[3052],"product_brand":[],"product_cat":[240],"product_tag":[],"class_list":{"0":"post-38485","1":"product","2":"type-product","3":"status-publish","4":"has-post-thumbnail","6":"set_accompanying_cat-aperitif","7":"set_accompanying_cat-vin-de-meditation","8":"wine_cat-fruite","9":"grapes_cat-chardonnay","10":"grapes_cat-pinot-meunier","11":"grapes_cat-pinot-noir","12":"regions_cat-champagne-aoc","13":"set_winetype_cat-mousseux","14":"product_cat-vins","16":"first","17":"outofstock","18":"featured","19":"taxable","20":"shipping-taxable","21":"purchasable","22":"product-type-simple"},"acf":[],"_links":{"self":[{"href":"https:\/\/www.vinodis.com\/nl\/wp-json\/wp\/v2\/product\/38485","targetHints":{"allow":["GET"]}}],"collection":[{"href":"https:\/\/www.vinodis.com\/nl\/wp-json\/wp\/v2\/product"}],"about":[{"href":"https:\/\/www.vinodis.com\/nl\/wp-json\/wp\/v2\/types\/product"}],"replies":[{"embeddable":true,"href":"https:\/\/www.vinodis.com\/nl\/wp-json\/wp\/v2\/comments?post=38485"}],"wp:featuredmedia":[{"embeddable":true,"href":"https:\/\/www.vinodis.com\/nl\/wp-json\/wp\/v2\/media\/36710"}],"wp:attachment":[{"href":"https:\/\/www.vinodis.com\/nl\/wp-json\/wp\/v2\/media?parent=38485"}],"wp:term":[{"taxonomy":"set_accompanying_cat","embeddable":true,"href":"https:\/\/www.vinodis.com\/nl\/wp-json\/wp\/v2\/set_accompanying_cat?post=38485"},{"taxonomy":"beer_cat","embeddable":true,"href":"https:\/\/www.vinodis.com\/nl\/wp-json\/wp\/v2\/beer_cat?post=38485"},{"taxonomy":"alcohol_cat","embeddable":true,"href":"https:\/\/www.vinodis.com\/nl\/wp-json\/wp\/v2\/alcohol_cat?post=38485"},{"taxonomy":"wine_cat","embeddable":true,"href":"https:\/\/www.vinodis.com\/nl\/wp-json\/wp\/v2\/wine_cat?post=38485"},{"taxonomy":"grapes_cat","embeddable":true,"href":"https:\/\/www.vinodis.com\/nl\/wp-json\/wp\/v2\/grapes_cat?post=38485"},{"taxonomy":"fournisseur","embeddable":true,"href":"https:\/\/www.vinodis.com\/nl\/wp-json\/wp\/v2\/fournisseur?post=38485"},{"taxonomy":"regions_cat","embeddable":true,"href":"https:\/\/www.vinodis.com\/nl\/wp-json\/wp\/v2\/regions_cat?post=38485"},{"taxonomy":"set_winetype_cat","embeddable":true,"href":"https:\/\/www.vinodis.com\/nl\/wp-json\/wp\/v2\/set_winetype_cat?post=38485"},{"taxonomy":"product_brand","embeddable":true,"href":"https:\/\/www.vinodis.com\/nl\/wp-json\/wp\/v2\/product_brand?post=38485"},{"taxonomy":"product_cat","embeddable":true,"href":"https:\/\/www.vinodis.com\/nl\/wp-json\/wp\/v2\/product_cat?post=38485"},{"taxonomy":"product_tag","embeddable":true,"href":"https:\/\/www.vinodis.com\/nl\/wp-json\/wp\/v2\/product_tag?post=38485"}],"curies":[{"name":"wp","href":"https:\/\/api.w.org\/{rel}","templated":true}]}}