{"id":38480,"date":"2026-02-12T09:32:56","date_gmt":"2026-02-12T09:32:56","guid":{"rendered":"https:\/\/www.vinodis.com\/?post_type=product&#038;p=38480"},"modified":"2026-04-16T07:38:30","modified_gmt":"2026-04-16T07:38:30","slug":"arbois-rouge-tradition","status":"publish","type":"product","link":"https:\/\/www.vinodis.com\/nl\/product\/arbois-rouge-tradition\/","title":{"rendered":"Arbois Rouge Traditie"},"content":{"rendered":"<p>De kleur van Jurawijn is kersenrood met granaatkleurige accenten.<\/p>\n<p>De neus is fruitig<span style=\"font-size: 1rem\"> en <\/span>expressief<span style=\"font-size: 1rem\"> met een dominantie van <\/span>rode bessen<span style=\"font-size: 1rem\"> (kers) met een vleugje specerijen.<\/p>\n<p>Fris en soepel in de mond. De zuurgraad is aanwezig, maar zal verdwijnen na 1 uur in de karaf of een paar jaar in de kelder.<\/span><\/p>\n<p>Een elegante wijn met een goed bewaarpotentieel!<\/p>\n<p>&nbsp;<\/p>\n<p>Te betalen met <strong>Lunch-Pass van Sodexo<\/strong> en <strong>Monizze lunchbonnen<\/strong>.<\/p>\n<p>Als je andere soorten cheques wilt gebruiken, neem dan contact met ons op: <a href=\"mailto:vi*****@*****is.com\" data-original-string=\"Q0JUv1g51RY6Hn7VutqcaQ==51bjc0jdzmr99vGdFu1xyhVFdKYB7pa\/H5OVKN\/GSlzIzU=\" title=\"Dit contact is gecodeerd door Anti-Spam by CleanTalk. Klik om te decoderen. Om het decoderen te voltooien, moet JavaScript ingeschakeld zijn in je browser.\" target=\"_blank\" rel=\"nofollow noopener\"><span \n                data-original-string='4f2DRbG5t8A1MGC0cm84Gg==51biyG+PPOJ9y5EDMksnUGEgnseZXqJs0M6OhoFUFJq5G8='\n                class='apbct-email-encoder'\n                title='Dit contact is gecodeerd door Anti-Spam by CleanTalk. Klik om te decoderen. Om het decoderen te voltooien, moet JavaScript ingeschakeld zijn in je browser.'>vi<span class=\"apbct-blur\">*****<\/span>@<span class=\"apbct-blur\">*****<\/span>is.com<\/span><\/a><\/p>","protected":false},"excerpt":{"rendered":"<p>La robe de vin du Jura est rouge cerise avec quelques reflets grenat. Le nez est fruit\u00e9 et expressif avec une dominance de fruits rouges (cerise) avec quelques notes d&rsquo;\u00e9pices. La bouche est fra\u00eeche et souple. L&rsquo;acidit\u00e9 est pr\u00e9sente mais disparaitra apr\u00e8s 1 heure de carafe ou quelques ann\u00e9es en cave. Un vin \u00e9l\u00e9gant avec [&hellip;]<\/p>\n","protected":false},"featured_media":36705,"comment_status":"closed","ping_status":"closed","template":"","meta":{"_acf_changed":false},"set_accompanying_cat":[1941,1878,1894,2073,1888],"beer_cat":[],"alcohol_cat":[],"wine_cat":[1855],"grapes_cat":[2010,2088,2534],"fournisseur":[],"regions_cat":[2083],"set_winetype_cat":[3046],"product_brand":[],"product_cat":[240],"product_tag":[],"class_list":{"0":"post-38480","1":"product","2":"type-product","3":"status-publish","4":"has-post-thumbnail","6":"set_accompanying_cat-aperitif","7":"set_accompanying_cat-charcuteries-et-salaisons","8":"set_accompanying_cat-entrees","9":"set_accompanying_cat-poissons-en-sauce","10":"set_accompanying_cat-viandes-blanches","11":"wine_cat-fruite","12":"grapes_cat-pinot-noir","13":"grapes_cat-poulsard","14":"grapes_cat-trousseau","15":"regions_cat-arbois-pupillin-aoc","16":"set_winetype_cat-rouge","17":"product_cat-vins","19":"first","20":"instock","21":"taxable","22":"shipping-taxable","23":"purchasable","24":"product-type-simple"},"acf":[],"_links":{"self":[{"href":"https:\/\/www.vinodis.com\/nl\/wp-json\/wp\/v2\/product\/38480","targetHints":{"allow":["GET"]}}],"collection":[{"href":"https:\/\/www.vinodis.com\/nl\/wp-json\/wp\/v2\/product"}],"about":[{"href":"https:\/\/www.vinodis.com\/nl\/wp-json\/wp\/v2\/types\/product"}],"replies":[{"embeddable":true,"href":"https:\/\/www.vinodis.com\/nl\/wp-json\/wp\/v2\/comments?post=38480"}],"wp:featuredmedia":[{"embeddable":true,"href":"https:\/\/www.vinodis.com\/nl\/wp-json\/wp\/v2\/media\/36705"}],"wp:attachment":[{"href":"https:\/\/www.vinodis.com\/nl\/wp-json\/wp\/v2\/media?parent=38480"}],"wp:term":[{"taxonomy":"set_accompanying_cat","embeddable":true,"href":"https:\/\/www.vinodis.com\/nl\/wp-json\/wp\/v2\/set_accompanying_cat?post=38480"},{"taxonomy":"beer_cat","embeddable":true,"href":"https:\/\/www.vinodis.com\/nl\/wp-json\/wp\/v2\/beer_cat?post=38480"},{"taxonomy":"alcohol_cat","embeddable":true,"href":"https:\/\/www.vinodis.com\/nl\/wp-json\/wp\/v2\/alcohol_cat?post=38480"},{"taxonomy":"wine_cat","embeddable":true,"href":"https:\/\/www.vinodis.com\/nl\/wp-json\/wp\/v2\/wine_cat?post=38480"},{"taxonomy":"grapes_cat","embeddable":true,"href":"https:\/\/www.vinodis.com\/nl\/wp-json\/wp\/v2\/grapes_cat?post=38480"},{"taxonomy":"fournisseur","embeddable":true,"href":"https:\/\/www.vinodis.com\/nl\/wp-json\/wp\/v2\/fournisseur?post=38480"},{"taxonomy":"regions_cat","embeddable":true,"href":"https:\/\/www.vinodis.com\/nl\/wp-json\/wp\/v2\/regions_cat?post=38480"},{"taxonomy":"set_winetype_cat","embeddable":true,"href":"https:\/\/www.vinodis.com\/nl\/wp-json\/wp\/v2\/set_winetype_cat?post=38480"},{"taxonomy":"product_brand","embeddable":true,"href":"https:\/\/www.vinodis.com\/nl\/wp-json\/wp\/v2\/product_brand?post=38480"},{"taxonomy":"product_cat","embeddable":true,"href":"https:\/\/www.vinodis.com\/nl\/wp-json\/wp\/v2\/product_cat?post=38480"},{"taxonomy":"product_tag","embeddable":true,"href":"https:\/\/www.vinodis.com\/nl\/wp-json\/wp\/v2\/product_tag?post=38480"}],"curies":[{"name":"wp","href":"https:\/\/api.w.org\/{rel}","templated":true}]}}