{"id":38467,"date":"2026-02-12T09:32:53","date_gmt":"2026-02-12T09:32:53","guid":{"rendered":"https:\/\/www.vinodis.com\/?post_type=product&#038;p=38467"},"modified":"2026-02-27T09:22:12","modified_gmt":"2026-02-27T09:22:12","slug":"soiree-cheese-and-wine-12-07","status":"publish","type":"product","link":"https:\/\/www.vinodis.com\/nl\/product\/soiree-cheese-and-wine-12-07\/","title":{"rendered":"Soir\u00e9e Cheese and Wine 12\/07"},"content":{"rendered":"<p>Nous vous invitons \u00e0 une <strong>rencontre in\u00e9dite entre vins raffin\u00e9s et fromages fins<\/strong>, soigneusement s\u00e9lectionn\u00e9s pour cr\u00e9er des accords savoureux et fondants<strong>.<\/strong><\/p>\n<p>Chaque s\u00e9lection de fromages sera accompagn\u00e9e d\u2019un vin choisi avec attention, pour vous offrir une v\u00e9ritable exp\u00e9rience gustative.<\/p>\n<p><strong>Au programme :\u00a0<\/strong><\/p>\n<p><strong>\ud83e\uddc0 <\/strong>Ambiance chaleureuse et d\u00e9tendue<\/p>\n<p><strong>\ud83e\uddc0 <\/strong>Possibilit\u00e9 d\u2019acheter vos coups de c\u0153ur fromagers sur place<\/p>\n<p><strong>\ud83e\uddc0 <\/strong>Places limit\u00e9es \u00e0 30 personnes !<\/p>\n<p><strong>Infos pratiques :\u00a0<\/strong><\/p>\n<p><strong>\ud83d\udcc6 <\/strong>Le samedi 12\/07 d\u00e8s 18h00<\/p>\n<p>\ud83c\udf9f\ufe0f Entr\u00e9e : <strong>10\u20ac\/personne<\/strong> (incluant une premi\u00e8re fl\u00fbte de Champagne)<\/p>\n<p>\ud83d\udcb3 \u00c0 r\u00e9gler au moment de la r\u00e9servation via ce lien :<\/p>\n<p>\ud83d\udccd Au bar \u00e0 vins : Rue Solvay, 86 &#8211; 7160 Chapelle-lez-Herlaimont<\/p>\n<p><strong>Lors du paiement, veillez \u00e0 choisir l&rsquo;option \u00ab\u00a0Enl\u00e8vement\u00a0\u00bb<\/strong><\/p>","protected":false},"excerpt":{"rendered":"<p>Nous vous invitons \u00e0 une rencontre in\u00e9dite entre vins raffin\u00e9s et fromages fins, soigneusement s\u00e9lectionn\u00e9s pour cr\u00e9er des accords savoureux et fondants. Chaque s\u00e9lection de fromages sera accompagn\u00e9e d\u2019un vin choisi avec attention, pour vous offrir une v\u00e9ritable exp\u00e9rience gustative. Au programme :\u00a0 \ud83e\uddc0 Ambiance chaleureuse et d\u00e9tendue \ud83e\uddc0 Possibilit\u00e9 d\u2019acheter vos coups de c\u0153ur [&hellip;]<\/p>\n","protected":false},"featured_media":36696,"comment_status":"closed","ping_status":"closed","template":"","meta":{"_acf_changed":false},"set_accompanying_cat":[],"beer_cat":[],"alcohol_cat":[],"wine_cat":[],"grapes_cat":[],"fournisseur":[],"regions_cat":[],"set_winetype_cat":[],"product_brand":[],"product_cat":[3111,3107,3105],"product_tag":[],"class_list":{"0":"post-38467","1":"product","2":"type-product","3":"status-publish","4":"has-post-thumbnail","6":"product_cat-cheque-cadeau","7":"product_cat-cours-oenologie","8":"product_cat-evenements","10":"first","11":"outofstock","12":"taxable","13":"shipping-taxable","14":"purchasable","15":"product-type-simple"},"acf":[],"_links":{"self":[{"href":"https:\/\/www.vinodis.com\/nl\/wp-json\/wp\/v2\/product\/38467","targetHints":{"allow":["GET"]}}],"collection":[{"href":"https:\/\/www.vinodis.com\/nl\/wp-json\/wp\/v2\/product"}],"about":[{"href":"https:\/\/www.vinodis.com\/nl\/wp-json\/wp\/v2\/types\/product"}],"replies":[{"embeddable":true,"href":"https:\/\/www.vinodis.com\/nl\/wp-json\/wp\/v2\/comments?post=38467"}],"wp:featuredmedia":[{"embeddable":true,"href":"https:\/\/www.vinodis.com\/nl\/wp-json\/wp\/v2\/media\/36696"}],"wp:attachment":[{"href":"https:\/\/www.vinodis.com\/nl\/wp-json\/wp\/v2\/media?parent=38467"}],"wp:term":[{"taxonomy":"set_accompanying_cat","embeddable":true,"href":"https:\/\/www.vinodis.com\/nl\/wp-json\/wp\/v2\/set_accompanying_cat?post=38467"},{"taxonomy":"beer_cat","embeddable":true,"href":"https:\/\/www.vinodis.com\/nl\/wp-json\/wp\/v2\/beer_cat?post=38467"},{"taxonomy":"alcohol_cat","embeddable":true,"href":"https:\/\/www.vinodis.com\/nl\/wp-json\/wp\/v2\/alcohol_cat?post=38467"},{"taxonomy":"wine_cat","embeddable":true,"href":"https:\/\/www.vinodis.com\/nl\/wp-json\/wp\/v2\/wine_cat?post=38467"},{"taxonomy":"grapes_cat","embeddable":true,"href":"https:\/\/www.vinodis.com\/nl\/wp-json\/wp\/v2\/grapes_cat?post=38467"},{"taxonomy":"fournisseur","embeddable":true,"href":"https:\/\/www.vinodis.com\/nl\/wp-json\/wp\/v2\/fournisseur?post=38467"},{"taxonomy":"regions_cat","embeddable":true,"href":"https:\/\/www.vinodis.com\/nl\/wp-json\/wp\/v2\/regions_cat?post=38467"},{"taxonomy":"set_winetype_cat","embeddable":true,"href":"https:\/\/www.vinodis.com\/nl\/wp-json\/wp\/v2\/set_winetype_cat?post=38467"},{"taxonomy":"product_brand","embeddable":true,"href":"https:\/\/www.vinodis.com\/nl\/wp-json\/wp\/v2\/product_brand?post=38467"},{"taxonomy":"product_cat","embeddable":true,"href":"https:\/\/www.vinodis.com\/nl\/wp-json\/wp\/v2\/product_cat?post=38467"},{"taxonomy":"product_tag","embeddable":true,"href":"https:\/\/www.vinodis.com\/nl\/wp-json\/wp\/v2\/product_tag?post=38467"}],"curies":[{"name":"wp","href":"https:\/\/api.w.org\/{rel}","templated":true}]}}