{"id":38452,"date":"2026-02-12T09:32:37","date_gmt":"2026-02-12T09:32:37","guid":{"rendered":"https:\/\/www.vinodis.com\/?post_type=product&#038;p=38452"},"modified":"2026-04-21T11:40:17","modified_gmt":"2026-04-21T11:40:17","slug":"cote-du-rhone-parallele-45","status":"publish","type":"product","link":"https:\/\/www.vinodis.com\/nl\/product\/cote-du-rhone-parallele-45\/","title":{"rendered":"C\u00f4te du Rh\u00f4ne Parall\u00e8le 45"},"content":{"rendered":"<div class=\"table-row-css\">\n<div class=\"table-cell-css vertical-align-top padding-vertical-5 nowrap padding-right-10 taille-xs color-gray-darker\">De kleur van deze C\u00f4te du Rh\u00f4ne is karmozijnrood en zeer dicht.<\/div>\n<\/div>\n<div class=\"table-row-css\">\n<div class=\"table-cell-css vertical-align-top padding-vertical-5 nowrap padding-right-10 taille-xs color-gray-darker\"><i class=\"icon-circle-o taille-xxxs\"><\/i>De neus is explosief met tonen van rood fruit (zwarte bes) en kruiden.<\/p>\n<p>Rond en fruitig in de mond, met een licht kruidige afdronk. <strong>Eco-Pass van Sodexo en Eco-Ch\u00e8que van Monizze<\/strong>.<\/p>\n<p>Als je andere soorten cheques wilt gebruiken, neem dan contact met ons op: <a href=\"mailto:vi*****@*****is.com\" data-original-string=\"Yd+feTHbUzcjrCCAAC1QIA==51bxiaD\/GqY9Hu8Ai2DLCbWl90zJrXChezMXY1uqMuG9vQ=\" title=\"Dit contact is gecodeerd door Anti-Spam by CleanTalk. Klik om te decoderen. Om het decoderen te voltooien, moet JavaScript ingeschakeld zijn in je browser.\" data-loopstyle=\"link\"><span \n                data-original-string='ShuYTLut22IQDMEKLSVHEA==51bfuX5bUhem5aBlXBcxmc0Ra4lFcVapN7\/NkxsWVzNbgY='\n                class='apbct-email-encoder'\n                title='Dit contact is gecodeerd door Anti-Spam by CleanTalk. Klik om te decoderen. Om het decoderen te voltooien, moet JavaScript ingeschakeld zijn in je browser.'>vi<span class=\"apbct-blur\">*****<\/span>@<span class=\"apbct-blur\">*****<\/span>is.com<\/span><\/a><\/div>\n<\/div>","protected":false},"excerpt":{"rendered":"<p>Jaboulet<\/p>","protected":false},"featured_media":36658,"comment_status":"closed","ping_status":"closed","template":"","meta":{"_acf_changed":false},"set_accompanying_cat":[1878,1976,1879,1888,1916],"beer_cat":[],"alcohol_cat":[],"wine_cat":[1913,1868,1855],"grapes_cat":[2041,1988],"fournisseur":[],"regions_cat":[2039],"set_winetype_cat":[3046],"product_brand":[],"product_cat":[240],"product_tag":[],"class_list":{"0":"post-38452","1":"product","2":"type-product","3":"status-publish","4":"has-post-thumbnail","6":"set_accompanying_cat-charcuteries-et-salaisons","7":"set_accompanying_cat-fromages-forts","8":"set_accompanying_cat-grillades","9":"set_accompanying_cat-viandes-blanches","10":"set_accompanying_cat-viandes-rouges","11":"wine_cat-bio","12":"wine_cat-epice","13":"wine_cat-fruite","14":"grapes_cat-grenache","15":"grapes_cat-syrah","16":"regions_cat-rhone","17":"set_winetype_cat-rouge","18":"product_cat-vins","20":"first","21":"instock","22":"taxable","23":"shipping-taxable","24":"purchasable","25":"product-type-simple"},"acf":[],"_links":{"self":[{"href":"https:\/\/www.vinodis.com\/nl\/wp-json\/wp\/v2\/product\/38452","targetHints":{"allow":["GET"]}}],"collection":[{"href":"https:\/\/www.vinodis.com\/nl\/wp-json\/wp\/v2\/product"}],"about":[{"href":"https:\/\/www.vinodis.com\/nl\/wp-json\/wp\/v2\/types\/product"}],"replies":[{"embeddable":true,"href":"https:\/\/www.vinodis.com\/nl\/wp-json\/wp\/v2\/comments?post=38452"}],"wp:featuredmedia":[{"embeddable":true,"href":"https:\/\/www.vinodis.com\/nl\/wp-json\/wp\/v2\/media\/36658"}],"wp:attachment":[{"href":"https:\/\/www.vinodis.com\/nl\/wp-json\/wp\/v2\/media?parent=38452"}],"wp:term":[{"taxonomy":"set_accompanying_cat","embeddable":true,"href":"https:\/\/www.vinodis.com\/nl\/wp-json\/wp\/v2\/set_accompanying_cat?post=38452"},{"taxonomy":"beer_cat","embeddable":true,"href":"https:\/\/www.vinodis.com\/nl\/wp-json\/wp\/v2\/beer_cat?post=38452"},{"taxonomy":"alcohol_cat","embeddable":true,"href":"https:\/\/www.vinodis.com\/nl\/wp-json\/wp\/v2\/alcohol_cat?post=38452"},{"taxonomy":"wine_cat","embeddable":true,"href":"https:\/\/www.vinodis.com\/nl\/wp-json\/wp\/v2\/wine_cat?post=38452"},{"taxonomy":"grapes_cat","embeddable":true,"href":"https:\/\/www.vinodis.com\/nl\/wp-json\/wp\/v2\/grapes_cat?post=38452"},{"taxonomy":"fournisseur","embeddable":true,"href":"https:\/\/www.vinodis.com\/nl\/wp-json\/wp\/v2\/fournisseur?post=38452"},{"taxonomy":"regions_cat","embeddable":true,"href":"https:\/\/www.vinodis.com\/nl\/wp-json\/wp\/v2\/regions_cat?post=38452"},{"taxonomy":"set_winetype_cat","embeddable":true,"href":"https:\/\/www.vinodis.com\/nl\/wp-json\/wp\/v2\/set_winetype_cat?post=38452"},{"taxonomy":"product_brand","embeddable":true,"href":"https:\/\/www.vinodis.com\/nl\/wp-json\/wp\/v2\/product_brand?post=38452"},{"taxonomy":"product_cat","embeddable":true,"href":"https:\/\/www.vinodis.com\/nl\/wp-json\/wp\/v2\/product_cat?post=38452"},{"taxonomy":"product_tag","embeddable":true,"href":"https:\/\/www.vinodis.com\/nl\/wp-json\/wp\/v2\/product_tag?post=38452"}],"curies":[{"name":"wp","href":"https:\/\/api.w.org\/{rel}","templated":true}]}}