{"id":38442,"date":"2026-02-12T09:32:36","date_gmt":"2026-02-12T09:32:36","guid":{"rendered":"https:\/\/www.vinodis.com\/?post_type=product&#038;p=38442"},"modified":"2026-02-12T10:36:46","modified_gmt":"2026-02-12T10:36:46","slug":"gueuze-en-fut-de-cognac","status":"publish","type":"product","link":"https:\/\/www.vinodis.com\/nl\/product\/gueuze-en-fut-de-cognac\/","title":{"rendered":"Gueuze in cognacvaten"},"content":{"rendered":"<p>De kleur is koperachtig.<\/p>\n<p>De neus is complex en fris, met de zurigheid die typisch is voor geuze maar ook de kracht en complexiteit van cognac.<\/p>\n<p>Krachtige aroma's in de mond, maar vreselijk fris.<\/p>\n<p>Deze geuze bevat 40% 2-jarige lambiek hergist en 2 jaar gerijpt in vers geleegde cognacvaten, alsook 30% 1-jarige lambiek en 30% 3-jarige lambiek.<\/p>\n<p>Te betalen met <strong>Sodexo Lunch-Pass en Monizze maaltijdcheques<\/strong>.<\/p>\n<p>Als je andere soorten cheques wilt gebruiken, neem dan contact met ons op: <a href=\"mailto:vi*****@*****is.com\" data-original-string=\"Nf1381GvUE1fzNSeVjTFZQ==51bOmXZT65P+E4qkXyXyuEidtVfp78UOoqBAkVcnrDMtgI=\" title=\"Dit contact is gecodeerd door Anti-Spam by CleanTalk. Klik om te decoderen. Om het decoderen te voltooien, moet JavaScript ingeschakeld zijn in je browser.\" data-loopstyle=\"link\"><span \n                data-original-string='SjfUmwz1shB2e+lx+DL+uw==51biYzGd5EGzdHsur\/wT4lkVzxCAdsvf7knunuGGgHfnn4='\n                class='apbct-email-encoder'\n                title='Dit contact is gecodeerd door Anti-Spam by CleanTalk. Klik om te decoderen. Om het decoderen te voltooien, moet JavaScript ingeschakeld zijn in je browser.'>vi<span class=\"apbct-blur\">*****<\/span>@<span class=\"apbct-blur\">*****<\/span>is.com<\/span><\/a><\/p>","protected":false},"excerpt":{"rendered":"<p>La robe est cuivr\u00e9e. Le nez est complexe et frais o\u00f9 on retrouvera l&rsquo;acidit\u00e9 typique de la gueuze mais aussi la puissance et la complexit\u00e9 du Cognac. La bouche est puissante en ar\u00f4mes mais terriblement fra\u00eeche. Cette gueuze contient 40% de lambic de 2 ans referment\u00e9 et affin\u00e9 durant 2 ans dans des f\u00fbts de [&hellip;]<\/p>\n","protected":false},"featured_media":36648,"comment_status":"closed","ping_status":"closed","template":"","meta":{"_acf_changed":false},"set_accompanying_cat":[1952,1976,1864],"beer_cat":[],"alcohol_cat":[],"wine_cat":[3110,1860,1868],"grapes_cat":[3232],"fournisseur":[],"regions_cat":[3304,2002],"set_winetype_cat":[],"product_brand":[],"product_cat":[241],"product_tag":[],"class_list":{"0":"post-38442","1":"product","2":"type-product","3":"status-publish","4":"has-post-thumbnail","6":"set_accompanying_cat-digestif","7":"set_accompanying_cat-fromages-forts","8":"set_accompanying_cat-gibiers-a-plumes","9":"wine_cat-boise","10":"wine_cat-coups-de-coeur","11":"wine_cat-epice","12":"grapes_cat-biere","13":"regions_cat-biere","14":"regions_cat-hainaut","15":"product_cat-bieres","17":"first","18":"outofstock","19":"taxable","20":"shipping-taxable","21":"purchasable","22":"product-type-simple"},"acf":[],"_links":{"self":[{"href":"https:\/\/www.vinodis.com\/nl\/wp-json\/wp\/v2\/product\/38442","targetHints":{"allow":["GET"]}}],"collection":[{"href":"https:\/\/www.vinodis.com\/nl\/wp-json\/wp\/v2\/product"}],"about":[{"href":"https:\/\/www.vinodis.com\/nl\/wp-json\/wp\/v2\/types\/product"}],"replies":[{"embeddable":true,"href":"https:\/\/www.vinodis.com\/nl\/wp-json\/wp\/v2\/comments?post=38442"}],"wp:featuredmedia":[{"embeddable":true,"href":"https:\/\/www.vinodis.com\/nl\/wp-json\/wp\/v2\/media\/36648"}],"wp:attachment":[{"href":"https:\/\/www.vinodis.com\/nl\/wp-json\/wp\/v2\/media?parent=38442"}],"wp:term":[{"taxonomy":"set_accompanying_cat","embeddable":true,"href":"https:\/\/www.vinodis.com\/nl\/wp-json\/wp\/v2\/set_accompanying_cat?post=38442"},{"taxonomy":"beer_cat","embeddable":true,"href":"https:\/\/www.vinodis.com\/nl\/wp-json\/wp\/v2\/beer_cat?post=38442"},{"taxonomy":"alcohol_cat","embeddable":true,"href":"https:\/\/www.vinodis.com\/nl\/wp-json\/wp\/v2\/alcohol_cat?post=38442"},{"taxonomy":"wine_cat","embeddable":true,"href":"https:\/\/www.vinodis.com\/nl\/wp-json\/wp\/v2\/wine_cat?post=38442"},{"taxonomy":"grapes_cat","embeddable":true,"href":"https:\/\/www.vinodis.com\/nl\/wp-json\/wp\/v2\/grapes_cat?post=38442"},{"taxonomy":"fournisseur","embeddable":true,"href":"https:\/\/www.vinodis.com\/nl\/wp-json\/wp\/v2\/fournisseur?post=38442"},{"taxonomy":"regions_cat","embeddable":true,"href":"https:\/\/www.vinodis.com\/nl\/wp-json\/wp\/v2\/regions_cat?post=38442"},{"taxonomy":"set_winetype_cat","embeddable":true,"href":"https:\/\/www.vinodis.com\/nl\/wp-json\/wp\/v2\/set_winetype_cat?post=38442"},{"taxonomy":"product_brand","embeddable":true,"href":"https:\/\/www.vinodis.com\/nl\/wp-json\/wp\/v2\/product_brand?post=38442"},{"taxonomy":"product_cat","embeddable":true,"href":"https:\/\/www.vinodis.com\/nl\/wp-json\/wp\/v2\/product_cat?post=38442"},{"taxonomy":"product_tag","embeddable":true,"href":"https:\/\/www.vinodis.com\/nl\/wp-json\/wp\/v2\/product_tag?post=38442"}],"curies":[{"name":"wp","href":"https:\/\/api.w.org\/{rel}","templated":true}]}}