{"id":38430,"date":"2026-02-12T09:32:23","date_gmt":"2026-02-12T09:32:23","guid":{"rendered":"https:\/\/www.vinodis.com\/?post_type=product&#038;p=38430"},"modified":"2026-04-17T10:49:32","modified_gmt":"2026-04-17T10:49:32","slug":"cognac-frapin-vsop-1er-cru","status":"publish","type":"product","link":"https:\/\/www.vinodis.com\/nl\/product\/cognac-frapin-vsop-1er-cru\/","title":{"rendered":"Cognac Frapin VSOP 1er Cru"},"content":{"rendered":"<p>Deze cognac heeft een zeer heldere goudoranje kleur.<\/p>\n<p>De neus is fijn en elegant, typisch voor Grande Champagne 1er Cru Cognac.<\/p>\n<p>Fruitig, bloemig en rijk in de mond. De afdronk is lang en delicaat.<\/p>\n<p>Te betalen met <strong>Sodexo Lunch-Pass en Monizze maaltijdcheques<\/strong>.<\/p>\n<p>Als je andere soorten cheques wilt gebruiken, neem dan contact met ons op: <a href=\"mailto:vi*****@*****is.com\" data-original-string=\"HxnXyCFJ08fD9om442qh3g==51bVtaRzN5kArh7HD1PDIqJ+GRCMHq0X\/YqPmOv4M7CL44=\" title=\"Dit contact is gecodeerd door Anti-Spam by CleanTalk. Klik om te decoderen. Om het decoderen te voltooien, moet JavaScript ingeschakeld zijn in je browser.\" data-loopstyle=\"link\"><span \n                data-original-string='g1pVnlWOUTFr+5C1U208LQ==51bPI1EiC1gCUHfqZLxvA91dFb\/vwidbb2P8m9iI57Ug+A='\n                class='apbct-email-encoder'\n                title='Dit contact is gecodeerd door Anti-Spam by CleanTalk. Klik om te decoderen. Om het decoderen te voltooien, moet JavaScript ingeschakeld zijn in je browser.'>vi<span class=\"apbct-blur\">*****<\/span>@<span class=\"apbct-blur\">*****<\/span>is.com<\/span><\/a><\/p>\n<p>&nbsp;<\/p>","protected":false},"excerpt":{"rendered":"<p>Ce cognac arbore une robe dor\u00e9e-orang\u00e9e tr\u00e8s lumineuse Le nez est fin et \u00e9l\u00e9gant, qui est caract\u00e9ristique au Cognac de Grande Champagne en 1er Cru La bouche est fruit\u00e9e, florale et riche. La finale est longue et tout en finesse. Payable avec les Lunch-Pass de Sodexo et Ch\u00e8que-Repas de Monizze. Si vous souhaitez utiliser d&rsquo;autres [&hellip;]<\/p>\n","protected":false},"featured_media":36637,"comment_status":"closed","ping_status":"closed","template":"","meta":{"_acf_changed":false},"set_accompanying_cat":[1952,2114],"beer_cat":[],"alcohol_cat":[],"wine_cat":[3110,1868],"grapes_cat":[3213],"fournisseur":[],"regions_cat":[3306,2038],"set_winetype_cat":[],"product_brand":[],"product_cat":[242],"product_tag":[],"class_list":{"0":"post-38430","1":"product","2":"type-product","3":"status-publish","4":"has-post-thumbnail","6":"set_accompanying_cat-digestif","7":"set_accompanying_cat-meditation","8":"wine_cat-boise","9":"wine_cat-epice","10":"grapes_cat-plantes-planten","11":"regions_cat-cognac","12":"regions_cat-france","13":"product_cat-spiritueux","15":"first","16":"instock","17":"taxable","18":"shipping-taxable","19":"purchasable","20":"product-type-simple"},"acf":[],"_links":{"self":[{"href":"https:\/\/www.vinodis.com\/nl\/wp-json\/wp\/v2\/product\/38430","targetHints":{"allow":["GET"]}}],"collection":[{"href":"https:\/\/www.vinodis.com\/nl\/wp-json\/wp\/v2\/product"}],"about":[{"href":"https:\/\/www.vinodis.com\/nl\/wp-json\/wp\/v2\/types\/product"}],"replies":[{"embeddable":true,"href":"https:\/\/www.vinodis.com\/nl\/wp-json\/wp\/v2\/comments?post=38430"}],"wp:featuredmedia":[{"embeddable":true,"href":"https:\/\/www.vinodis.com\/nl\/wp-json\/wp\/v2\/media\/36637"}],"wp:attachment":[{"href":"https:\/\/www.vinodis.com\/nl\/wp-json\/wp\/v2\/media?parent=38430"}],"wp:term":[{"taxonomy":"set_accompanying_cat","embeddable":true,"href":"https:\/\/www.vinodis.com\/nl\/wp-json\/wp\/v2\/set_accompanying_cat?post=38430"},{"taxonomy":"beer_cat","embeddable":true,"href":"https:\/\/www.vinodis.com\/nl\/wp-json\/wp\/v2\/beer_cat?post=38430"},{"taxonomy":"alcohol_cat","embeddable":true,"href":"https:\/\/www.vinodis.com\/nl\/wp-json\/wp\/v2\/alcohol_cat?post=38430"},{"taxonomy":"wine_cat","embeddable":true,"href":"https:\/\/www.vinodis.com\/nl\/wp-json\/wp\/v2\/wine_cat?post=38430"},{"taxonomy":"grapes_cat","embeddable":true,"href":"https:\/\/www.vinodis.com\/nl\/wp-json\/wp\/v2\/grapes_cat?post=38430"},{"taxonomy":"fournisseur","embeddable":true,"href":"https:\/\/www.vinodis.com\/nl\/wp-json\/wp\/v2\/fournisseur?post=38430"},{"taxonomy":"regions_cat","embeddable":true,"href":"https:\/\/www.vinodis.com\/nl\/wp-json\/wp\/v2\/regions_cat?post=38430"},{"taxonomy":"set_winetype_cat","embeddable":true,"href":"https:\/\/www.vinodis.com\/nl\/wp-json\/wp\/v2\/set_winetype_cat?post=38430"},{"taxonomy":"product_brand","embeddable":true,"href":"https:\/\/www.vinodis.com\/nl\/wp-json\/wp\/v2\/product_brand?post=38430"},{"taxonomy":"product_cat","embeddable":true,"href":"https:\/\/www.vinodis.com\/nl\/wp-json\/wp\/v2\/product_cat?post=38430"},{"taxonomy":"product_tag","embeddable":true,"href":"https:\/\/www.vinodis.com\/nl\/wp-json\/wp\/v2\/product_tag?post=38430"}],"curies":[{"name":"wp","href":"https:\/\/api.w.org\/{rel}","templated":true}]}}