{"id":38419,"date":"2026-02-12T09:32:21","date_gmt":"2026-02-12T09:32:21","guid":{"rendered":"https:\/\/www.vinodis.com\/?post_type=product&#038;p=38419"},"modified":"2026-04-21T20:17:39","modified_gmt":"2026-04-21T20:17:39","slug":"moulis-en-medoc-chateau-chasse-spleen","status":"publish","type":"product","link":"https:\/\/www.vinodis.com\/nl\/product\/moulis-en-medoc-chateau-chasse-spleen\/","title":{"rendered":"Moulis-en-M\u00e9doc Ch\u00e2teau Chasse-Spleen"},"content":{"rendered":"<p>Intense granaatrode kleur.<\/p>\n<p>De eerste neus geeft aroma's van kersen en rozen. Na het luchten volgen aroma's van bramen en peper.<\/p>\n<p>Vol en open in de mond. De tannines zijn satijnachtig. De afdronk is aanhoudend, met hints van zoethout.<\/p>\n<p>Een wijn die voorzichtig moet worden bewaard en gedecanteerd om zijn complexiteit volledig tot zijn recht te laten komen.<\/p>\n<p>Te betalen met <strong>Lunch-<\/strong><strong>Pas<\/strong><strong> van Sodexo en maaltijdcheques van Monizze<\/strong>.<\/p>\n<p>Als je andere soorten cheques wilt gebruiken, neem dan contact met ons op: <a href=\"mailto:vi*****@*****is.com\" data-original-string=\"ScgC5i3NaaXvFjuK7dQ1JQ==51bXljGVqsmNGIKqZ1oXgxCM3sjPUkSnr3o3nPFR8h+BQs=\" title=\"Dit contact is gecodeerd door Anti-Spam by CleanTalk. Klik om te decoderen. Om het decoderen te voltooien, moet JavaScript ingeschakeld zijn in je browser.\" data-loopstyle=\"link\" data-auth=\"NotApplicable\"><span \n                data-original-string='p0gNjyZJJE2uTo1b43iSHg==51bF8jmSe47FOlSVdQgNUmebIDl2XUc50A0MYudDUluLHU='\n                class='apbct-email-encoder'\n                title='Dit contact is gecodeerd door Anti-Spam by CleanTalk. Klik om te decoderen. Om het decoderen te voltooien, moet JavaScript ingeschakeld zijn in je browser.'>vi<span class=\"apbct-blur\">*****<\/span>@<span class=\"apbct-blur\">*****<\/span>is.com<\/span><\/a><\/p>","protected":false},"excerpt":{"rendered":"<p>La robe est grenat intense. Le premier nez d\u00e9gage des ar\u00f4mes de cerises et de roses. Apr\u00e8s a\u00e9ration, viennent les ar\u00f4mes de m\u00fbres et poivre. La bouche est volumineuse et franche. Les tanins sont satin\u00e9s. La finale est persistante o\u00f9 on retrouvera des notes de r\u00e9glisse. Un vin \u00e0 garder gentiment en cave et carafer [&hellip;]<\/p>\n","protected":false},"featured_media":36598,"comment_status":"closed","ping_status":"closed","template":"","meta":{"_acf_changed":false},"set_accompanying_cat":[1862,1864,1879,1916],"beer_cat":[],"alcohol_cat":[],"wine_cat":[3110,1868],"grapes_cat":[2033,1884,1885,1987],"fournisseur":[],"regions_cat":[2064],"set_winetype_cat":[3046],"product_brand":[],"product_cat":[240],"product_tag":[],"class_list":{"0":"post-38419","1":"product","2":"type-product","3":"status-publish","4":"has-post-thumbnail","6":"set_accompanying_cat-canard","7":"set_accompanying_cat-gibiers-a-plumes","8":"set_accompanying_cat-grillades","9":"set_accompanying_cat-viandes-rouges","10":"wine_cat-boise","11":"wine_cat-epice","12":"grapes_cat-cabernet-franc","13":"grapes_cat-cabernet-sauvignon","14":"grapes_cat-merlot","15":"grapes_cat-petit-verdot","16":"regions_cat-bordeaux","17":"set_winetype_cat-rouge","18":"product_cat-vins","20":"first","21":"instock","22":"taxable","23":"shipping-taxable","24":"purchasable","25":"product-type-simple"},"acf":[],"_links":{"self":[{"href":"https:\/\/www.vinodis.com\/nl\/wp-json\/wp\/v2\/product\/38419","targetHints":{"allow":["GET"]}}],"collection":[{"href":"https:\/\/www.vinodis.com\/nl\/wp-json\/wp\/v2\/product"}],"about":[{"href":"https:\/\/www.vinodis.com\/nl\/wp-json\/wp\/v2\/types\/product"}],"replies":[{"embeddable":true,"href":"https:\/\/www.vinodis.com\/nl\/wp-json\/wp\/v2\/comments?post=38419"}],"wp:featuredmedia":[{"embeddable":true,"href":"https:\/\/www.vinodis.com\/nl\/wp-json\/wp\/v2\/media\/36598"}],"wp:attachment":[{"href":"https:\/\/www.vinodis.com\/nl\/wp-json\/wp\/v2\/media?parent=38419"}],"wp:term":[{"taxonomy":"set_accompanying_cat","embeddable":true,"href":"https:\/\/www.vinodis.com\/nl\/wp-json\/wp\/v2\/set_accompanying_cat?post=38419"},{"taxonomy":"beer_cat","embeddable":true,"href":"https:\/\/www.vinodis.com\/nl\/wp-json\/wp\/v2\/beer_cat?post=38419"},{"taxonomy":"alcohol_cat","embeddable":true,"href":"https:\/\/www.vinodis.com\/nl\/wp-json\/wp\/v2\/alcohol_cat?post=38419"},{"taxonomy":"wine_cat","embeddable":true,"href":"https:\/\/www.vinodis.com\/nl\/wp-json\/wp\/v2\/wine_cat?post=38419"},{"taxonomy":"grapes_cat","embeddable":true,"href":"https:\/\/www.vinodis.com\/nl\/wp-json\/wp\/v2\/grapes_cat?post=38419"},{"taxonomy":"fournisseur","embeddable":true,"href":"https:\/\/www.vinodis.com\/nl\/wp-json\/wp\/v2\/fournisseur?post=38419"},{"taxonomy":"regions_cat","embeddable":true,"href":"https:\/\/www.vinodis.com\/nl\/wp-json\/wp\/v2\/regions_cat?post=38419"},{"taxonomy":"set_winetype_cat","embeddable":true,"href":"https:\/\/www.vinodis.com\/nl\/wp-json\/wp\/v2\/set_winetype_cat?post=38419"},{"taxonomy":"product_brand","embeddable":true,"href":"https:\/\/www.vinodis.com\/nl\/wp-json\/wp\/v2\/product_brand?post=38419"},{"taxonomy":"product_cat","embeddable":true,"href":"https:\/\/www.vinodis.com\/nl\/wp-json\/wp\/v2\/product_cat?post=38419"},{"taxonomy":"product_tag","embeddable":true,"href":"https:\/\/www.vinodis.com\/nl\/wp-json\/wp\/v2\/product_tag?post=38419"}],"curies":[{"name":"wp","href":"https:\/\/api.w.org\/{rel}","templated":true}]}}