{"id":38393,"date":"2026-02-12T09:32:04","date_gmt":"2026-02-12T09:32:04","guid":{"rendered":"https:\/\/www.vinodis.com\/?post_type=product&#038;p=38393"},"modified":"2026-04-16T07:38:16","modified_gmt":"2026-04-16T07:38:16","slug":"magnum-primitivo-di-manduria-papale-oro","status":"publish","type":"product","link":"https:\/\/www.vinodis.com\/nl\/product\/magnum-primitivo-di-manduria-papale-oro\/","title":{"rendered":"Magnum Primitivo di Manduria Papale Oro"},"content":{"rendered":"<p>Deze Primitivo di Manduria heeft een zeer dichte robijnrode kleur.<\/p>\n<p>De neus is intens en jammig, met toetsen van zeer rijpe wilde bessen.<\/p>\n<p>Het gehemelte is zeer vet en stroperig met aanwezige maar zeer soepele tannines.<\/p>\n<p>Een wijn die de volle kracht van Manduria laat zien.<\/p>\n<p>Te betalen met <strong>Lunch-<\/strong><strong>Pas<\/strong><strong> van Sodexo en maaltijdcheques van Monizze<\/strong>.<\/p>\n<p>Als je andere soorten cheques wilt gebruiken, neem dan contact met ons op: <a href=\"mailto:vi*****@*****is.com\" data-original-string=\"STb549Q3\/RAI5lh2zxuvTA==51b0XYeMXlLkFfcDHzDHU9g0J7edxv+yc8i6yHlYRzyt9o=\" title=\"Dit contact is gecodeerd door Anti-Spam by CleanTalk. Klik om te decoderen. Om het decoderen te voltooien, moet JavaScript ingeschakeld zijn in je browser.\" data-auth=\"NotApplicable\"><span \n                data-original-string='oF+a\/zGGxzAa45zbCf9ocg==51byioam\/pzr\/Ofpj2hoMsPRqeJOp5nb+Xz9bMpeYpFnFc='\n                class='apbct-email-encoder'\n                title='Dit contact is gecodeerd door Anti-Spam by CleanTalk. Klik om te decoderen. Om het decoderen te voltooien, moet JavaScript ingeschakeld zijn in je browser.'>vi<span class=\"apbct-blur\">*****<\/span>@<span class=\"apbct-blur\">*****<\/span>is.com<\/span><\/a><\/p>","protected":false},"excerpt":{"rendered":"<p>Ce Primitivo di Manduria pr\u00e9sente une robe rubis tr\u00e8s dense. Le nez est intense et confitur\u00e9 sur des notes de fruits des bois tr\u00e8s m\u00fbrs. La bouche est tr\u00e8s grasse et sirupeuse avec des tanins pr\u00e9sents mais tr\u00e8s souples. Un vin qui montre toute la puissance de Manduria. Payable avec les Lunch-Pass de Sodexo et [&hellip;]<\/p>\n","protected":false},"featured_media":36544,"comment_status":"closed","ping_status":"closed","template":"","meta":{"_acf_changed":false},"set_accompanying_cat":[1996,1867],"beer_cat":[],"alcohol_cat":[],"wine_cat":[3110,1855],"grapes_cat":[2051],"fournisseur":[3317],"regions_cat":[2104],"set_winetype_cat":[3046],"product_brand":[],"product_cat":[240],"product_tag":[],"class_list":{"0":"post-38393","1":"product","2":"type-product","3":"status-publish","4":"has-post-thumbnail","6":"set_accompanying_cat-chocolat","7":"set_accompanying_cat-viandes-dagneau-et-de-mouton","8":"wine_cat-boise","9":"wine_cat-fruite","10":"grapes_cat-primitivo","11":"fournisseur-sitalvini","12":"regions_cat-primitivo-di-manduria","13":"set_winetype_cat-rouge","14":"product_cat-vins","16":"first","17":"instock","18":"taxable","19":"shipping-taxable","20":"purchasable","21":"product-type-simple"},"acf":[],"_links":{"self":[{"href":"https:\/\/www.vinodis.com\/nl\/wp-json\/wp\/v2\/product\/38393","targetHints":{"allow":["GET"]}}],"collection":[{"href":"https:\/\/www.vinodis.com\/nl\/wp-json\/wp\/v2\/product"}],"about":[{"href":"https:\/\/www.vinodis.com\/nl\/wp-json\/wp\/v2\/types\/product"}],"replies":[{"embeddable":true,"href":"https:\/\/www.vinodis.com\/nl\/wp-json\/wp\/v2\/comments?post=38393"}],"wp:featuredmedia":[{"embeddable":true,"href":"https:\/\/www.vinodis.com\/nl\/wp-json\/wp\/v2\/media\/36544"}],"wp:attachment":[{"href":"https:\/\/www.vinodis.com\/nl\/wp-json\/wp\/v2\/media?parent=38393"}],"wp:term":[{"taxonomy":"set_accompanying_cat","embeddable":true,"href":"https:\/\/www.vinodis.com\/nl\/wp-json\/wp\/v2\/set_accompanying_cat?post=38393"},{"taxonomy":"beer_cat","embeddable":true,"href":"https:\/\/www.vinodis.com\/nl\/wp-json\/wp\/v2\/beer_cat?post=38393"},{"taxonomy":"alcohol_cat","embeddable":true,"href":"https:\/\/www.vinodis.com\/nl\/wp-json\/wp\/v2\/alcohol_cat?post=38393"},{"taxonomy":"wine_cat","embeddable":true,"href":"https:\/\/www.vinodis.com\/nl\/wp-json\/wp\/v2\/wine_cat?post=38393"},{"taxonomy":"grapes_cat","embeddable":true,"href":"https:\/\/www.vinodis.com\/nl\/wp-json\/wp\/v2\/grapes_cat?post=38393"},{"taxonomy":"fournisseur","embeddable":true,"href":"https:\/\/www.vinodis.com\/nl\/wp-json\/wp\/v2\/fournisseur?post=38393"},{"taxonomy":"regions_cat","embeddable":true,"href":"https:\/\/www.vinodis.com\/nl\/wp-json\/wp\/v2\/regions_cat?post=38393"},{"taxonomy":"set_winetype_cat","embeddable":true,"href":"https:\/\/www.vinodis.com\/nl\/wp-json\/wp\/v2\/set_winetype_cat?post=38393"},{"taxonomy":"product_brand","embeddable":true,"href":"https:\/\/www.vinodis.com\/nl\/wp-json\/wp\/v2\/product_brand?post=38393"},{"taxonomy":"product_cat","embeddable":true,"href":"https:\/\/www.vinodis.com\/nl\/wp-json\/wp\/v2\/product_cat?post=38393"},{"taxonomy":"product_tag","embeddable":true,"href":"https:\/\/www.vinodis.com\/nl\/wp-json\/wp\/v2\/product_tag?post=38393"}],"curies":[{"name":"wp","href":"https:\/\/api.w.org\/{rel}","templated":true}]}}