{"id":38371,"date":"2026-02-12T09:31:45","date_gmt":"2026-02-12T09:31:45","guid":{"rendered":"https:\/\/www.vinodis.com\/?post_type=product&#038;p=38371"},"modified":"2026-04-16T07:38:29","modified_gmt":"2026-04-16T07:38:29","slug":"cotes-du-rhone-villages-mes-racines","status":"publish","type":"product","link":"https:\/\/www.vinodis.com\/nl\/product\/cotes-du-rhone-villages-mes-racines\/","title":{"rendered":"C\u00f4tes du Rh\u00f4ne Dorpen Mes Racines"},"content":{"rendered":"<p>De kleur is diep robijnrood.<\/p>\n<p>De neus is krachtig, met tonen van rijp rood fruit en kruiden.<\/p>\n<p>Gul in de mond, met een goede structuur en zijdezachte tannines.<\/p>\n<p>Te betalen met <strong>Sodexo Lunch-Pass en Monizze maaltijdcheques<\/strong>.<\/p>\n<p>Als je andere soorten cheques wilt gebruiken, neem dan contact met ons op: <a href=\"mailto:vi*****@*****is.com\" data-original-string=\"KbWTbK6\/IO0R8gXTyBh29g==51b3jwXcTEsov7XEWBz+ISZW62M6RjQowwyOQaXF7\/F85Y=\" title=\"Dit contact is gecodeerd door Anti-Spam by CleanTalk. Klik om te decoderen. Om het decoderen te voltooien, moet JavaScript ingeschakeld zijn in je browser.\"><span \n                data-original-string='UqkAaewXgMyHuviNnBHmig==51b9g5iTmsMbX29CwPx5z2rmp\/NbrCADP\/icDaKyc7FzIY='\n                class='apbct-email-encoder'\n                title='Dit contact is gecodeerd door Anti-Spam by CleanTalk. Klik om te decoderen. Om het decoderen te voltooien, moet JavaScript ingeschakeld zijn in je browser.'>vi<span class=\"apbct-blur\">*****<\/span>@<span class=\"apbct-blur\">*****<\/span>is.com<\/span><\/a><\/p>","protected":false},"excerpt":{"rendered":"<p>La robe est rouge rubis soutenu.. Le nez est puissant o\u00f9 on retrouvera des notes de fruits rouges m\u00fbres et des \u00e9pices. La bouche est g\u00e9n\u00e9reuse avec une belle structure et des tannins soyeux Payable avec les Lunch-Pass de Sodexo et Ch\u00e8que-Repas de Monizze. Si vous souhaitez utiliser d&rsquo;autres types de ch\u00e8ques, contactez-nous : vi*****@*****is.com<\/p>","protected":false},"featured_media":36522,"comment_status":"closed","ping_status":"closed","template":"","meta":{"_acf_changed":false},"set_accompanying_cat":[1879,1866,1867],"beer_cat":[],"alcohol_cat":[],"wine_cat":[1868],"grapes_cat":[2195,2041,1988],"fournisseur":[],"regions_cat":[2039],"set_winetype_cat":[3046],"product_brand":[],"product_cat":[240],"product_tag":[],"class_list":{"0":"post-38371","1":"product","2":"type-product","3":"status-publish","4":"has-post-thumbnail","6":"set_accompanying_cat-grillades","7":"set_accompanying_cat-plats-epices","8":"set_accompanying_cat-viandes-dagneau-et-de-mouton","9":"wine_cat-epice","10":"grapes_cat-cinsault","11":"grapes_cat-grenache","12":"grapes_cat-syrah","13":"regions_cat-rhone","14":"set_winetype_cat-rouge","15":"product_cat-vins","17":"first","18":"instock","19":"taxable","20":"shipping-taxable","21":"purchasable","22":"product-type-simple"},"acf":[],"_links":{"self":[{"href":"https:\/\/www.vinodis.com\/nl\/wp-json\/wp\/v2\/product\/38371","targetHints":{"allow":["GET"]}}],"collection":[{"href":"https:\/\/www.vinodis.com\/nl\/wp-json\/wp\/v2\/product"}],"about":[{"href":"https:\/\/www.vinodis.com\/nl\/wp-json\/wp\/v2\/types\/product"}],"replies":[{"embeddable":true,"href":"https:\/\/www.vinodis.com\/nl\/wp-json\/wp\/v2\/comments?post=38371"}],"wp:featuredmedia":[{"embeddable":true,"href":"https:\/\/www.vinodis.com\/nl\/wp-json\/wp\/v2\/media\/36522"}],"wp:attachment":[{"href":"https:\/\/www.vinodis.com\/nl\/wp-json\/wp\/v2\/media?parent=38371"}],"wp:term":[{"taxonomy":"set_accompanying_cat","embeddable":true,"href":"https:\/\/www.vinodis.com\/nl\/wp-json\/wp\/v2\/set_accompanying_cat?post=38371"},{"taxonomy":"beer_cat","embeddable":true,"href":"https:\/\/www.vinodis.com\/nl\/wp-json\/wp\/v2\/beer_cat?post=38371"},{"taxonomy":"alcohol_cat","embeddable":true,"href":"https:\/\/www.vinodis.com\/nl\/wp-json\/wp\/v2\/alcohol_cat?post=38371"},{"taxonomy":"wine_cat","embeddable":true,"href":"https:\/\/www.vinodis.com\/nl\/wp-json\/wp\/v2\/wine_cat?post=38371"},{"taxonomy":"grapes_cat","embeddable":true,"href":"https:\/\/www.vinodis.com\/nl\/wp-json\/wp\/v2\/grapes_cat?post=38371"},{"taxonomy":"fournisseur","embeddable":true,"href":"https:\/\/www.vinodis.com\/nl\/wp-json\/wp\/v2\/fournisseur?post=38371"},{"taxonomy":"regions_cat","embeddable":true,"href":"https:\/\/www.vinodis.com\/nl\/wp-json\/wp\/v2\/regions_cat?post=38371"},{"taxonomy":"set_winetype_cat","embeddable":true,"href":"https:\/\/www.vinodis.com\/nl\/wp-json\/wp\/v2\/set_winetype_cat?post=38371"},{"taxonomy":"product_brand","embeddable":true,"href":"https:\/\/www.vinodis.com\/nl\/wp-json\/wp\/v2\/product_brand?post=38371"},{"taxonomy":"product_cat","embeddable":true,"href":"https:\/\/www.vinodis.com\/nl\/wp-json\/wp\/v2\/product_cat?post=38371"},{"taxonomy":"product_tag","embeddable":true,"href":"https:\/\/www.vinodis.com\/nl\/wp-json\/wp\/v2\/product_tag?post=38371"}],"curies":[{"name":"wp","href":"https:\/\/api.w.org\/{rel}","templated":true}]}}