{"id":38362,"date":"2026-02-12T09:31:44","date_gmt":"2026-02-12T09:31:44","guid":{"rendered":"https:\/\/www.vinodis.com\/?post_type=product&#038;p=38362"},"modified":"2026-04-16T07:38:29","modified_gmt":"2026-04-16T07:38:29","slug":"iris-creation-rouge","status":"publish","type":"product","link":"https:\/\/www.vinodis.com\/nl\/product\/iris-creation-rouge\/","title":{"rendered":"Iris Schepping rood"},"content":{"rendered":"<p>De kleur is robijn met wat baksteen en violette accenten.<\/p>\n<p>De aroma's zijn krachtig, met tonen van zwart fruit (zwarte bes, braam), rood fruit en een vleugje specerijen en vanille.<\/p>\n<p>Vol en zacht in de mond, met hints van zwart fruit (bramen, bosbessen en morellen). De afdronk is fris, met hints van vanille, tabak en karamel.<\/p>\n<p>Te betalen met <strong>Sodexo Lunch-Pass en Monizze maaltijdcheques<\/strong>.<\/p>\n<p>Als je andere soorten cheques wilt gebruiken, neem dan contact met ons op: <a href=\"mailto:vi*****@*****is.com\" data-original-string=\"QvcL03sFVDttW+QIAPZN8Q==51b3rkiVHG5IQpgGq+y+VPBeb6+qE2T77ppUCwNj3oKIe8=\" title=\"Dit contact is gecodeerd door Anti-Spam by CleanTalk. Klik om te decoderen. Om het decoderen te voltooien, moet JavaScript ingeschakeld zijn in je browser.\"><span \n                data-original-string='ib+7w78HYJWqbJcEUVPgKg==51bQll90+wmAYAML4bmc5ei2WDwOAmp+\/S+0F4kHB3Xjpw='\n                class='apbct-email-encoder'\n                title='Dit contact is gecodeerd door Anti-Spam by CleanTalk. Klik om te decoderen. Om het decoderen te voltooien, moet JavaScript ingeschakeld zijn in je browser.'>vi<span class=\"apbct-blur\">*****<\/span>@<span class=\"apbct-blur\">*****<\/span>is.com<\/span><\/a><\/p>","protected":false},"excerpt":{"rendered":"<p>La robe est rubis avec quelques reflets brique et violac\u00e9s. Les ar\u00f4mes sont puissants o\u00f9 on retrouvera des notes de fruits noirs (cassis, m\u00fbres), des fruits rouges, ainsi que quelques ar\u00f4mes d&rsquo;\u00e9pices et de vanille. La bouche est corpulente et douce o\u00f9 on retrouvera des notes de fruits noirs (m\u00fbres, myrtilles et cerises griottes). La [&hellip;]<\/p>\n","protected":false},"featured_media":36484,"comment_status":"closed","ping_status":"closed","template":"","meta":{"_acf_changed":false},"set_accompanying_cat":[1862,1976,1879,1916,1977],"beer_cat":[],"alcohol_cat":[],"wine_cat":[3110,1868,1855],"grapes_cat":[1884,2681,2099,1988],"fournisseur":[],"regions_cat":[2097],"set_winetype_cat":[3046],"product_brand":[],"product_cat":[240],"product_tag":[],"class_list":{"0":"post-38362","1":"product","2":"type-product","3":"status-publish","4":"has-post-thumbnail","6":"set_accompanying_cat-canard","7":"set_accompanying_cat-fromages-forts","8":"set_accompanying_cat-grillades","9":"set_accompanying_cat-viandes-rouges","10":"set_accompanying_cat-vin-de-meditation","11":"wine_cat-boise","12":"wine_cat-epice","13":"wine_cat-fruite","14":"grapes_cat-cabernet-sauvignon","15":"grapes_cat-egiodola","16":"grapes_cat-marselan","17":"grapes_cat-syrah","18":"regions_cat-plaine-du-danube-igp","19":"set_winetype_cat-rouge","20":"product_cat-vins","22":"first","23":"outofstock","24":"taxable","25":"shipping-taxable","26":"purchasable","27":"product-type-simple"},"acf":[],"_links":{"self":[{"href":"https:\/\/www.vinodis.com\/nl\/wp-json\/wp\/v2\/product\/38362","targetHints":{"allow":["GET"]}}],"collection":[{"href":"https:\/\/www.vinodis.com\/nl\/wp-json\/wp\/v2\/product"}],"about":[{"href":"https:\/\/www.vinodis.com\/nl\/wp-json\/wp\/v2\/types\/product"}],"replies":[{"embeddable":true,"href":"https:\/\/www.vinodis.com\/nl\/wp-json\/wp\/v2\/comments?post=38362"}],"wp:featuredmedia":[{"embeddable":true,"href":"https:\/\/www.vinodis.com\/nl\/wp-json\/wp\/v2\/media\/36484"}],"wp:attachment":[{"href":"https:\/\/www.vinodis.com\/nl\/wp-json\/wp\/v2\/media?parent=38362"}],"wp:term":[{"taxonomy":"set_accompanying_cat","embeddable":true,"href":"https:\/\/www.vinodis.com\/nl\/wp-json\/wp\/v2\/set_accompanying_cat?post=38362"},{"taxonomy":"beer_cat","embeddable":true,"href":"https:\/\/www.vinodis.com\/nl\/wp-json\/wp\/v2\/beer_cat?post=38362"},{"taxonomy":"alcohol_cat","embeddable":true,"href":"https:\/\/www.vinodis.com\/nl\/wp-json\/wp\/v2\/alcohol_cat?post=38362"},{"taxonomy":"wine_cat","embeddable":true,"href":"https:\/\/www.vinodis.com\/nl\/wp-json\/wp\/v2\/wine_cat?post=38362"},{"taxonomy":"grapes_cat","embeddable":true,"href":"https:\/\/www.vinodis.com\/nl\/wp-json\/wp\/v2\/grapes_cat?post=38362"},{"taxonomy":"fournisseur","embeddable":true,"href":"https:\/\/www.vinodis.com\/nl\/wp-json\/wp\/v2\/fournisseur?post=38362"},{"taxonomy":"regions_cat","embeddable":true,"href":"https:\/\/www.vinodis.com\/nl\/wp-json\/wp\/v2\/regions_cat?post=38362"},{"taxonomy":"set_winetype_cat","embeddable":true,"href":"https:\/\/www.vinodis.com\/nl\/wp-json\/wp\/v2\/set_winetype_cat?post=38362"},{"taxonomy":"product_brand","embeddable":true,"href":"https:\/\/www.vinodis.com\/nl\/wp-json\/wp\/v2\/product_brand?post=38362"},{"taxonomy":"product_cat","embeddable":true,"href":"https:\/\/www.vinodis.com\/nl\/wp-json\/wp\/v2\/product_cat?post=38362"},{"taxonomy":"product_tag","embeddable":true,"href":"https:\/\/www.vinodis.com\/nl\/wp-json\/wp\/v2\/product_tag?post=38362"}],"curies":[{"name":"wp","href":"https:\/\/api.w.org\/{rel}","templated":true}]}}