{"id":38361,"date":"2026-02-12T09:31:43","date_gmt":"2026-02-12T09:31:43","guid":{"rendered":"https:\/\/www.vinodis.com\/?post_type=product&#038;p=38361"},"modified":"2026-04-16T07:38:29","modified_gmt":"2026-04-16T07:38:29","slug":"iris-creation-blanc","status":"publish","type":"product","link":"https:\/\/www.vinodis.com\/nl\/product\/iris-creation-blanc\/","title":{"rendered":"Iris Schepping wit"},"content":{"rendered":"<p>De kleur is licht goudkleurig met groenige accenten.<\/p>\n<p>De neus is uitbundig met florale tonen, perziken, exotisch fruit en een vleugje limoen.<\/p>\n<p>Het gehemelte is fijn en rijp, met citrus en gedroogd fruit op de afdronk.<\/p>\n<p>Te betalen met <strong>Sodexo Lunch-Pass en Monizze maaltijdcheques<\/strong>.<\/p>\n<p>Als je andere soorten cheques wilt gebruiken, neem dan contact met ons op: <a href=\"mailto:vi*****@*****is.com\" data-original-string=\"SsVfff0fqDVZNStrm8BV0A==51bhxJEIYG3O6G6xfxS5uO+hUZ5Y\/8qcZlBUInxPVR7ze0=\" title=\"Dit contact is gecodeerd door Anti-Spam by CleanTalk. Klik om te decoderen. Om het decoderen te voltooien, moet JavaScript ingeschakeld zijn in je browser.\"><span \n                data-original-string='wVN0VtP+fbCsY78Mnkfs0w==51bussQ\/KV+eDUUacLYqtMJAczCU8fn6phuIFx27wJ7cGk='\n                class='apbct-email-encoder'\n                title='Dit contact is gecodeerd door Anti-Spam by CleanTalk. Klik om te decoderen. Om het decoderen te voltooien, moet JavaScript ingeschakeld zijn in je browser.'>vi<span class=\"apbct-blur\">*****<\/span>@<span class=\"apbct-blur\">*****<\/span>is.com<\/span><\/a><\/p>","protected":false},"excerpt":{"rendered":"<p>La robe est l\u00e9g\u00e8rement dor\u00e9e avec des l\u00e9gers reflets verd\u00e2tres. Le nez est exub\u00e9rant avec des notes floraux, p\u00eaches, fruits exotiques avec une touche de citron vert. La bouche est fine et m\u00fbre avec, en finale, des notes d&rsquo;agrumes et de fruits secs. Payable avec les Lunch-Pass de Sodexo et Ch\u00e8que-Repas de Monizze. Si vous [&hellip;]<\/p>\n","protected":false},"featured_media":36483,"comment_status":"closed","ping_status":"closed","template":"","meta":{"_acf_changed":false},"set_accompanying_cat":[1892,1893,1908,1849,1977],"beer_cat":[],"alcohol_cat":[],"wine_cat":[3110,1860,1855],"grapes_cat":[1905,2068,2098],"fournisseur":[],"regions_cat":[2097],"set_winetype_cat":[3048],"product_brand":[],"product_cat":[240],"product_tag":[],"class_list":{"0":"post-38361","1":"product","2":"type-product","3":"status-publish","4":"has-post-thumbnail","6":"set_accompanying_cat-crustaces-et-coquillages","7":"set_accompanying_cat-cuisine-asiatique","8":"set_accompanying_cat-foie-gras","9":"set_accompanying_cat-fromages-doux","10":"set_accompanying_cat-vin-de-meditation","11":"wine_cat-boise","12":"wine_cat-coups-de-coeur","13":"wine_cat-fruite","14":"grapes_cat-chardonnay","15":"grapes_cat-sauvignon","16":"grapes_cat-viognier","17":"regions_cat-plaine-du-danube-igp","18":"set_winetype_cat-blanc","19":"product_cat-vins","21":"first","22":"instock","23":"taxable","24":"shipping-taxable","25":"purchasable","26":"product-type-simple"},"acf":[],"_links":{"self":[{"href":"https:\/\/www.vinodis.com\/nl\/wp-json\/wp\/v2\/product\/38361","targetHints":{"allow":["GET"]}}],"collection":[{"href":"https:\/\/www.vinodis.com\/nl\/wp-json\/wp\/v2\/product"}],"about":[{"href":"https:\/\/www.vinodis.com\/nl\/wp-json\/wp\/v2\/types\/product"}],"replies":[{"embeddable":true,"href":"https:\/\/www.vinodis.com\/nl\/wp-json\/wp\/v2\/comments?post=38361"}],"wp:featuredmedia":[{"embeddable":true,"href":"https:\/\/www.vinodis.com\/nl\/wp-json\/wp\/v2\/media\/36483"}],"wp:attachment":[{"href":"https:\/\/www.vinodis.com\/nl\/wp-json\/wp\/v2\/media?parent=38361"}],"wp:term":[{"taxonomy":"set_accompanying_cat","embeddable":true,"href":"https:\/\/www.vinodis.com\/nl\/wp-json\/wp\/v2\/set_accompanying_cat?post=38361"},{"taxonomy":"beer_cat","embeddable":true,"href":"https:\/\/www.vinodis.com\/nl\/wp-json\/wp\/v2\/beer_cat?post=38361"},{"taxonomy":"alcohol_cat","embeddable":true,"href":"https:\/\/www.vinodis.com\/nl\/wp-json\/wp\/v2\/alcohol_cat?post=38361"},{"taxonomy":"wine_cat","embeddable":true,"href":"https:\/\/www.vinodis.com\/nl\/wp-json\/wp\/v2\/wine_cat?post=38361"},{"taxonomy":"grapes_cat","embeddable":true,"href":"https:\/\/www.vinodis.com\/nl\/wp-json\/wp\/v2\/grapes_cat?post=38361"},{"taxonomy":"fournisseur","embeddable":true,"href":"https:\/\/www.vinodis.com\/nl\/wp-json\/wp\/v2\/fournisseur?post=38361"},{"taxonomy":"regions_cat","embeddable":true,"href":"https:\/\/www.vinodis.com\/nl\/wp-json\/wp\/v2\/regions_cat?post=38361"},{"taxonomy":"set_winetype_cat","embeddable":true,"href":"https:\/\/www.vinodis.com\/nl\/wp-json\/wp\/v2\/set_winetype_cat?post=38361"},{"taxonomy":"product_brand","embeddable":true,"href":"https:\/\/www.vinodis.com\/nl\/wp-json\/wp\/v2\/product_brand?post=38361"},{"taxonomy":"product_cat","embeddable":true,"href":"https:\/\/www.vinodis.com\/nl\/wp-json\/wp\/v2\/product_cat?post=38361"},{"taxonomy":"product_tag","embeddable":true,"href":"https:\/\/www.vinodis.com\/nl\/wp-json\/wp\/v2\/product_tag?post=38361"}],"curies":[{"name":"wp","href":"https:\/\/api.w.org\/{rel}","templated":true}]}}