{"id":38358,"date":"2026-02-12T09:31:43","date_gmt":"2026-02-12T09:31:43","guid":{"rendered":"https:\/\/www.vinodis.com\/?post_type=product&#038;p=38358"},"modified":"2026-04-16T07:38:29","modified_gmt":"2026-04-16T07:38:29","slug":"bolgheri-superiore-ornellaia","status":"publish","type":"product","link":"https:\/\/www.vinodis.com\/nl\/product\/bolgheri-superiore-ornellaia\/","title":{"rendered":"Bolgheri Superiore Ornellaia"},"content":{"rendered":"<p>De kleur is intens, sprankelend robijnrood.<\/p>\n<p>De neus zit vol rijp rood fruit met een vleugje toast.<\/p>\n<p>Het gehemelte is geconcentreerd en krachtig, maar indrukwekkend zijn de lichtheid en finesse van de tannines.<\/p>\n<p>Een wijn van buitengewone klasse en zeldzame elegantie.<\/p>\n<p>Betaalbaar met <strong>Lunch-Pass van Sodexo en Maaltijdcheque van Monizze<\/strong>.<\/p>\n<p>Als u andere cheques wilt gebruiken, neem dan contact met ons op: <a href=\"mailto:vi*****@*****is.com\" data-original-string=\"4RdFN5WfTHB\/NKYLcZXmRA==51b10U8yorR3Y6ikJulGWyJroj+PYukFZYG2TtRfp+7t7Q=\" title=\"Dit contact is gecodeerd door Anti-Spam by CleanTalk. Klik om te decoderen. Om het decoderen te voltooien, moet JavaScript ingeschakeld zijn in je browser.\"><span \n                data-original-string='Slupxd\/OXLMHHzZXpXoHIw==51bg+34Lg20hx2ltOOxf8xRU171oOxe5aoKiTVp7vpnq7A='\n                class='apbct-email-encoder'\n                title='Dit contact is gecodeerd door Anti-Spam by CleanTalk. Klik om te decoderen. Om het decoderen te voltooien, moet JavaScript ingeschakeld zijn in je browser.'>vi<span class=\"apbct-blur\">*****<\/span>@<span class=\"apbct-blur\">*****<\/span>is.com<\/span><\/a><\/p>","protected":false},"excerpt":{"rendered":"<p>La robe est robe rubis intense et scintillante. Le nez regorge de fruits rouges m\u00fbrs avec quelques l\u00e9g\u00e8res notes grill\u00e9es. La bouche est concentr\u00e9e et puissante mais ce qui impressionnant, c&rsquo;est la l\u00e9g\u00e8ret\u00e9 et la finesse des tanins. Un vin d&rsquo;une classe folle et de rare \u00e9l\u00e9gance. Betaalbaar met Lunch-Pass van Sodexo en Maaltijdcheque van [&hellip;]<\/p>\n","protected":false},"featured_media":36221,"comment_status":"closed","ping_status":"closed","template":"","meta":{"_acf_changed":false},"set_accompanying_cat":[1976,1879,1916,1977],"beer_cat":[],"alcohol_cat":[],"wine_cat":[3110,1860,1868],"grapes_cat":[2033,1884,1885,1987],"fournisseur":[],"regions_cat":[2032],"set_winetype_cat":[3046],"product_brand":[],"product_cat":[240],"product_tag":[],"class_list":{"0":"post-38358","1":"product","2":"type-product","3":"status-publish","4":"has-post-thumbnail","6":"set_accompanying_cat-fromages-forts","7":"set_accompanying_cat-grillades","8":"set_accompanying_cat-viandes-rouges","9":"set_accompanying_cat-vin-de-meditation","10":"wine_cat-boise","11":"wine_cat-coups-de-coeur","12":"wine_cat-epice","13":"grapes_cat-cabernet-franc","14":"grapes_cat-cabernet-sauvignon","15":"grapes_cat-merlot","16":"grapes_cat-petit-verdot","17":"regions_cat-bolgheri","18":"set_winetype_cat-rouge","19":"product_cat-vins","21":"first","22":"outofstock","23":"taxable","24":"shipping-taxable","25":"purchasable","26":"product-type-simple"},"acf":[],"_links":{"self":[{"href":"https:\/\/www.vinodis.com\/nl\/wp-json\/wp\/v2\/product\/38358","targetHints":{"allow":["GET"]}}],"collection":[{"href":"https:\/\/www.vinodis.com\/nl\/wp-json\/wp\/v2\/product"}],"about":[{"href":"https:\/\/www.vinodis.com\/nl\/wp-json\/wp\/v2\/types\/product"}],"replies":[{"embeddable":true,"href":"https:\/\/www.vinodis.com\/nl\/wp-json\/wp\/v2\/comments?post=38358"}],"wp:featuredmedia":[{"embeddable":true,"href":"https:\/\/www.vinodis.com\/nl\/wp-json\/wp\/v2\/media\/36221"}],"wp:attachment":[{"href":"https:\/\/www.vinodis.com\/nl\/wp-json\/wp\/v2\/media?parent=38358"}],"wp:term":[{"taxonomy":"set_accompanying_cat","embeddable":true,"href":"https:\/\/www.vinodis.com\/nl\/wp-json\/wp\/v2\/set_accompanying_cat?post=38358"},{"taxonomy":"beer_cat","embeddable":true,"href":"https:\/\/www.vinodis.com\/nl\/wp-json\/wp\/v2\/beer_cat?post=38358"},{"taxonomy":"alcohol_cat","embeddable":true,"href":"https:\/\/www.vinodis.com\/nl\/wp-json\/wp\/v2\/alcohol_cat?post=38358"},{"taxonomy":"wine_cat","embeddable":true,"href":"https:\/\/www.vinodis.com\/nl\/wp-json\/wp\/v2\/wine_cat?post=38358"},{"taxonomy":"grapes_cat","embeddable":true,"href":"https:\/\/www.vinodis.com\/nl\/wp-json\/wp\/v2\/grapes_cat?post=38358"},{"taxonomy":"fournisseur","embeddable":true,"href":"https:\/\/www.vinodis.com\/nl\/wp-json\/wp\/v2\/fournisseur?post=38358"},{"taxonomy":"regions_cat","embeddable":true,"href":"https:\/\/www.vinodis.com\/nl\/wp-json\/wp\/v2\/regions_cat?post=38358"},{"taxonomy":"set_winetype_cat","embeddable":true,"href":"https:\/\/www.vinodis.com\/nl\/wp-json\/wp\/v2\/set_winetype_cat?post=38358"},{"taxonomy":"product_brand","embeddable":true,"href":"https:\/\/www.vinodis.com\/nl\/wp-json\/wp\/v2\/product_brand?post=38358"},{"taxonomy":"product_cat","embeddable":true,"href":"https:\/\/www.vinodis.com\/nl\/wp-json\/wp\/v2\/product_cat?post=38358"},{"taxonomy":"product_tag","embeddable":true,"href":"https:\/\/www.vinodis.com\/nl\/wp-json\/wp\/v2\/product_tag?post=38358"}],"curies":[{"name":"wp","href":"https:\/\/api.w.org\/{rel}","templated":true}]}}