{"id":38348,"date":"2026-02-12T09:31:41","date_gmt":"2026-02-12T09:31:41","guid":{"rendered":"https:\/\/www.vinodis.com\/?post_type=product&#038;p=38348"},"modified":"2026-04-16T07:38:28","modified_gmt":"2026-04-16T07:38:28","slug":"syrah-les-vignes-da-cote","status":"publish","type":"product","link":"https:\/\/www.vinodis.com\/nl\/product\/syrah-les-vignes-da-cote\/","title":{"rendered":"Syrah Les Vignes d'\u00e0 C\u00f4t\u00e9"},"content":{"rendered":"","protected":false},"excerpt":{"rendered":"","protected":false},"featured_media":36472,"comment_status":"closed","ping_status":"closed","template":"","meta":{"_acf_changed":false},"set_accompanying_cat":[1878,1887,2003],"beer_cat":[],"alcohol_cat":[],"wine_cat":[1860,1855],"grapes_cat":[1988],"fournisseur":[],"regions_cat":[2039],"set_winetype_cat":[3046],"product_brand":[],"product_cat":[240],"product_tag":[],"class_list":{"0":"post-38348","1":"product","2":"type-product","3":"status-publish","4":"has-post-thumbnail","6":"set_accompanying_cat-charcuteries-et-salaisons","7":"set_accompanying_cat-pates","8":"set_accompanying_cat-pizzas","9":"wine_cat-coups-de-coeur","10":"wine_cat-fruite","11":"grapes_cat-syrah","12":"regions_cat-rhone","13":"set_winetype_cat-rouge","14":"product_cat-vins","16":"first","17":"instock","18":"taxable","19":"shipping-taxable","20":"purchasable","21":"product-type-simple"},"acf":[],"_links":{"self":[{"href":"https:\/\/www.vinodis.com\/nl\/wp-json\/wp\/v2\/product\/38348","targetHints":{"allow":["GET"]}}],"collection":[{"href":"https:\/\/www.vinodis.com\/nl\/wp-json\/wp\/v2\/product"}],"about":[{"href":"https:\/\/www.vinodis.com\/nl\/wp-json\/wp\/v2\/types\/product"}],"replies":[{"embeddable":true,"href":"https:\/\/www.vinodis.com\/nl\/wp-json\/wp\/v2\/comments?post=38348"}],"wp:featuredmedia":[{"embeddable":true,"href":"https:\/\/www.vinodis.com\/nl\/wp-json\/wp\/v2\/media\/36472"}],"wp:attachment":[{"href":"https:\/\/www.vinodis.com\/nl\/wp-json\/wp\/v2\/media?parent=38348"}],"wp:term":[{"taxonomy":"set_accompanying_cat","embeddable":true,"href":"https:\/\/www.vinodis.com\/nl\/wp-json\/wp\/v2\/set_accompanying_cat?post=38348"},{"taxonomy":"beer_cat","embeddable":true,"href":"https:\/\/www.vinodis.com\/nl\/wp-json\/wp\/v2\/beer_cat?post=38348"},{"taxonomy":"alcohol_cat","embeddable":true,"href":"https:\/\/www.vinodis.com\/nl\/wp-json\/wp\/v2\/alcohol_cat?post=38348"},{"taxonomy":"wine_cat","embeddable":true,"href":"https:\/\/www.vinodis.com\/nl\/wp-json\/wp\/v2\/wine_cat?post=38348"},{"taxonomy":"grapes_cat","embeddable":true,"href":"https:\/\/www.vinodis.com\/nl\/wp-json\/wp\/v2\/grapes_cat?post=38348"},{"taxonomy":"fournisseur","embeddable":true,"href":"https:\/\/www.vinodis.com\/nl\/wp-json\/wp\/v2\/fournisseur?post=38348"},{"taxonomy":"regions_cat","embeddable":true,"href":"https:\/\/www.vinodis.com\/nl\/wp-json\/wp\/v2\/regions_cat?post=38348"},{"taxonomy":"set_winetype_cat","embeddable":true,"href":"https:\/\/www.vinodis.com\/nl\/wp-json\/wp\/v2\/set_winetype_cat?post=38348"},{"taxonomy":"product_brand","embeddable":true,"href":"https:\/\/www.vinodis.com\/nl\/wp-json\/wp\/v2\/product_brand?post=38348"},{"taxonomy":"product_cat","embeddable":true,"href":"https:\/\/www.vinodis.com\/nl\/wp-json\/wp\/v2\/product_cat?post=38348"},{"taxonomy":"product_tag","embeddable":true,"href":"https:\/\/www.vinodis.com\/nl\/wp-json\/wp\/v2\/product_tag?post=38348"}],"curies":[{"name":"wp","href":"https:\/\/api.w.org\/{rel}","templated":true}]}}