{"id":38302,"date":"2026-02-12T09:31:00","date_gmt":"2026-02-12T09:31:00","guid":{"rendered":"https:\/\/www.vinodis.com\/?post_type=product&#038;p=38302"},"modified":"2026-04-16T07:38:28","modified_gmt":"2026-04-16T07:38:28","slug":"cerasuolo-frt","status":"publish","type":"product","link":"https:\/\/www.vinodis.com\/nl\/product\/cerasuolo-frt\/","title":{"rendered":"Cerasuolo FRT"},"content":{"rendered":"<p>Een roze wijn met hints van kersenrood.<\/p>\n<p>De neus is delicaat, met tonen van rood fruit. Een aangename, frisse wijn.<\/p>\n<p>Een ros\u00e9 voor tijdens de maaltijd.<\/p>\n<p>Te betalen met <strong>Sodexo Lunch-Pass en Monizze maaltijdcheques<\/strong>.<\/p>\n<p>Als je andere soorten cheques wilt gebruiken, neem dan contact met ons op: <a href=\"mailto:vi*****@*****is.com\" data-original-string=\"OxFm0LXS0d5i3u1wkVAjTg==51bk\/GuKSfmamzzljtUe5qj+rjWRR4u4PzIdSPYyuUeNfI=\" title=\"Dit contact is gecodeerd door Anti-Spam by CleanTalk. Klik om te decoderen. Om het decoderen te voltooien, moet JavaScript ingeschakeld zijn in je browser.\"><span \n                data-original-string='khsF0UMUBbSq0vps8m6MPw==51b7aH53f1qsuJCE199\/KdmcdXIDXH0J8HWNymrRtdXtKI='\n                class='apbct-email-encoder'\n                title='Dit contact is gecodeerd door Anti-Spam by CleanTalk. Klik om te decoderen. Om het decoderen te voltooien, moet JavaScript ingeschakeld zijn in je browser.'>vi<span class=\"apbct-blur\">*****<\/span>@<span class=\"apbct-blur\">*****<\/span>is.com<\/span><\/a><\/p>","protected":false},"excerpt":{"rendered":"<p>Vin de couleur rose aux l\u00e9g\u00e8res notes rouge cerise. Le nez est d\u00e9licat, sur des notes de fruits rouges. Un vin agr\u00e9able et frais. Un ros\u00e9 de repas. Payable avec les Lunch-Pass de Sodexo et Ch\u00e8que-Repas de Monizze. Si vous souhaitez utiliser d&rsquo;autres types de ch\u00e8ques, contactez-nous : vi*****@*****is.com<\/p>","protected":false},"featured_media":36385,"comment_status":"closed","ping_status":"closed","template":"","meta":{"_acf_changed":false},"set_accompanying_cat":[1941,1878,1894,1887,1944],"beer_cat":[],"alcohol_cat":[],"wine_cat":[1855],"grapes_cat":[1991],"fournisseur":[],"regions_cat":[3294],"set_winetype_cat":[3051],"product_brand":[],"product_cat":[240],"product_tag":[],"class_list":{"0":"post-38302","1":"product","2":"type-product","3":"status-publish","4":"has-post-thumbnail","6":"set_accompanying_cat-aperitif","7":"set_accompanying_cat-charcuteries-et-salaisons","8":"set_accompanying_cat-entrees","9":"set_accompanying_cat-pates","10":"set_accompanying_cat-plats-froids","11":"wine_cat-fruite","12":"grapes_cat-montepulciano","13":"regions_cat-montepulciano-dabruzzo-abruzzo","14":"set_winetype_cat-rose","15":"product_cat-vins","17":"first","18":"instock","19":"taxable","20":"shipping-taxable","21":"purchasable","22":"product-type-simple"},"acf":[],"_links":{"self":[{"href":"https:\/\/www.vinodis.com\/nl\/wp-json\/wp\/v2\/product\/38302","targetHints":{"allow":["GET"]}}],"collection":[{"href":"https:\/\/www.vinodis.com\/nl\/wp-json\/wp\/v2\/product"}],"about":[{"href":"https:\/\/www.vinodis.com\/nl\/wp-json\/wp\/v2\/types\/product"}],"replies":[{"embeddable":true,"href":"https:\/\/www.vinodis.com\/nl\/wp-json\/wp\/v2\/comments?post=38302"}],"wp:featuredmedia":[{"embeddable":true,"href":"https:\/\/www.vinodis.com\/nl\/wp-json\/wp\/v2\/media\/36385"}],"wp:attachment":[{"href":"https:\/\/www.vinodis.com\/nl\/wp-json\/wp\/v2\/media?parent=38302"}],"wp:term":[{"taxonomy":"set_accompanying_cat","embeddable":true,"href":"https:\/\/www.vinodis.com\/nl\/wp-json\/wp\/v2\/set_accompanying_cat?post=38302"},{"taxonomy":"beer_cat","embeddable":true,"href":"https:\/\/www.vinodis.com\/nl\/wp-json\/wp\/v2\/beer_cat?post=38302"},{"taxonomy":"alcohol_cat","embeddable":true,"href":"https:\/\/www.vinodis.com\/nl\/wp-json\/wp\/v2\/alcohol_cat?post=38302"},{"taxonomy":"wine_cat","embeddable":true,"href":"https:\/\/www.vinodis.com\/nl\/wp-json\/wp\/v2\/wine_cat?post=38302"},{"taxonomy":"grapes_cat","embeddable":true,"href":"https:\/\/www.vinodis.com\/nl\/wp-json\/wp\/v2\/grapes_cat?post=38302"},{"taxonomy":"fournisseur","embeddable":true,"href":"https:\/\/www.vinodis.com\/nl\/wp-json\/wp\/v2\/fournisseur?post=38302"},{"taxonomy":"regions_cat","embeddable":true,"href":"https:\/\/www.vinodis.com\/nl\/wp-json\/wp\/v2\/regions_cat?post=38302"},{"taxonomy":"set_winetype_cat","embeddable":true,"href":"https:\/\/www.vinodis.com\/nl\/wp-json\/wp\/v2\/set_winetype_cat?post=38302"},{"taxonomy":"product_brand","embeddable":true,"href":"https:\/\/www.vinodis.com\/nl\/wp-json\/wp\/v2\/product_brand?post=38302"},{"taxonomy":"product_cat","embeddable":true,"href":"https:\/\/www.vinodis.com\/nl\/wp-json\/wp\/v2\/product_cat?post=38302"},{"taxonomy":"product_tag","embeddable":true,"href":"https:\/\/www.vinodis.com\/nl\/wp-json\/wp\/v2\/product_tag?post=38302"}],"curies":[{"name":"wp","href":"https:\/\/api.w.org\/{rel}","templated":true}]}}