{"id":38295,"date":"2026-02-12T09:30:59","date_gmt":"2026-02-12T09:30:59","guid":{"rendered":"https:\/\/www.vinodis.com\/?post_type=product&#038;p=38295"},"modified":"2026-04-16T07:38:28","modified_gmt":"2026-04-16T07:38:28","slug":"pack-gueuze-riesling-tilquin","status":"publish","type":"product","link":"https:\/\/www.vinodis.com\/nl\/product\/pack-gueuze-riesling-tilquin\/","title":{"rendered":"Pack Gueuze Riesling Tilquin"},"content":{"rendered":"<p>Een spontaan gistend bier geproduceerd door Rieslingdruiven uit de Elzas gedurende 4 maanden te laten gisten in een mengsel van 1, 2 en 3 jaar oude lambiek.<\/p>\n<p>Deze Riesling geuze is een kundige mix van typische Riesling toetsen, minimale zoetheid en het wilde karakter van zuur bier.<\/p>\n<p>Gezien het enorme succes van deze geuze (en de zeer kleine hoeveelheden die geproduceerd worden), werden we gevraagd om dit pakket te cre\u00ebren.<\/p>\n<p>Te betalen met &lt;b&gt;Sodexo Lunch-Pass en Monizze maaltijdcheques&lt;\/b&gt;.<\/p>\n<p>Als u andere soorten cheques wilt gebruiken, neem dan contact met ons op: &lt;a href=<a href=\"mailto:vi*****@*****is.com\" data-original-string=\"N6n26\/2EG\/cOjLVOL5e6bQ==51bP3X6KImamQ\/S3wAzaORyuG8jywa9N95yvi3K9wFsseU=\" title=\"Dit contact is gecodeerd door Anti-Spam by CleanTalk. Klik om te decoderen. Om het decoderen te voltooien, moet JavaScript ingeschakeld zijn in je browser.\">mailto:vi*****@*****is.com\u00a0\u00bb data-original-string=\u00a0\u00bbHxOP5zQ7HtmtYgzq\/QdbGg==51bJLXZLvZz9Z4PoYhiGHhvzBRgqt2DGU6ylTLUev\/sqtNn6uVzLRSsuhVyDDTXSiGn\u00a0\u00bb title=\u00a0\u00bbDit contact is gecodeerd door Anti-Spam by CleanTalk. Klik om te decoderen. Om het decoderen te voltooien, moet JavaScript ingeschakeld zijn in je browser.<\/a>&gt;<a href=\"mailto:vi*****@*****is.com\" data-original-string=\"QKcDx2aJFsOv3gsBNyxojw==51bxFQegSlfYlaKJIb1dIvF4rlNEwRTTXaGQE4L078G1Zw=\" title=\"Dit contact is gecodeerd door Anti-Spam by CleanTalk. Klik om te decoderen. Om het decoderen te voltooien, moet JavaScript ingeschakeld zijn in je browser.%3c\/a\"><span \n                data-original-string='QwXbqngN\/OxLzmQEdNpqSQ==51buAaGtQIE0UMQtw4vFeX7Ft+yaPz11NugAaGB8SQ58qI='\n                class='apbct-email-encoder'\n                title='Dit contact is gecodeerd door Anti-Spam by CleanTalk. Klik om te decoderen. Om het decoderen te voltooien, moet JavaScript ingeschakeld zijn in je browser.'>vi<span class=\"apbct-blur\">*****<\/span>@<span class=\"apbct-blur\">*****<\/span>is.com<\/span>&lt;\/a<\/a>&gt;<\/p>","protected":false},"excerpt":{"rendered":"<p>Bi\u00e8re de fermentation spontan\u00e9e issue de la fermentation de raisins Riesling provenant d&rsquo;Alsace dans un assemblage de lambics de 1, 2 et 3 ans d&rsquo;\u00e2ge pour une dur\u00e9e de 4 mois. Cette gueuze Riesling est un savant m\u00e9lange de notes typiques de Riesling, une douceur minimale et le caract\u00e8re sauvage de bi\u00e8re aigre. Au vu [&hellip;]<\/p>\n","protected":false},"featured_media":36350,"comment_status":"closed","ping_status":"closed","template":"","meta":{"_acf_changed":false},"set_accompanying_cat":[1941,2073],"beer_cat":[],"alcohol_cat":[],"wine_cat":[3110,1855],"grapes_cat":[3232],"fournisseur":[],"regions_cat":[3304,2411],"set_winetype_cat":[],"product_brand":[],"product_cat":[241],"product_tag":[],"class_list":{"0":"post-38295","1":"product","2":"type-product","3":"status-publish","4":"has-post-thumbnail","6":"set_accompanying_cat-aperitif","7":"set_accompanying_cat-poissons-en-sauce","8":"wine_cat-boise","9":"wine_cat-fruite","10":"grapes_cat-biere","11":"regions_cat-biere","12":"regions_cat-brabant-wallon","13":"product_cat-bieres","15":"first","16":"instock","17":"taxable","18":"shipping-taxable","19":"purchasable","20":"product-type-simple"},"acf":[],"_links":{"self":[{"href":"https:\/\/www.vinodis.com\/nl\/wp-json\/wp\/v2\/product\/38295","targetHints":{"allow":["GET"]}}],"collection":[{"href":"https:\/\/www.vinodis.com\/nl\/wp-json\/wp\/v2\/product"}],"about":[{"href":"https:\/\/www.vinodis.com\/nl\/wp-json\/wp\/v2\/types\/product"}],"replies":[{"embeddable":true,"href":"https:\/\/www.vinodis.com\/nl\/wp-json\/wp\/v2\/comments?post=38295"}],"wp:featuredmedia":[{"embeddable":true,"href":"https:\/\/www.vinodis.com\/nl\/wp-json\/wp\/v2\/media\/36350"}],"wp:attachment":[{"href":"https:\/\/www.vinodis.com\/nl\/wp-json\/wp\/v2\/media?parent=38295"}],"wp:term":[{"taxonomy":"set_accompanying_cat","embeddable":true,"href":"https:\/\/www.vinodis.com\/nl\/wp-json\/wp\/v2\/set_accompanying_cat?post=38295"},{"taxonomy":"beer_cat","embeddable":true,"href":"https:\/\/www.vinodis.com\/nl\/wp-json\/wp\/v2\/beer_cat?post=38295"},{"taxonomy":"alcohol_cat","embeddable":true,"href":"https:\/\/www.vinodis.com\/nl\/wp-json\/wp\/v2\/alcohol_cat?post=38295"},{"taxonomy":"wine_cat","embeddable":true,"href":"https:\/\/www.vinodis.com\/nl\/wp-json\/wp\/v2\/wine_cat?post=38295"},{"taxonomy":"grapes_cat","embeddable":true,"href":"https:\/\/www.vinodis.com\/nl\/wp-json\/wp\/v2\/grapes_cat?post=38295"},{"taxonomy":"fournisseur","embeddable":true,"href":"https:\/\/www.vinodis.com\/nl\/wp-json\/wp\/v2\/fournisseur?post=38295"},{"taxonomy":"regions_cat","embeddable":true,"href":"https:\/\/www.vinodis.com\/nl\/wp-json\/wp\/v2\/regions_cat?post=38295"},{"taxonomy":"set_winetype_cat","embeddable":true,"href":"https:\/\/www.vinodis.com\/nl\/wp-json\/wp\/v2\/set_winetype_cat?post=38295"},{"taxonomy":"product_brand","embeddable":true,"href":"https:\/\/www.vinodis.com\/nl\/wp-json\/wp\/v2\/product_brand?post=38295"},{"taxonomy":"product_cat","embeddable":true,"href":"https:\/\/www.vinodis.com\/nl\/wp-json\/wp\/v2\/product_cat?post=38295"},{"taxonomy":"product_tag","embeddable":true,"href":"https:\/\/www.vinodis.com\/nl\/wp-json\/wp\/v2\/product_tag?post=38295"}],"curies":[{"name":"wp","href":"https:\/\/api.w.org\/{rel}","templated":true}]}}