{"id":38280,"date":"2026-02-12T09:30:41","date_gmt":"2026-02-12T09:30:41","guid":{"rendered":"https:\/\/www.vinodis.com\/?post_type=product&#038;p=38280"},"modified":"2026-04-17T10:08:42","modified_gmt":"2026-04-17T10:08:42","slug":"bordeaux-moelleux-aphrodite","status":"publish","type":"product","link":"https:\/\/www.vinodis.com\/nl\/product\/bordeaux-moelleux-aphrodite\/","title":{"rendered":"Bordeaux Afrodite"},"content":{"rendered":"<p>De kleur is goudgeel.<\/p>\n<p>De neus onthult tonen van peer en abrikoos.<\/p>\n<p>In de mond word je verleid door de frisse aroma's van exotisch fruit.<\/p>\n<p>Te betalen met <strong>Lunch-<\/strong><strong>Pas<\/strong><strong> van Sodexo en maaltijdcheques van Monizze<\/strong>.<\/p>\n<p>Als je andere soorten cheques wilt gebruiken, neem dan contact met ons op: <a href=\"mailto:vi*****@*****is.com\" data-original-string=\"eCBKFL\/Q4tWtMZxayTwhlQ==51bbi2JPUEnlZTmjbpP39YoBa7YBxipkI85L6QzbRfiLL4=\" title=\"Dit contact is gecodeerd door Anti-Spam by CleanTalk. Klik om te decoderen. Om het decoderen te voltooien, moet JavaScript ingeschakeld zijn in je browser.\" data-auth=\"NotApplicable\"><span \n                data-original-string='l+hp56qx8pCU5qJkpgHHCg==51buvER8FE378jR5wCvCzAwfj+IOckcQxJFzmveUEwQYY4='\n                class='apbct-email-encoder'\n                title='Dit contact is gecodeerd door Anti-Spam by CleanTalk. Klik om te decoderen. Om het decoderen te voltooien, moet JavaScript ingeschakeld zijn in je browser.'>vi<span class=\"apbct-blur\">*****<\/span>@<span class=\"apbct-blur\">*****<\/span>is.com<\/span><\/a><\/p>\n<p>&nbsp;<\/p>\n<p>&nbsp;<\/p>\n<p>&nbsp;<\/p>","protected":false},"excerpt":{"rendered":"<p>Sa robe est jaune or. Au nez, vous d\u00e9couvrirez des notes de poires et d&rsquo;abricots. En bouche, vous vous laisserez s\u00e9duire par les ar\u00f4mes frais de fruits exotiques. Payable avec les Lunch-Pass de Sodexo et Ch\u00e8que-Repas de Monizze. Si vous souhaitez utiliser d&rsquo;autres types de ch\u00e8ques, contactez-nous : vi*****@*****is.com &nbsp; &nbsp; &nbsp;<\/p>","protected":false},"featured_media":36337,"comment_status":"closed","ping_status":"closed","template":"","meta":{"_acf_changed":false},"set_accompanying_cat":[1941,1951,1908,1953],"beer_cat":[],"alcohol_cat":[],"wine_cat":[1855],"grapes_cat":[2068,2094],"fournisseur":[],"regions_cat":[2103],"set_winetype_cat":[3122],"product_brand":[],"product_cat":[240],"product_tag":[],"class_list":{"0":"post-38280","1":"product","2":"type-product","3":"status-publish","4":"has-post-thumbnail","6":"set_accompanying_cat-aperitif","7":"set_accompanying_cat-desserts","8":"set_accompanying_cat-foie-gras","9":"set_accompanying_cat-fromages-bleus","10":"wine_cat-fruite","11":"grapes_cat-sauvignon","12":"grapes_cat-sauvignon-gris","13":"regions_cat-loupiac-aoc","14":"set_winetype_cat-dessert","15":"product_cat-vins","17":"first","18":"instock","19":"taxable","20":"shipping-taxable","21":"purchasable","22":"product-type-simple"},"acf":[],"_links":{"self":[{"href":"https:\/\/www.vinodis.com\/nl\/wp-json\/wp\/v2\/product\/38280","targetHints":{"allow":["GET"]}}],"collection":[{"href":"https:\/\/www.vinodis.com\/nl\/wp-json\/wp\/v2\/product"}],"about":[{"href":"https:\/\/www.vinodis.com\/nl\/wp-json\/wp\/v2\/types\/product"}],"replies":[{"embeddable":true,"href":"https:\/\/www.vinodis.com\/nl\/wp-json\/wp\/v2\/comments?post=38280"}],"wp:featuredmedia":[{"embeddable":true,"href":"https:\/\/www.vinodis.com\/nl\/wp-json\/wp\/v2\/media\/36337"}],"wp:attachment":[{"href":"https:\/\/www.vinodis.com\/nl\/wp-json\/wp\/v2\/media?parent=38280"}],"wp:term":[{"taxonomy":"set_accompanying_cat","embeddable":true,"href":"https:\/\/www.vinodis.com\/nl\/wp-json\/wp\/v2\/set_accompanying_cat?post=38280"},{"taxonomy":"beer_cat","embeddable":true,"href":"https:\/\/www.vinodis.com\/nl\/wp-json\/wp\/v2\/beer_cat?post=38280"},{"taxonomy":"alcohol_cat","embeddable":true,"href":"https:\/\/www.vinodis.com\/nl\/wp-json\/wp\/v2\/alcohol_cat?post=38280"},{"taxonomy":"wine_cat","embeddable":true,"href":"https:\/\/www.vinodis.com\/nl\/wp-json\/wp\/v2\/wine_cat?post=38280"},{"taxonomy":"grapes_cat","embeddable":true,"href":"https:\/\/www.vinodis.com\/nl\/wp-json\/wp\/v2\/grapes_cat?post=38280"},{"taxonomy":"fournisseur","embeddable":true,"href":"https:\/\/www.vinodis.com\/nl\/wp-json\/wp\/v2\/fournisseur?post=38280"},{"taxonomy":"regions_cat","embeddable":true,"href":"https:\/\/www.vinodis.com\/nl\/wp-json\/wp\/v2\/regions_cat?post=38280"},{"taxonomy":"set_winetype_cat","embeddable":true,"href":"https:\/\/www.vinodis.com\/nl\/wp-json\/wp\/v2\/set_winetype_cat?post=38280"},{"taxonomy":"product_brand","embeddable":true,"href":"https:\/\/www.vinodis.com\/nl\/wp-json\/wp\/v2\/product_brand?post=38280"},{"taxonomy":"product_cat","embeddable":true,"href":"https:\/\/www.vinodis.com\/nl\/wp-json\/wp\/v2\/product_cat?post=38280"},{"taxonomy":"product_tag","embeddable":true,"href":"https:\/\/www.vinodis.com\/nl\/wp-json\/wp\/v2\/product_tag?post=38280"}],"curies":[{"name":"wp","href":"https:\/\/api.w.org\/{rel}","templated":true}]}}