{"id":38232,"date":"2026-02-12T09:29:59","date_gmt":"2026-02-12T09:29:59","guid":{"rendered":"https:\/\/www.vinodis.com\/?post_type=product&#038;p=38232"},"modified":"2026-04-16T07:38:26","modified_gmt":"2026-04-16T07:38:26","slug":"gin-aux-cuberdons-cuberdgin","status":"publish","type":"product","link":"https:\/\/www.vinodis.com\/nl\/product\/gin-aux-cuberdons-cuberdgin\/","title":{"rendered":"Cuberdgin jenever"},"content":{"rendered":"<p>Cuberdgin is een gin op smaak gebracht met cuberdons die puur gedronken kan worden, met een scheutje sinaasappelsap of met een scheutje neutrale tonic.<\/p>\n<p>Het wordt geproduceerd in samenwerking met de Roi du Cuberdons in Luik.<\/p>\n<p>Te betalen met Sodexo en Monizze? lunchcheques Als je andere soorten cheques wilt gebruiken, neem dan contact met ons op. <a href=\"mailto:vi*****@*****is.com\" data-original-string=\"mBoQQbsen+RmMxu6encnPw==51blIiwIWnQonphQceYybwshAoHomAy8RY\/gzW30owxeJk=\" title=\"Dit contact is gecodeerd door Anti-Spam by CleanTalk. Klik om te decoderen. Om het decoderen te voltooien, moet JavaScript ingeschakeld zijn in je browser.\"><span \n                data-original-string='8kNbNXX6nlRDhG7i31XBEg==51bmW4aB8uuw9zdmR\/QyaUcg1aRaAgfSsFXV\/ObqWU4FN8='\n                class='apbct-email-encoder'\n                title='Dit contact is gecodeerd door Anti-Spam by CleanTalk. Klik om te decoderen. Om het decoderen te voltooien, moet JavaScript ingeschakeld zijn in je browser.'>vi<span class=\"apbct-blur\">*****<\/span>@<span class=\"apbct-blur\">*****<\/span>is.com<\/span><\/a><\/p>","protected":false},"excerpt":{"rendered":"<p>Cuberdgin est un Gin aromatis\u00e9 aux cuberdons qu&rsquo;on boira pur, avec un trait de jus d&rsquo;orange ou encore avec un trait de tonic neutre. Il est produit en collaboration avec le Roi du Cuberdons \u00e0 Li\u00e8ge Payable avec les tickets restaurants de Sodexo et Monizze? Si vous souhaitez utilisez d&rsquo;autres types de ch\u00e8ques, contactez-nous vi*****@*****is.com<\/p>","protected":false},"featured_media":36230,"comment_status":"closed","ping_status":"closed","template":"","meta":{"_acf_changed":false},"set_accompanying_cat":[1941,1952],"beer_cat":[],"alcohol_cat":[],"wine_cat":[1868,1855],"grapes_cat":[3211],"fournisseur":[],"regions_cat":[3307,2002],"set_winetype_cat":[],"product_brand":[],"product_cat":[242],"product_tag":[],"class_list":{"0":"post-38232","1":"product","2":"type-product","3":"status-publish","4":"has-post-thumbnail","6":"set_accompanying_cat-aperitif","7":"set_accompanying_cat-digestif","8":"wine_cat-epice","9":"wine_cat-fruite","10":"grapes_cat-gin","11":"regions_cat-gin-spiritueux-bieres","12":"regions_cat-hainaut","13":"product_cat-spiritueux","15":"first","16":"instock","17":"taxable","18":"shipping-taxable","19":"purchasable","20":"product-type-simple"},"acf":[],"_links":{"self":[{"href":"https:\/\/www.vinodis.com\/nl\/wp-json\/wp\/v2\/product\/38232","targetHints":{"allow":["GET"]}}],"collection":[{"href":"https:\/\/www.vinodis.com\/nl\/wp-json\/wp\/v2\/product"}],"about":[{"href":"https:\/\/www.vinodis.com\/nl\/wp-json\/wp\/v2\/types\/product"}],"replies":[{"embeddable":true,"href":"https:\/\/www.vinodis.com\/nl\/wp-json\/wp\/v2\/comments?post=38232"}],"wp:featuredmedia":[{"embeddable":true,"href":"https:\/\/www.vinodis.com\/nl\/wp-json\/wp\/v2\/media\/36230"}],"wp:attachment":[{"href":"https:\/\/www.vinodis.com\/nl\/wp-json\/wp\/v2\/media?parent=38232"}],"wp:term":[{"taxonomy":"set_accompanying_cat","embeddable":true,"href":"https:\/\/www.vinodis.com\/nl\/wp-json\/wp\/v2\/set_accompanying_cat?post=38232"},{"taxonomy":"beer_cat","embeddable":true,"href":"https:\/\/www.vinodis.com\/nl\/wp-json\/wp\/v2\/beer_cat?post=38232"},{"taxonomy":"alcohol_cat","embeddable":true,"href":"https:\/\/www.vinodis.com\/nl\/wp-json\/wp\/v2\/alcohol_cat?post=38232"},{"taxonomy":"wine_cat","embeddable":true,"href":"https:\/\/www.vinodis.com\/nl\/wp-json\/wp\/v2\/wine_cat?post=38232"},{"taxonomy":"grapes_cat","embeddable":true,"href":"https:\/\/www.vinodis.com\/nl\/wp-json\/wp\/v2\/grapes_cat?post=38232"},{"taxonomy":"fournisseur","embeddable":true,"href":"https:\/\/www.vinodis.com\/nl\/wp-json\/wp\/v2\/fournisseur?post=38232"},{"taxonomy":"regions_cat","embeddable":true,"href":"https:\/\/www.vinodis.com\/nl\/wp-json\/wp\/v2\/regions_cat?post=38232"},{"taxonomy":"set_winetype_cat","embeddable":true,"href":"https:\/\/www.vinodis.com\/nl\/wp-json\/wp\/v2\/set_winetype_cat?post=38232"},{"taxonomy":"product_brand","embeddable":true,"href":"https:\/\/www.vinodis.com\/nl\/wp-json\/wp\/v2\/product_brand?post=38232"},{"taxonomy":"product_cat","embeddable":true,"href":"https:\/\/www.vinodis.com\/nl\/wp-json\/wp\/v2\/product_cat?post=38232"},{"taxonomy":"product_tag","embeddable":true,"href":"https:\/\/www.vinodis.com\/nl\/wp-json\/wp\/v2\/product_tag?post=38232"}],"curies":[{"name":"wp","href":"https:\/\/api.w.org\/{rel}","templated":true}]}}