{"id":38228,"date":"2026-02-12T09:29:59","date_gmt":"2026-02-12T09:29:59","guid":{"rendered":"https:\/\/www.vinodis.com\/?post_type=product&#038;p=38228"},"modified":"2026-04-16T07:38:26","modified_gmt":"2026-04-16T07:38:26","slug":"savagnin-ouille-36-mois","status":"publish","type":"product","link":"https:\/\/www.vinodis.com\/nl\/product\/savagnin-ouille-36-mois\/","title":{"rendered":"Gerijpte Savagnin 36 maanden"},"content":{"rendered":"<p>Deze wijn laat je kennismaken met een veelheid aan smaken: citrusschil, passievrucht, exotisch fruit, lychee\/mango, kruidig, bloemig, gedroogd fruit...<\/p>\n<p>Zijn goudgele kleur en complexe neus nemen je mee op een reis van verse specerijen en rijp exotisch fruit.<\/p>\n<p>Een wijn met veel energie, die mensen zal aanspreken die niet van typische Savagnin-wijnen houden!<\/p>\n<p>Te betalen met <strong>Eco-<\/strong><strong>Pas<\/strong><strong> van Sodexo en Eco-Ch\u00e8que van Monizze<\/strong>.<\/p>\n<p>Als je andere soorten cheques wilt gebruiken, neem dan contact met ons op: <a href=\"mailto:vi*****@*****is.com\" data-original-string=\"sbFiJgMfkEzwsLIq3viiJQ==51buq2vQ+VyO9mjgyokmQ4+pAVffqX\/SJb0falHLGXrGbE=\" title=\"Dit contact is gecodeerd door Anti-Spam by CleanTalk. Klik om te decoderen. Om het decoderen te voltooien, moet JavaScript ingeschakeld zijn in je browser.\" data-auth=\"NotApplicable\"><span \n                data-original-string='BsXYDzSR8d2ZouBe6Yb\/GA==51b9eGGWuQ45GrnEQn1\/mOzbvuT7Ap7tOkalW6ILfwJOLc='\n                class='apbct-email-encoder'\n                title='Dit contact is gecodeerd door Anti-Spam by CleanTalk. Klik om te decoderen. Om het decoderen te voltooien, moet JavaScript ingeschakeld zijn in je browser.'>vi<span class=\"apbct-blur\">*****<\/span>@<span class=\"apbct-blur\">*****<\/span>is.com<\/span><\/a><\/p>","protected":false},"excerpt":{"rendered":"<p>Ce vin vous fera d\u00e9couvrir une multitude de saveurs : zeste d&rsquo;agrumes, fruit de la passion, fruits exotiques, litchi\/mangue, \u00e9pic\u00e9, fleuri, fruits secs&#8230; Sa robe jaune dor\u00e9 et son nez complexe vous feront voyager gr\u00e2ce aux \u00e9pices fraiches et aux fruits exotiques m\u00fbrs. Un vin avec beaucoup d&rsquo;\u00e9nergie, qui saura plaire aux personnes qui n&rsquo;aiment [&hellip;]<\/p>\n","protected":false},"featured_media":36226,"comment_status":"closed","ping_status":"closed","template":"","meta":{"_acf_changed":false},"set_accompanying_cat":[1941,1892,1893,1895,1904,1888],"beer_cat":[],"alcohol_cat":[],"wine_cat":[1913],"grapes_cat":[2084],"fournisseur":[],"regions_cat":[2083],"set_winetype_cat":[3048],"product_brand":[],"product_cat":[240],"product_tag":[],"class_list":{"0":"post-38228","1":"product","2":"type-product","3":"status-publish","4":"has-post-thumbnail","6":"set_accompanying_cat-aperitif","7":"set_accompanying_cat-crustaces-et-coquillages","8":"set_accompanying_cat-cuisine-asiatique","9":"set_accompanying_cat-fruits-de-mer","10":"set_accompanying_cat-poissons","11":"set_accompanying_cat-viandes-blanches","12":"wine_cat-bio","13":"grapes_cat-savagnin","14":"regions_cat-arbois-pupillin-aoc","15":"set_winetype_cat-blanc","16":"product_cat-vins","18":"first","19":"instock","20":"taxable","21":"shipping-taxable","22":"purchasable","23":"product-type-simple"},"acf":[],"_links":{"self":[{"href":"https:\/\/www.vinodis.com\/nl\/wp-json\/wp\/v2\/product\/38228","targetHints":{"allow":["GET"]}}],"collection":[{"href":"https:\/\/www.vinodis.com\/nl\/wp-json\/wp\/v2\/product"}],"about":[{"href":"https:\/\/www.vinodis.com\/nl\/wp-json\/wp\/v2\/types\/product"}],"replies":[{"embeddable":true,"href":"https:\/\/www.vinodis.com\/nl\/wp-json\/wp\/v2\/comments?post=38228"}],"wp:featuredmedia":[{"embeddable":true,"href":"https:\/\/www.vinodis.com\/nl\/wp-json\/wp\/v2\/media\/36226"}],"wp:attachment":[{"href":"https:\/\/www.vinodis.com\/nl\/wp-json\/wp\/v2\/media?parent=38228"}],"wp:term":[{"taxonomy":"set_accompanying_cat","embeddable":true,"href":"https:\/\/www.vinodis.com\/nl\/wp-json\/wp\/v2\/set_accompanying_cat?post=38228"},{"taxonomy":"beer_cat","embeddable":true,"href":"https:\/\/www.vinodis.com\/nl\/wp-json\/wp\/v2\/beer_cat?post=38228"},{"taxonomy":"alcohol_cat","embeddable":true,"href":"https:\/\/www.vinodis.com\/nl\/wp-json\/wp\/v2\/alcohol_cat?post=38228"},{"taxonomy":"wine_cat","embeddable":true,"href":"https:\/\/www.vinodis.com\/nl\/wp-json\/wp\/v2\/wine_cat?post=38228"},{"taxonomy":"grapes_cat","embeddable":true,"href":"https:\/\/www.vinodis.com\/nl\/wp-json\/wp\/v2\/grapes_cat?post=38228"},{"taxonomy":"fournisseur","embeddable":true,"href":"https:\/\/www.vinodis.com\/nl\/wp-json\/wp\/v2\/fournisseur?post=38228"},{"taxonomy":"regions_cat","embeddable":true,"href":"https:\/\/www.vinodis.com\/nl\/wp-json\/wp\/v2\/regions_cat?post=38228"},{"taxonomy":"set_winetype_cat","embeddable":true,"href":"https:\/\/www.vinodis.com\/nl\/wp-json\/wp\/v2\/set_winetype_cat?post=38228"},{"taxonomy":"product_brand","embeddable":true,"href":"https:\/\/www.vinodis.com\/nl\/wp-json\/wp\/v2\/product_brand?post=38228"},{"taxonomy":"product_cat","embeddable":true,"href":"https:\/\/www.vinodis.com\/nl\/wp-json\/wp\/v2\/product_cat?post=38228"},{"taxonomy":"product_tag","embeddable":true,"href":"https:\/\/www.vinodis.com\/nl\/wp-json\/wp\/v2\/product_tag?post=38228"}],"curies":[{"name":"wp","href":"https:\/\/api.w.org\/{rel}","templated":true}]}}