{"id":38204,"date":"2026-02-12T09:29:44","date_gmt":"2026-02-12T09:29:44","guid":{"rendered":"https:\/\/www.vinodis.com\/?post_type=product&#038;p=38204"},"modified":"2026-04-16T07:38:25","modified_gmt":"2026-04-16T07:38:25","slug":"eva-cuvee-blanche","status":"publish","type":"product","link":"https:\/\/www.vinodis.com\/nl\/product\/eva-cuvee-blanche\/","title":{"rendered":"Eva Blanche"},"content":{"rendered":"<p>Eva komt van onze beste percelen, met handgeplukte druiven en een beperkte opbrengst in een beperkte oplage van 2.700 flessen.<\/p>\n<p>De blend van Tamyanka (muskaat), Chardonnay en Viognier geeft deze wijn zijn karakter.<\/p>\n<p>Met zijn complexe, subtiele aroma's van witte bloemen, citrusvruchten en groen en tropisch fruit is deze gouden wijn dicht en evenwichtig in de mond.<\/p>\n<p>Te betalen met <strong>Lunch-<\/strong><strong>Pas<\/strong><strong> van Sodexo en maaltijdcheques van Monizze<\/strong>.<\/p>\n<p>Als je andere soorten cheques wilt gebruiken, neem dan contact met ons op: <a href=\"mailto:vi*****@*****is.com\" data-original-string=\"RZU9+NvUxa1w\/cHkrbNSBA==51b2WpITcPgFJGCJcAaMtPqmeMG9gPW1D9+JK148DrJ+ks=\" title=\"Dit contact is gecodeerd door Anti-Spam by CleanTalk. Klik om te decoderen. Om het decoderen te voltooien, moet JavaScript ingeschakeld zijn in je browser.\" data-auth=\"NotApplicable\"><span \n                data-original-string='cqNH+b+Ofy5U6qEBt\/a87Q==51baGgsO4VCknBDG2g9V4jzX\/Ig9moOhZB49aFH1Vf5wcU='\n                class='apbct-email-encoder'\n                title='Dit contact is gecodeerd door Anti-Spam by CleanTalk. Klik om te decoderen. Om het decoderen te voltooien, moet JavaScript ingeschakeld zijn in je browser.'>vi<span class=\"apbct-blur\">*****<\/span>@<span class=\"apbct-blur\">*****<\/span>is.com<\/span><\/a><\/p>","protected":false},"excerpt":{"rendered":"<p>Eva\u00a0est issu de nos meilleures parcelles avec des raisins r\u00e9colt\u00e9s \u00e0 la main avec des rendements limit\u00e9s et dans une \u00e9dition limit\u00e9e de 2 700 bouteilles. L&rsquo;assemblage entre le Tamyanka (Muscat), le Chardonnay et le Viognier donne du caract\u00e8re \u00e0 ce vin. Aux ar\u00f4mes complexes et subtils de fleurs blanches, d&rsquo;agrumes, de fruits verts et [&hellip;]<\/p>\n","protected":false},"featured_media":36176,"comment_status":"closed","ping_status":"closed","template":"","meta":{"_acf_changed":false},"set_accompanying_cat":[1892,1943,2000,1904,1859],"beer_cat":[],"alcohol_cat":[],"wine_cat":[1860,1855],"grapes_cat":[1905,2112,2098],"fournisseur":[],"regions_cat":[2097],"set_winetype_cat":[3048],"product_brand":[],"product_cat":[240],"product_tag":[],"class_list":{"0":"post-38204","1":"product","2":"type-product","3":"status-publish","4":"has-post-thumbnail","6":"set_accompanying_cat-crustaces-et-coquillages","7":"set_accompanying_cat-fromage-de-chevre-chaud","8":"set_accompanying_cat-huitres","9":"set_accompanying_cat-poissons","10":"set_accompanying_cat-volaille","11":"wine_cat-coups-de-coeur","12":"wine_cat-fruite","13":"grapes_cat-chardonnay","14":"grapes_cat-muscat","15":"grapes_cat-viognier","16":"regions_cat-plaine-du-danube-igp","17":"set_winetype_cat-blanc","18":"product_cat-vins","20":"first","21":"instock","22":"taxable","23":"shipping-taxable","24":"purchasable","25":"product-type-simple"},"acf":[],"_links":{"self":[{"href":"https:\/\/www.vinodis.com\/nl\/wp-json\/wp\/v2\/product\/38204","targetHints":{"allow":["GET"]}}],"collection":[{"href":"https:\/\/www.vinodis.com\/nl\/wp-json\/wp\/v2\/product"}],"about":[{"href":"https:\/\/www.vinodis.com\/nl\/wp-json\/wp\/v2\/types\/product"}],"replies":[{"embeddable":true,"href":"https:\/\/www.vinodis.com\/nl\/wp-json\/wp\/v2\/comments?post=38204"}],"wp:featuredmedia":[{"embeddable":true,"href":"https:\/\/www.vinodis.com\/nl\/wp-json\/wp\/v2\/media\/36176"}],"wp:attachment":[{"href":"https:\/\/www.vinodis.com\/nl\/wp-json\/wp\/v2\/media?parent=38204"}],"wp:term":[{"taxonomy":"set_accompanying_cat","embeddable":true,"href":"https:\/\/www.vinodis.com\/nl\/wp-json\/wp\/v2\/set_accompanying_cat?post=38204"},{"taxonomy":"beer_cat","embeddable":true,"href":"https:\/\/www.vinodis.com\/nl\/wp-json\/wp\/v2\/beer_cat?post=38204"},{"taxonomy":"alcohol_cat","embeddable":true,"href":"https:\/\/www.vinodis.com\/nl\/wp-json\/wp\/v2\/alcohol_cat?post=38204"},{"taxonomy":"wine_cat","embeddable":true,"href":"https:\/\/www.vinodis.com\/nl\/wp-json\/wp\/v2\/wine_cat?post=38204"},{"taxonomy":"grapes_cat","embeddable":true,"href":"https:\/\/www.vinodis.com\/nl\/wp-json\/wp\/v2\/grapes_cat?post=38204"},{"taxonomy":"fournisseur","embeddable":true,"href":"https:\/\/www.vinodis.com\/nl\/wp-json\/wp\/v2\/fournisseur?post=38204"},{"taxonomy":"regions_cat","embeddable":true,"href":"https:\/\/www.vinodis.com\/nl\/wp-json\/wp\/v2\/regions_cat?post=38204"},{"taxonomy":"set_winetype_cat","embeddable":true,"href":"https:\/\/www.vinodis.com\/nl\/wp-json\/wp\/v2\/set_winetype_cat?post=38204"},{"taxonomy":"product_brand","embeddable":true,"href":"https:\/\/www.vinodis.com\/nl\/wp-json\/wp\/v2\/product_brand?post=38204"},{"taxonomy":"product_cat","embeddable":true,"href":"https:\/\/www.vinodis.com\/nl\/wp-json\/wp\/v2\/product_cat?post=38204"},{"taxonomy":"product_tag","embeddable":true,"href":"https:\/\/www.vinodis.com\/nl\/wp-json\/wp\/v2\/product_tag?post=38204"}],"curies":[{"name":"wp","href":"https:\/\/api.w.org\/{rel}","templated":true}]}}