{"id":38198,"date":"2026-02-12T09:29:43","date_gmt":"2026-02-12T09:29:43","guid":{"rendered":"https:\/\/www.vinodis.com\/?post_type=product&#038;p=38198"},"modified":"2026-04-16T07:38:15","modified_gmt":"2026-04-16T07:38:15","slug":"porto-otima-10y","status":"publish","type":"product","link":"https:\/\/www.vinodis.com\/nl\/product\/porto-otima-10y\/","title":{"rendered":"Porto Otima 10j"},"content":{"rendered":"<p>Deze wijn rijpte 10 jaar in eiken vaten, lang genoeg om hem een mooie rondheid en soepele textuur te geven. De frisheid blijft jeugdig dankzij de fruitaroma's en aangename tonen van honing, noten en gedroogd fruit.<\/p>\n<p>Te betalen met Sodexo en Monizze? lunchcheques Als je andere soorten cheques wilt gebruiken, neem dan contact met ons op. <a href=\"mailto:vi*****@*****is.com\" data-original-string=\"QDNHtWoTWHzqTUIc6bDksw==51bk7EQDimeEPpCEpgYUQ\/yVTzO4o15RZiGQDWyjfT2IaM=\" title=\"Dit contact is gecodeerd door Anti-Spam by CleanTalk. Klik om te decoderen. Om het decoderen te voltooien, moet JavaScript ingeschakeld zijn in je browser.\"><span \n                data-original-string='ZbdB9JqVkk12gV\/6iYbRTw==51bw31FA4dBHdRh+bI6YOw+ZJ\/a9iPzAjzvR6IXgAf75Lc='\n                class='apbct-email-encoder'\n                title='Dit contact is gecodeerd door Anti-Spam by CleanTalk. Klik om te decoderen. Om het decoderen te voltooien, moet JavaScript ingeschakeld zijn in je browser.'>vi<span class=\"apbct-blur\">*****<\/span>@<span class=\"apbct-blur\">*****<\/span>is.com<\/span><\/a><\/p>","protected":false},"excerpt":{"rendered":"<p>Vin qui est vieillit 10 ans en f\u00fbt de ch\u00eane, suffisamment longtemps que pour lui donner une belle rondeur et une texture lisse. Sa fraicheur reste juv\u00e9nile gr\u00e2ce aux ar\u00f4mes de fruits, \u00e0 ses notes agr\u00e9ables de miel, de noix et de fruits secs. Payable avec les tickets restaurants de Sodexo et Monizze? Si vous [&hellip;]<\/p>\n","protected":false},"featured_media":36171,"comment_status":"closed","ping_status":"closed","template":"","meta":{"_acf_changed":false},"set_accompanying_cat":[1941,1951],"beer_cat":[],"alcohol_cat":[],"wine_cat":[1855],"grapes_cat":[],"fournisseur":[],"regions_cat":[3302],"set_winetype_cat":[3216],"product_brand":[],"product_cat":[240],"product_tag":[],"class_list":{"0":"post-38198","1":"product","2":"type-product","3":"status-publish","4":"has-post-thumbnail","6":"set_accompanying_cat-aperitif","7":"set_accompanying_cat-desserts","8":"wine_cat-fruite","9":"regions_cat-porto","10":"set_winetype_cat-divers","11":"product_cat-vins","13":"first","14":"outofstock","15":"taxable","16":"shipping-taxable","17":"purchasable","18":"product-type-simple"},"acf":[],"_links":{"self":[{"href":"https:\/\/www.vinodis.com\/nl\/wp-json\/wp\/v2\/product\/38198","targetHints":{"allow":["GET"]}}],"collection":[{"href":"https:\/\/www.vinodis.com\/nl\/wp-json\/wp\/v2\/product"}],"about":[{"href":"https:\/\/www.vinodis.com\/nl\/wp-json\/wp\/v2\/types\/product"}],"replies":[{"embeddable":true,"href":"https:\/\/www.vinodis.com\/nl\/wp-json\/wp\/v2\/comments?post=38198"}],"wp:featuredmedia":[{"embeddable":true,"href":"https:\/\/www.vinodis.com\/nl\/wp-json\/wp\/v2\/media\/36171"}],"wp:attachment":[{"href":"https:\/\/www.vinodis.com\/nl\/wp-json\/wp\/v2\/media?parent=38198"}],"wp:term":[{"taxonomy":"set_accompanying_cat","embeddable":true,"href":"https:\/\/www.vinodis.com\/nl\/wp-json\/wp\/v2\/set_accompanying_cat?post=38198"},{"taxonomy":"beer_cat","embeddable":true,"href":"https:\/\/www.vinodis.com\/nl\/wp-json\/wp\/v2\/beer_cat?post=38198"},{"taxonomy":"alcohol_cat","embeddable":true,"href":"https:\/\/www.vinodis.com\/nl\/wp-json\/wp\/v2\/alcohol_cat?post=38198"},{"taxonomy":"wine_cat","embeddable":true,"href":"https:\/\/www.vinodis.com\/nl\/wp-json\/wp\/v2\/wine_cat?post=38198"},{"taxonomy":"grapes_cat","embeddable":true,"href":"https:\/\/www.vinodis.com\/nl\/wp-json\/wp\/v2\/grapes_cat?post=38198"},{"taxonomy":"fournisseur","embeddable":true,"href":"https:\/\/www.vinodis.com\/nl\/wp-json\/wp\/v2\/fournisseur?post=38198"},{"taxonomy":"regions_cat","embeddable":true,"href":"https:\/\/www.vinodis.com\/nl\/wp-json\/wp\/v2\/regions_cat?post=38198"},{"taxonomy":"set_winetype_cat","embeddable":true,"href":"https:\/\/www.vinodis.com\/nl\/wp-json\/wp\/v2\/set_winetype_cat?post=38198"},{"taxonomy":"product_brand","embeddable":true,"href":"https:\/\/www.vinodis.com\/nl\/wp-json\/wp\/v2\/product_brand?post=38198"},{"taxonomy":"product_cat","embeddable":true,"href":"https:\/\/www.vinodis.com\/nl\/wp-json\/wp\/v2\/product_cat?post=38198"},{"taxonomy":"product_tag","embeddable":true,"href":"https:\/\/www.vinodis.com\/nl\/wp-json\/wp\/v2\/product_tag?post=38198"}],"curies":[{"name":"wp","href":"https:\/\/api.w.org\/{rel}","templated":true}]}}