{"id":38192,"date":"2026-02-12T09:29:42","date_gmt":"2026-02-12T09:29:42","guid":{"rendered":"https:\/\/www.vinodis.com\/?post_type=product&#038;p=38192"},"modified":"2026-04-16T07:38:15","modified_gmt":"2026-04-16T07:38:15","slug":"cava-brut-non-dose","status":"publish","type":"product","link":"https:\/\/www.vinodis.com\/nl\/product\/cava-brut-non-dose\/","title":{"rendered":"Cava Brut Non Dos\u00e9"},"content":{"rendered":"<p>Deze Cava heeft een lichtgele kleur met groenige accenten. De belletjes zijn fijn en persistent. De mousse is fijn.<\/p>\n<p>In de neus exploderen bloemenaroma's.<\/p>\n<p>Het gehemelte wordt gedomineerd door fruitige aroma's en de frisheid van de fijne bubbels.<\/p>\n<p>De aanduiding \u00abNiet gedoseerd\u00bb betekent dat er geen suiker wordt toegevoegd tijdens de hergisting in de fles.<\/p>\n<p>Deze Cava is daarom droog, zelfs erg droog.<\/p>\n<p>Eindelijk een echte Cava!<\/p>\n<p>Te betalen met Sodexo en Monizze? lunchcheques Als je andere soorten cheques wilt gebruiken, neem dan contact met ons op. <a href=\"mailto:vi*****@*****is.com\" data-original-string=\"SioUsO7CPWbsHXxI2OI4oA==51b+6gCAwaG0XqcXtzbS103CdtRSHsvKLpumtMT6gZASK4=\" title=\"Dit contact is gecodeerd door Anti-Spam by CleanTalk. Klik om te decoderen. Om het decoderen te voltooien, moet JavaScript ingeschakeld zijn in je browser.\"><span \n                data-original-string='ybmibbn6fEnwJy9OCrGDCQ==51bHI5EBOAYvupdaGpFLv5aSq707WTB6eNJuOFAe5DmXLM='\n                class='apbct-email-encoder'\n                title='Dit contact is gecodeerd door Anti-Spam by CleanTalk. Klik om te decoderen. Om het decoderen te voltooien, moet JavaScript ingeschakeld zijn in je browser.'>vi<span class=\"apbct-blur\">*****<\/span>@<span class=\"apbct-blur\">*****<\/span>is.com<\/span><\/a><\/p>","protected":false},"excerpt":{"rendered":"<p>La robe de ce Cava est jaune p\u00e2le avec quelques reflets verd\u00e2tres. La bulle est fine et persistante. La mousse est fine. Au nez, les ar\u00f4mes floraux explosent. La bouche est domin\u00e9e par les ar\u00f4mes fruit\u00e9s et par la fra\u00eecheur apport\u00e9e via les fines bulles. La d\u00e9nomination \u00ab\u00a0Non dos\u00e9\u00a0\u00bb signifie qu&rsquo;aucun sucre est ajout\u00e9 lors [&hellip;]<\/p>\n","protected":false},"featured_media":36165,"comment_status":"closed","ping_status":"closed","template":"","meta":{"_acf_changed":false},"set_accompanying_cat":[1941,1892,2000],"beer_cat":[],"alcohol_cat":[],"wine_cat":[1913,1855],"grapes_cat":[1905,2480],"fournisseur":[],"regions_cat":[2479],"set_winetype_cat":[3052],"product_brand":[],"product_cat":[240],"product_tag":[],"class_list":{"0":"post-38192","1":"product","2":"type-product","3":"status-publish","4":"has-post-thumbnail","6":"set_accompanying_cat-aperitif","7":"set_accompanying_cat-crustaces-et-coquillages","8":"set_accompanying_cat-huitres","9":"wine_cat-bio","10":"wine_cat-fruite","11":"grapes_cat-chardonnay","12":"grapes_cat-macabeo","13":"regions_cat-cava-do","14":"set_winetype_cat-mousseux","15":"product_cat-vins","17":"first","18":"instock","19":"taxable","20":"shipping-taxable","21":"purchasable","22":"product-type-simple"},"acf":[],"_links":{"self":[{"href":"https:\/\/www.vinodis.com\/nl\/wp-json\/wp\/v2\/product\/38192","targetHints":{"allow":["GET"]}}],"collection":[{"href":"https:\/\/www.vinodis.com\/nl\/wp-json\/wp\/v2\/product"}],"about":[{"href":"https:\/\/www.vinodis.com\/nl\/wp-json\/wp\/v2\/types\/product"}],"replies":[{"embeddable":true,"href":"https:\/\/www.vinodis.com\/nl\/wp-json\/wp\/v2\/comments?post=38192"}],"wp:featuredmedia":[{"embeddable":true,"href":"https:\/\/www.vinodis.com\/nl\/wp-json\/wp\/v2\/media\/36165"}],"wp:attachment":[{"href":"https:\/\/www.vinodis.com\/nl\/wp-json\/wp\/v2\/media?parent=38192"}],"wp:term":[{"taxonomy":"set_accompanying_cat","embeddable":true,"href":"https:\/\/www.vinodis.com\/nl\/wp-json\/wp\/v2\/set_accompanying_cat?post=38192"},{"taxonomy":"beer_cat","embeddable":true,"href":"https:\/\/www.vinodis.com\/nl\/wp-json\/wp\/v2\/beer_cat?post=38192"},{"taxonomy":"alcohol_cat","embeddable":true,"href":"https:\/\/www.vinodis.com\/nl\/wp-json\/wp\/v2\/alcohol_cat?post=38192"},{"taxonomy":"wine_cat","embeddable":true,"href":"https:\/\/www.vinodis.com\/nl\/wp-json\/wp\/v2\/wine_cat?post=38192"},{"taxonomy":"grapes_cat","embeddable":true,"href":"https:\/\/www.vinodis.com\/nl\/wp-json\/wp\/v2\/grapes_cat?post=38192"},{"taxonomy":"fournisseur","embeddable":true,"href":"https:\/\/www.vinodis.com\/nl\/wp-json\/wp\/v2\/fournisseur?post=38192"},{"taxonomy":"regions_cat","embeddable":true,"href":"https:\/\/www.vinodis.com\/nl\/wp-json\/wp\/v2\/regions_cat?post=38192"},{"taxonomy":"set_winetype_cat","embeddable":true,"href":"https:\/\/www.vinodis.com\/nl\/wp-json\/wp\/v2\/set_winetype_cat?post=38192"},{"taxonomy":"product_brand","embeddable":true,"href":"https:\/\/www.vinodis.com\/nl\/wp-json\/wp\/v2\/product_brand?post=38192"},{"taxonomy":"product_cat","embeddable":true,"href":"https:\/\/www.vinodis.com\/nl\/wp-json\/wp\/v2\/product_cat?post=38192"},{"taxonomy":"product_tag","embeddable":true,"href":"https:\/\/www.vinodis.com\/nl\/wp-json\/wp\/v2\/product_tag?post=38192"}],"curies":[{"name":"wp","href":"https:\/\/api.w.org\/{rel}","templated":true}]}}