{"id":38182,"date":"2026-02-12T09:29:41","date_gmt":"2026-02-12T09:29:41","guid":{"rendered":"https:\/\/www.vinodis.com\/?post_type=product&#038;p=38182"},"modified":"2026-04-16T07:38:15","modified_gmt":"2026-04-16T07:38:15","slug":"moi-rosato","status":"publish","type":"product","link":"https:\/\/www.vinodis.com\/nl\/product\/moi-rosato\/","title":{"rendered":"I Rosato"},"content":{"rendered":"<p>Deze Negroamaro heeft een lichtroze kleur met een paar paarsachtige accenten.<\/p>\n<p>De neus ontwikkelt rijpe aroma's van kersen en bloemen.<\/p>\n<p>Fluweelzacht in de mond, met dezelfde kersenaroma's als in de neus.<\/p>\n<p>Te betalen met <strong>Sodexo Lunch-Pass en Monizze maaltijdcheques<\/strong>.<\/p>\n<p>Als je andere soorten cheques wilt gebruiken, neem dan contact met ons op: <a href=\"mailto:vi*****@*****is.com\" data-original-string=\"DlVy\/MravqBE3azmGFLpBg==51bCmvObBLr1O\/Zb9nG9VurP73jFYKlrXfL7c3mW6aRu5U=\" title=\"Dit contact is gecodeerd door Anti-Spam by CleanTalk. Klik om te decoderen. Om het decoderen te voltooien, moet JavaScript ingeschakeld zijn in je browser.\"><span \n                data-original-string='hMxnw2YPGSa+xrXfuFQ0Vg==51bYQ8D\/sQBsPT52SsWuiOyedOGlCcl+6AXRIKze0yKZRA='\n                class='apbct-email-encoder'\n                title='Dit contact is gecodeerd door Anti-Spam by CleanTalk. Klik om te decoderen. Om het decoderen te voltooien, moet JavaScript ingeschakeld zijn in je browser.'>vi<span class=\"apbct-blur\">*****<\/span>@<span class=\"apbct-blur\">*****<\/span>is.com<\/span><\/a><\/p>","protected":false},"excerpt":{"rendered":"<p>La robe de ce Negroamaro est rose clair avec quelques reflets violac\u00e9s. Le nez d\u00e9veloppe des ar\u00f4mes de cerises m\u00fbres et floraux. La bouche est velout\u00e9e et on y retrouvera ces ar\u00f4mes de cerise qu&rsquo;on trouvait au nez. Payable avec les Lunch-Pass de Sodexo et Ch\u00e8que-Repas de Monizze. Si vous souhaitez utiliser d&rsquo;autres types de [&hellip;]<\/p>\n","protected":false},"featured_media":36126,"comment_status":"closed","ping_status":"closed","template":"","meta":{"_acf_changed":false},"set_accompanying_cat":[1941,1938,1944,1904],"beer_cat":[],"alcohol_cat":[],"wine_cat":[1855],"grapes_cat":[1981],"fournisseur":[],"regions_cat":[1983],"set_winetype_cat":[3051],"product_brand":[],"product_cat":[240],"product_tag":[],"class_list":{"0":"post-38182","1":"product","2":"type-product","3":"status-publish","4":"has-post-thumbnail","6":"set_accompanying_cat-aperitif","7":"set_accompanying_cat-grillades-de-poissons","8":"set_accompanying_cat-plats-froids","9":"set_accompanying_cat-poissons","10":"wine_cat-fruite","11":"grapes_cat-negroamaro","12":"regions_cat-salento-igt","13":"set_winetype_cat-rose","14":"product_cat-vins","16":"first","17":"instock","18":"taxable","19":"shipping-taxable","20":"purchasable","21":"product-type-simple"},"acf":[],"_links":{"self":[{"href":"https:\/\/www.vinodis.com\/nl\/wp-json\/wp\/v2\/product\/38182","targetHints":{"allow":["GET"]}}],"collection":[{"href":"https:\/\/www.vinodis.com\/nl\/wp-json\/wp\/v2\/product"}],"about":[{"href":"https:\/\/www.vinodis.com\/nl\/wp-json\/wp\/v2\/types\/product"}],"replies":[{"embeddable":true,"href":"https:\/\/www.vinodis.com\/nl\/wp-json\/wp\/v2\/comments?post=38182"}],"wp:featuredmedia":[{"embeddable":true,"href":"https:\/\/www.vinodis.com\/nl\/wp-json\/wp\/v2\/media\/36126"}],"wp:attachment":[{"href":"https:\/\/www.vinodis.com\/nl\/wp-json\/wp\/v2\/media?parent=38182"}],"wp:term":[{"taxonomy":"set_accompanying_cat","embeddable":true,"href":"https:\/\/www.vinodis.com\/nl\/wp-json\/wp\/v2\/set_accompanying_cat?post=38182"},{"taxonomy":"beer_cat","embeddable":true,"href":"https:\/\/www.vinodis.com\/nl\/wp-json\/wp\/v2\/beer_cat?post=38182"},{"taxonomy":"alcohol_cat","embeddable":true,"href":"https:\/\/www.vinodis.com\/nl\/wp-json\/wp\/v2\/alcohol_cat?post=38182"},{"taxonomy":"wine_cat","embeddable":true,"href":"https:\/\/www.vinodis.com\/nl\/wp-json\/wp\/v2\/wine_cat?post=38182"},{"taxonomy":"grapes_cat","embeddable":true,"href":"https:\/\/www.vinodis.com\/nl\/wp-json\/wp\/v2\/grapes_cat?post=38182"},{"taxonomy":"fournisseur","embeddable":true,"href":"https:\/\/www.vinodis.com\/nl\/wp-json\/wp\/v2\/fournisseur?post=38182"},{"taxonomy":"regions_cat","embeddable":true,"href":"https:\/\/www.vinodis.com\/nl\/wp-json\/wp\/v2\/regions_cat?post=38182"},{"taxonomy":"set_winetype_cat","embeddable":true,"href":"https:\/\/www.vinodis.com\/nl\/wp-json\/wp\/v2\/set_winetype_cat?post=38182"},{"taxonomy":"product_brand","embeddable":true,"href":"https:\/\/www.vinodis.com\/nl\/wp-json\/wp\/v2\/product_brand?post=38182"},{"taxonomy":"product_cat","embeddable":true,"href":"https:\/\/www.vinodis.com\/nl\/wp-json\/wp\/v2\/product_cat?post=38182"},{"taxonomy":"product_tag","embeddable":true,"href":"https:\/\/www.vinodis.com\/nl\/wp-json\/wp\/v2\/product_tag?post=38182"}],"curies":[{"name":"wp","href":"https:\/\/api.w.org\/{rel}","templated":true}]}}