{"id":38167,"date":"2026-02-12T09:29:18","date_gmt":"2026-02-12T09:29:18","guid":{"rendered":"https:\/\/www.vinodis.com\/?post_type=product&#038;p=38167"},"modified":"2026-02-12T09:29:26","modified_gmt":"2026-02-12T09:29:26","slug":"bolgheri-superiore-guado-al-tasso","status":"publish","type":"product","link":"https:\/\/www.vinodis.com\/nl\/product\/bolgheri-superiore-guado-al-tasso\/","title":{"rendered":"Bolgheri Superiore Guado al Tasso"},"content":{"rendered":"<p>De kleur is intens robijnrood.<\/p>\n<p>De neus is zuiver en krachtig. Tonen van rijpe rode bessen (framboos, bosaardbei, braam).<\/p>\n<p>De aanzet in de mond is zacht, vol en persistent, met een dichte, zijdezachte tanninetextuur.<\/p>\n<p>Buitengewone balans tussen kracht en gratie!<\/p>\n<p>Te betalen met &lt;b&gt;Sodexo Lunch-Pass en Monizze maaltijdcheques&lt;\/b&gt;.<\/p>\n<p>Als u andere soorten cheques wilt gebruiken, neem dan contact met ons op: &lt;a href=<a href=\"mailto:vi*****@*****is.com\" data-original-string=\"7CO8L89Gv1Pa9c4JtIJUTg==51bZzgQxEdv+waRkllCe08jDe7+fsx4RxYRu39apKWwowg=\" title=\"Dit contact is gecodeerd door Anti-Spam by CleanTalk. Klik om te decoderen. Om het decoderen te voltooien, moet JavaScript ingeschakeld zijn in je browser.\">mailto:vi*****@*****is.com\u00a0\u00bb data-original-string=\u00a0\u00bb91fwnr4qO9rZyFbqXYicyg==51b30XkPg33yIT+Af6MnEHxR\/YauuDUziTmgNn2UmM04C\/lrVeHpXnsdvbMUHvc4tSc\u00a0\u00bb title=\u00a0\u00bbDit contact is gecodeerd door Anti-Spam by CleanTalk. Klik om te decoderen. Om het decoderen te voltooien, moet JavaScript ingeschakeld zijn in je browser.<\/a>&gt;<a href=\"mailto:vi*****@*****is.com\" data-original-string=\"69zXIsGdLcacnuFAxCV1ig==51bN7UvokZWY89UqUEC6FQMCZW8dnaf+b2Ud13UoizefvA=\" title=\"Dit contact is gecodeerd door Anti-Spam by CleanTalk. Klik om te decoderen. Om het decoderen te voltooien, moet JavaScript ingeschakeld zijn in je browser.%3c\/a\"><span \n                data-original-string='fHt9LPnmNvL6IpG3cxtMIA==51bf1CN2MwfNCRVqMRGEY4hnEGtcjtx+jYz1KiBCbEdbUM='\n                class='apbct-email-encoder'\n                title='Dit contact is gecodeerd door Anti-Spam by CleanTalk. Klik om te decoderen. Om het decoderen te voltooien, moet JavaScript ingeschakeld zijn in je browser.'>vi<span class=\"apbct-blur\">*****<\/span>@<span class=\"apbct-blur\">*****<\/span>is.com<\/span>&lt;\/a<\/a>&gt;<\/p>","protected":false},"excerpt":{"rendered":"<p>La robe est d&rsquo;une couleur rouge rubis intense. Le nez est net et puissant. Il pr\u00e9sente des notes de petits fruits rouges m\u00fbrs (framboise, fraise des bois, m\u00fbre sauvage). L&rsquo;attaque en bouche est douce, volumineuse et persistante avec une texture tannique dense et soyeuse Extraordinaire \u00e9quilibre entre puissance et gr\u00e2ce ! Payable avec les &lt;b&gt;Lunch-Pass [&hellip;]<\/p>\n","protected":false},"featured_media":36111,"comment_status":"closed","ping_status":"closed","template":"","meta":{"_acf_changed":false},"set_accompanying_cat":[1862,1984,1916,1977],"beer_cat":[],"alcohol_cat":[],"wine_cat":[3110],"grapes_cat":[2033,1884,1885],"fournisseur":[],"regions_cat":[2032],"set_winetype_cat":[3046],"product_brand":[],"product_cat":[240],"product_tag":[],"class_list":{"0":"post-38167","1":"product","2":"type-product","3":"status-publish","4":"has-post-thumbnail","6":"set_accompanying_cat-canard","7":"set_accompanying_cat-gibiers","8":"set_accompanying_cat-viandes-rouges","9":"set_accompanying_cat-vin-de-meditation","10":"wine_cat-boise","11":"grapes_cat-cabernet-franc","12":"grapes_cat-cabernet-sauvignon","13":"grapes_cat-merlot","14":"regions_cat-bolgheri","15":"set_winetype_cat-rouge","16":"product_cat-vins","18":"first","19":"instock","20":"taxable","21":"shipping-taxable","22":"purchasable","23":"product-type-simple"},"acf":[],"_links":{"self":[{"href":"https:\/\/www.vinodis.com\/nl\/wp-json\/wp\/v2\/product\/38167","targetHints":{"allow":["GET"]}}],"collection":[{"href":"https:\/\/www.vinodis.com\/nl\/wp-json\/wp\/v2\/product"}],"about":[{"href":"https:\/\/www.vinodis.com\/nl\/wp-json\/wp\/v2\/types\/product"}],"replies":[{"embeddable":true,"href":"https:\/\/www.vinodis.com\/nl\/wp-json\/wp\/v2\/comments?post=38167"}],"wp:featuredmedia":[{"embeddable":true,"href":"https:\/\/www.vinodis.com\/nl\/wp-json\/wp\/v2\/media\/36111"}],"wp:attachment":[{"href":"https:\/\/www.vinodis.com\/nl\/wp-json\/wp\/v2\/media?parent=38167"}],"wp:term":[{"taxonomy":"set_accompanying_cat","embeddable":true,"href":"https:\/\/www.vinodis.com\/nl\/wp-json\/wp\/v2\/set_accompanying_cat?post=38167"},{"taxonomy":"beer_cat","embeddable":true,"href":"https:\/\/www.vinodis.com\/nl\/wp-json\/wp\/v2\/beer_cat?post=38167"},{"taxonomy":"alcohol_cat","embeddable":true,"href":"https:\/\/www.vinodis.com\/nl\/wp-json\/wp\/v2\/alcohol_cat?post=38167"},{"taxonomy":"wine_cat","embeddable":true,"href":"https:\/\/www.vinodis.com\/nl\/wp-json\/wp\/v2\/wine_cat?post=38167"},{"taxonomy":"grapes_cat","embeddable":true,"href":"https:\/\/www.vinodis.com\/nl\/wp-json\/wp\/v2\/grapes_cat?post=38167"},{"taxonomy":"fournisseur","embeddable":true,"href":"https:\/\/www.vinodis.com\/nl\/wp-json\/wp\/v2\/fournisseur?post=38167"},{"taxonomy":"regions_cat","embeddable":true,"href":"https:\/\/www.vinodis.com\/nl\/wp-json\/wp\/v2\/regions_cat?post=38167"},{"taxonomy":"set_winetype_cat","embeddable":true,"href":"https:\/\/www.vinodis.com\/nl\/wp-json\/wp\/v2\/set_winetype_cat?post=38167"},{"taxonomy":"product_brand","embeddable":true,"href":"https:\/\/www.vinodis.com\/nl\/wp-json\/wp\/v2\/product_brand?post=38167"},{"taxonomy":"product_cat","embeddable":true,"href":"https:\/\/www.vinodis.com\/nl\/wp-json\/wp\/v2\/product_cat?post=38167"},{"taxonomy":"product_tag","embeddable":true,"href":"https:\/\/www.vinodis.com\/nl\/wp-json\/wp\/v2\/product_tag?post=38167"}],"curies":[{"name":"wp","href":"https:\/\/api.w.org\/{rel}","templated":true}]}}