{"id":38163,"date":"2026-02-12T09:29:18","date_gmt":"2026-02-12T09:29:18","guid":{"rendered":"https:\/\/www.vinodis.com\/?post_type=product&#038;p=38163"},"modified":"2026-04-16T07:38:24","modified_gmt":"2026-04-16T07:38:24","slug":"faugeres-noctambules","status":"publish","type":"product","link":"https:\/\/www.vinodis.com\/nl\/product\/faugeres-noctambules\/","title":{"rendered":"Faug\u00e8res Noctambules"},"content":{"rendered":"<p>De kleur is rood met paarsachtige accenten.<\/p>\n<p>De neus barst van de aroma's van vers rood fruit en toetsen van cacao.<\/p>\n<p>Soepel en evenwichtig in de mond, met aroma's van rood fruit en zoethout.<\/p>\n<p>Te betalen met <strong>Lunch-<\/strong><strong>Pas<\/strong><strong> van Sodexo en maaltijdcheques van Monizze<\/strong>.<\/p>\n<p>Als je andere soorten cheques wilt gebruiken, neem dan contact met ons op: <a href=\"mailto:vi*****@*****is.com\" data-original-string=\"C9n4BytV2dF7gAqMV0Q4Lg==51bYAiylbbB2LRU24otOMz9bR51pSwF9JEfcD\/\/0SPyHJY=\" title=\"Dit contact is gecodeerd door Anti-Spam by CleanTalk. Klik om te decoderen. Om het decoderen te voltooien, moet JavaScript ingeschakeld zijn in je browser.\" data-auth=\"NotApplicable\"><span \n                data-original-string='BcykhWtWKZ\/u5vmN78CNdQ==51bTUvC6LKPmqnuZRAMPMqM2Dxr2QIxowU8ue8SwQKspcs='\n                class='apbct-email-encoder'\n                title='Dit contact is gecodeerd door Anti-Spam by CleanTalk. Klik om te decoderen. Om het decoderen te voltooien, moet JavaScript ingeschakeld zijn in je browser.'>vi<span class=\"apbct-blur\">*****<\/span>@<span class=\"apbct-blur\">*****<\/span>is.com<\/span><\/a><\/p>","protected":false},"excerpt":{"rendered":"<p>La robe est rouge aux reflets violac\u00e9s. Le nez regorge d&rsquo;ar\u00f4mes de fruits rouges frais et de l\u00e9g\u00e8res notes cacaot\u00e9es. La bouche est souple et \u00e9quilibr\u00e9e o\u00f9 on retrouve des ar\u00f4mes de fruits rouges et de r\u00e9glisse. Payable avec les Lunch-Pass de Sodexo et Ch\u00e8que-Repas de Monizze. Si vous souhaitez utiliser d&rsquo;autres types de ch\u00e8ques, [&hellip;]<\/p>\n","protected":false},"featured_media":36107,"comment_status":"closed","ping_status":"closed","template":"","meta":{"_acf_changed":false},"set_accompanying_cat":[1879,1916],"beer_cat":[],"alcohol_cat":[],"wine_cat":[3110],"grapes_cat":[2195,2041,2182,1988],"fournisseur":[],"regions_cat":[2125],"set_winetype_cat":[3046],"product_brand":[],"product_cat":[240],"product_tag":[],"class_list":{"0":"post-38163","1":"product","2":"type-product","3":"status-publish","4":"has-post-thumbnail","6":"set_accompanying_cat-grillades","7":"set_accompanying_cat-viandes-rouges","8":"wine_cat-boise","9":"grapes_cat-cinsault","10":"grapes_cat-grenache","11":"grapes_cat-mourvedre","12":"grapes_cat-syrah","13":"regions_cat-languedoc-roussillon","14":"set_winetype_cat-rouge","15":"product_cat-vins","17":"first","18":"outofstock","19":"taxable","20":"shipping-taxable","21":"purchasable","22":"product-type-simple"},"acf":[],"_links":{"self":[{"href":"https:\/\/www.vinodis.com\/nl\/wp-json\/wp\/v2\/product\/38163","targetHints":{"allow":["GET"]}}],"collection":[{"href":"https:\/\/www.vinodis.com\/nl\/wp-json\/wp\/v2\/product"}],"about":[{"href":"https:\/\/www.vinodis.com\/nl\/wp-json\/wp\/v2\/types\/product"}],"replies":[{"embeddable":true,"href":"https:\/\/www.vinodis.com\/nl\/wp-json\/wp\/v2\/comments?post=38163"}],"wp:featuredmedia":[{"embeddable":true,"href":"https:\/\/www.vinodis.com\/nl\/wp-json\/wp\/v2\/media\/36107"}],"wp:attachment":[{"href":"https:\/\/www.vinodis.com\/nl\/wp-json\/wp\/v2\/media?parent=38163"}],"wp:term":[{"taxonomy":"set_accompanying_cat","embeddable":true,"href":"https:\/\/www.vinodis.com\/nl\/wp-json\/wp\/v2\/set_accompanying_cat?post=38163"},{"taxonomy":"beer_cat","embeddable":true,"href":"https:\/\/www.vinodis.com\/nl\/wp-json\/wp\/v2\/beer_cat?post=38163"},{"taxonomy":"alcohol_cat","embeddable":true,"href":"https:\/\/www.vinodis.com\/nl\/wp-json\/wp\/v2\/alcohol_cat?post=38163"},{"taxonomy":"wine_cat","embeddable":true,"href":"https:\/\/www.vinodis.com\/nl\/wp-json\/wp\/v2\/wine_cat?post=38163"},{"taxonomy":"grapes_cat","embeddable":true,"href":"https:\/\/www.vinodis.com\/nl\/wp-json\/wp\/v2\/grapes_cat?post=38163"},{"taxonomy":"fournisseur","embeddable":true,"href":"https:\/\/www.vinodis.com\/nl\/wp-json\/wp\/v2\/fournisseur?post=38163"},{"taxonomy":"regions_cat","embeddable":true,"href":"https:\/\/www.vinodis.com\/nl\/wp-json\/wp\/v2\/regions_cat?post=38163"},{"taxonomy":"set_winetype_cat","embeddable":true,"href":"https:\/\/www.vinodis.com\/nl\/wp-json\/wp\/v2\/set_winetype_cat?post=38163"},{"taxonomy":"product_brand","embeddable":true,"href":"https:\/\/www.vinodis.com\/nl\/wp-json\/wp\/v2\/product_brand?post=38163"},{"taxonomy":"product_cat","embeddable":true,"href":"https:\/\/www.vinodis.com\/nl\/wp-json\/wp\/v2\/product_cat?post=38163"},{"taxonomy":"product_tag","embeddable":true,"href":"https:\/\/www.vinodis.com\/nl\/wp-json\/wp\/v2\/product_tag?post=38163"}],"curies":[{"name":"wp","href":"https:\/\/api.w.org\/{rel}","templated":true}]}}