{"id":38143,"date":"2026-02-12T09:29:00","date_gmt":"2026-02-12T09:29:00","guid":{"rendered":"https:\/\/www.vinodis.com\/?post_type=product&#038;p=38143"},"modified":"2026-04-16T07:38:24","modified_gmt":"2026-04-16T07:38:24","slug":"bumbu-xo","status":"publish","type":"product","link":"https:\/\/www.vinodis.com\/nl\/product\/bumbu-xo\/","title":{"rendered":"Bumbu XO"},"content":{"rendered":"<p>De kleur is karamel met koperkleurige accenten.<\/p>\n<p>Gekarameliseerde, geroosterde en vanille aroma's in de neus.<\/p>\n<p>Het gehemelte onthult fruitige tonen (sinaasappel), specerijen (peper) en roosteren. De afdronk is lang en delicaat.<\/p>\n<p>Te betalen met Sodexo en Monizze? lunchcheques Als je andere soorten cheques wilt gebruiken, neem dan contact met ons op. <a href=\"mailto:vi*****@*****is.com\" data-original-string=\"\/Q904PdCQVBen1IgMw1lzA==51bdEf6MNcDsVe0mtiBWH297pWJNuMgQmlTa\/l3XiTaw+k=\" title=\"Dit contact is gecodeerd door Anti-Spam by CleanTalk. Klik om te decoderen. Om het decoderen te voltooien, moet JavaScript ingeschakeld zijn in je browser.\"><span \n                data-original-string='VA3dNXs3gXGnKCktHcfScw==51b3EtyoAmPoomdoARselEyjIb0DxsmMe7fU8ioFufyIho='\n                class='apbct-email-encoder'\n                title='Dit contact is gecodeerd door Anti-Spam by CleanTalk. Klik om te decoderen. Om het decoderen te voltooien, moet JavaScript ingeschakeld zijn in je browser.'>vi<span class=\"apbct-blur\">*****<\/span>@<span class=\"apbct-blur\">*****<\/span>is.com<\/span><\/a><\/p>","protected":false},"excerpt":{"rendered":"<p>La robe est couleur caramel avec des reflets cuivr\u00e9s. Au nez, des ar\u00f4mes caram\u00e9lis\u00e9s, toast\u00e9s et vanill\u00e9s. La bouche r\u00e9v\u00e8le des fruit\u00e9s (orange), \u00e9pices (poivre) et de torr\u00e9faction. La finale est longue et d\u00e9licate. Payable avec les tickets restaurants de Sodexo et Monizze? Si vous souhaitez utilisez d&rsquo;autres types de ch\u00e8ques, contactez-nous vi*****@*****is.com<\/p>","protected":false},"featured_media":36061,"comment_status":"closed","ping_status":"closed","template":"","meta":{"_acf_changed":false},"set_accompanying_cat":[1952,2114],"beer_cat":[],"alcohol_cat":[],"wine_cat":[3110,1868],"grapes_cat":[3186],"fournisseur":[],"regions_cat":[3310],"set_winetype_cat":[],"product_brand":[],"product_cat":[242],"product_tag":[],"class_list":{"0":"post-38143","1":"product","2":"type-product","3":"status-publish","4":"has-post-thumbnail","6":"set_accompanying_cat-digestif","7":"set_accompanying_cat-meditation","8":"wine_cat-boise","9":"wine_cat-epice","10":"grapes_cat-rhum","11":"regions_cat-rhum","12":"product_cat-spiritueux","14":"first","15":"instock","16":"taxable","17":"shipping-taxable","18":"purchasable","19":"product-type-simple"},"acf":[],"_links":{"self":[{"href":"https:\/\/www.vinodis.com\/nl\/wp-json\/wp\/v2\/product\/38143","targetHints":{"allow":["GET"]}}],"collection":[{"href":"https:\/\/www.vinodis.com\/nl\/wp-json\/wp\/v2\/product"}],"about":[{"href":"https:\/\/www.vinodis.com\/nl\/wp-json\/wp\/v2\/types\/product"}],"replies":[{"embeddable":true,"href":"https:\/\/www.vinodis.com\/nl\/wp-json\/wp\/v2\/comments?post=38143"}],"wp:featuredmedia":[{"embeddable":true,"href":"https:\/\/www.vinodis.com\/nl\/wp-json\/wp\/v2\/media\/36061"}],"wp:attachment":[{"href":"https:\/\/www.vinodis.com\/nl\/wp-json\/wp\/v2\/media?parent=38143"}],"wp:term":[{"taxonomy":"set_accompanying_cat","embeddable":true,"href":"https:\/\/www.vinodis.com\/nl\/wp-json\/wp\/v2\/set_accompanying_cat?post=38143"},{"taxonomy":"beer_cat","embeddable":true,"href":"https:\/\/www.vinodis.com\/nl\/wp-json\/wp\/v2\/beer_cat?post=38143"},{"taxonomy":"alcohol_cat","embeddable":true,"href":"https:\/\/www.vinodis.com\/nl\/wp-json\/wp\/v2\/alcohol_cat?post=38143"},{"taxonomy":"wine_cat","embeddable":true,"href":"https:\/\/www.vinodis.com\/nl\/wp-json\/wp\/v2\/wine_cat?post=38143"},{"taxonomy":"grapes_cat","embeddable":true,"href":"https:\/\/www.vinodis.com\/nl\/wp-json\/wp\/v2\/grapes_cat?post=38143"},{"taxonomy":"fournisseur","embeddable":true,"href":"https:\/\/www.vinodis.com\/nl\/wp-json\/wp\/v2\/fournisseur?post=38143"},{"taxonomy":"regions_cat","embeddable":true,"href":"https:\/\/www.vinodis.com\/nl\/wp-json\/wp\/v2\/regions_cat?post=38143"},{"taxonomy":"set_winetype_cat","embeddable":true,"href":"https:\/\/www.vinodis.com\/nl\/wp-json\/wp\/v2\/set_winetype_cat?post=38143"},{"taxonomy":"product_brand","embeddable":true,"href":"https:\/\/www.vinodis.com\/nl\/wp-json\/wp\/v2\/product_brand?post=38143"},{"taxonomy":"product_cat","embeddable":true,"href":"https:\/\/www.vinodis.com\/nl\/wp-json\/wp\/v2\/product_cat?post=38143"},{"taxonomy":"product_tag","embeddable":true,"href":"https:\/\/www.vinodis.com\/nl\/wp-json\/wp\/v2\/product_tag?post=38143"}],"curies":[{"name":"wp","href":"https:\/\/api.w.org\/{rel}","templated":true}]}}