{"id":38103,"date":"2026-02-12T09:28:35","date_gmt":"2026-02-12T09:28:35","guid":{"rendered":"https:\/\/www.vinodis.com\/?post_type=product&#038;p=38103"},"modified":"2026-04-16T07:38:14","modified_gmt":"2026-04-16T07:38:14","slug":"iskra-montepulciano-dabruzzo","status":"publish","type":"product","link":"https:\/\/www.vinodis.com\/nl\/product\/iskra-montepulciano-dabruzzo\/","title":{"rendered":"Iskra Montepulciano d'Abruzzo"},"content":{"rendered":"<p>Een dichte paarse kleur.<\/p>\n<p>De neus explodeert met aroma's van zwarte kersen, zwarte bessen, bramen en kruiden.<\/p>\n<p>De aanzet in de mond is krachtig en kruidig. De afdronk is frisser voor het evenwicht.<\/p>\n<p>Een heerlijke wijn die kracht en complexiteit combineert!<\/p>\n<p>Te betalen met <strong>Lunch-<\/strong><strong>Pas<\/strong><strong> van Sodexo en maaltijdcheques van Monizze<\/strong>.<\/p>\n<p>Als je andere soorten cheques wilt gebruiken, neem dan contact met ons op: <a href=\"mailto:vi*****@*****is.com\" data-original-string=\"7BL+W+PeUaf3s+bdjfBv9A==51bcMW7WWmgf\/3P0PCw77OrN1B+DDNj2ZwrZ14spZMG8hQ=\" title=\"Dit contact is gecodeerd door Anti-Spam by CleanTalk. Klik om te decoderen. Om het decoderen te voltooien, moet JavaScript ingeschakeld zijn in je browser.\" data-auth=\"NotApplicable\"><span \n                data-original-string='G+5fVAjPsodlvXbA9H9NDA==51bsH+WqjNwDNMVyeS8OVfjASJuxWFB2rEWnxK5AO1M9fo='\n                class='apbct-email-encoder'\n                title='Dit contact is gecodeerd door Anti-Spam by CleanTalk. Klik om te decoderen. Om het decoderen te voltooien, moet JavaScript ingeschakeld zijn in je browser.'>vi<span class=\"apbct-blur\">*****<\/span>@<span class=\"apbct-blur\">*****<\/span>is.com<\/span><\/a><\/p>","protected":false},"excerpt":{"rendered":"<p>La robe pourpre est dense. Au nez explosent les ar\u00f4mes de cerises noires, cassis, m\u00fbres ainsi que des notes de herbes aromatiques. L&rsquo;attaque en bouche est puissante et \u00e9pic\u00e9e. La finale, elle, est plus fra\u00eeche afin d&rsquo;apporter de l&rsquo;\u00e9quilibre. Un tr\u00e8s joli vin qui allie puissance et complexit\u00e9 ! Payable avec les Lunch-Pass de Sodexo [&hellip;]<\/p>\n","protected":false},"featured_media":35995,"comment_status":"closed","ping_status":"closed","template":"","meta":{"_acf_changed":false},"set_accompanying_cat":[1879,1866,1867,1916],"beer_cat":[],"alcohol_cat":[],"wine_cat":[3110,1868],"grapes_cat":[1991],"fournisseur":[],"regions_cat":[],"set_winetype_cat":[],"product_brand":[],"product_cat":[240],"product_tag":[],"class_list":{"0":"post-38103","1":"product","2":"type-product","3":"status-publish","4":"has-post-thumbnail","6":"set_accompanying_cat-grillades","7":"set_accompanying_cat-plats-epices","8":"set_accompanying_cat-viandes-dagneau-et-de-mouton","9":"set_accompanying_cat-viandes-rouges","10":"wine_cat-boise","11":"wine_cat-epice","12":"grapes_cat-montepulciano","13":"product_cat-vins","15":"first","16":"instock","17":"taxable","18":"shipping-taxable","19":"purchasable","20":"product-type-simple"},"acf":[],"_links":{"self":[{"href":"https:\/\/www.vinodis.com\/nl\/wp-json\/wp\/v2\/product\/38103","targetHints":{"allow":["GET"]}}],"collection":[{"href":"https:\/\/www.vinodis.com\/nl\/wp-json\/wp\/v2\/product"}],"about":[{"href":"https:\/\/www.vinodis.com\/nl\/wp-json\/wp\/v2\/types\/product"}],"replies":[{"embeddable":true,"href":"https:\/\/www.vinodis.com\/nl\/wp-json\/wp\/v2\/comments?post=38103"}],"wp:featuredmedia":[{"embeddable":true,"href":"https:\/\/www.vinodis.com\/nl\/wp-json\/wp\/v2\/media\/35995"}],"wp:attachment":[{"href":"https:\/\/www.vinodis.com\/nl\/wp-json\/wp\/v2\/media?parent=38103"}],"wp:term":[{"taxonomy":"set_accompanying_cat","embeddable":true,"href":"https:\/\/www.vinodis.com\/nl\/wp-json\/wp\/v2\/set_accompanying_cat?post=38103"},{"taxonomy":"beer_cat","embeddable":true,"href":"https:\/\/www.vinodis.com\/nl\/wp-json\/wp\/v2\/beer_cat?post=38103"},{"taxonomy":"alcohol_cat","embeddable":true,"href":"https:\/\/www.vinodis.com\/nl\/wp-json\/wp\/v2\/alcohol_cat?post=38103"},{"taxonomy":"wine_cat","embeddable":true,"href":"https:\/\/www.vinodis.com\/nl\/wp-json\/wp\/v2\/wine_cat?post=38103"},{"taxonomy":"grapes_cat","embeddable":true,"href":"https:\/\/www.vinodis.com\/nl\/wp-json\/wp\/v2\/grapes_cat?post=38103"},{"taxonomy":"fournisseur","embeddable":true,"href":"https:\/\/www.vinodis.com\/nl\/wp-json\/wp\/v2\/fournisseur?post=38103"},{"taxonomy":"regions_cat","embeddable":true,"href":"https:\/\/www.vinodis.com\/nl\/wp-json\/wp\/v2\/regions_cat?post=38103"},{"taxonomy":"set_winetype_cat","embeddable":true,"href":"https:\/\/www.vinodis.com\/nl\/wp-json\/wp\/v2\/set_winetype_cat?post=38103"},{"taxonomy":"product_brand","embeddable":true,"href":"https:\/\/www.vinodis.com\/nl\/wp-json\/wp\/v2\/product_brand?post=38103"},{"taxonomy":"product_cat","embeddable":true,"href":"https:\/\/www.vinodis.com\/nl\/wp-json\/wp\/v2\/product_cat?post=38103"},{"taxonomy":"product_tag","embeddable":true,"href":"https:\/\/www.vinodis.com\/nl\/wp-json\/wp\/v2\/product_tag?post=38103"}],"curies":[{"name":"wp","href":"https:\/\/api.w.org\/{rel}","templated":true}]}}