{"id":38099,"date":"2026-02-12T09:28:34","date_gmt":"2026-02-12T09:28:34","guid":{"rendered":"https:\/\/www.vinodis.com\/?post_type=product&#038;p=38099"},"modified":"2026-04-16T07:38:23","modified_gmt":"2026-04-16T07:38:23","slug":"vin-orange-chat-gris","status":"publish","type":"product","link":"https:\/\/www.vinodis.com\/nl\/product\/vin-orange-chat-gris\/","title":{"rendered":"Oranje Wijn Grijze Kat"},"content":{"rendered":"<p>De witte wijn heeft een oranje kleur met hints van uienschillen.<\/p>\n<p>De neus is zeer complex, met aroma's van gegrild gedroogd fruit, kruiden en gedroogde sinaasappel.<\/p>\n<p>Het gehemelte is zeer krachtig, expressief en onthutsend... De magie van sinaasappelwijnen. De afdronk is zacht, met enkele oxidatieve tonen.<\/p>\n<p>Te betalen met Sodexo en Monizze? lunchcheques Als je andere soorten cheques wilt gebruiken, neem dan contact met ons op. <a href=\"mailto:vi*****@*****is.com\" data-original-string=\"DGQh46oFA3UsjBt3tg6fQw==51bwoSSnCyYk45LTgbAom8iSR2QnhFFPRtwk\/IK8mTQ1ik=\" title=\"Dit contact is gecodeerd door Anti-Spam by CleanTalk. Klik om te decoderen. Om het decoderen te voltooien, moet JavaScript ingeschakeld zijn in je browser.\"><span \n                data-original-string='s9Qn5c2uOtThsTsKRHas1A==51bIzUfC+F6hGKPUr1CGN\/kJbHWnV3D5CsD9JCPsz3wsKQ='\n                class='apbct-email-encoder'\n                title='Dit contact is gecodeerd door Anti-Spam by CleanTalk. Klik om te decoderen. Om het decoderen te voltooien, moet JavaScript ingeschakeld zijn in je browser.'>vi<span class=\"apbct-blur\">*****<\/span>@<span class=\"apbct-blur\">*****<\/span>is.com<\/span><\/a><\/p>","protected":false},"excerpt":{"rendered":"<p>La robe de vin blanc est orang\u00e9e avec des reflets de pelures d\u00b4oignons. Le nez est tr\u00e8s complexe entre des ar\u00f4mes de fruits secs grill\u00e9s, \u00e9pices, l\u00b4orange s\u00e9ch\u00e9e. La bouche est tr\u00e8s puissante, expressive et d\u00e9routante &#8230; La magie des vins orange. La finale est suave avec quelques notes oxydatives. Payable avec les tickets restaurants [&hellip;]<\/p>\n","protected":false},"featured_media":35991,"comment_status":"closed","ping_status":"closed","template":"","meta":{"_acf_changed":false},"set_accompanying_cat":[1893,1849,2114,1888],"beer_cat":[],"alcohol_cat":[],"wine_cat":[3110,1860,1868,1855],"grapes_cat":[2199],"fournisseur":[],"regions_cat":[2125],"set_winetype_cat":[3048],"product_brand":[],"product_cat":[240],"product_tag":[],"class_list":{"0":"post-38099","1":"product","2":"type-product","3":"status-publish","4":"has-post-thumbnail","6":"set_accompanying_cat-cuisine-asiatique","7":"set_accompanying_cat-fromages-doux","8":"set_accompanying_cat-meditation","9":"set_accompanying_cat-viandes-blanches","10":"wine_cat-boise","11":"wine_cat-coups-de-coeur","12":"wine_cat-epice","13":"wine_cat-fruite","14":"grapes_cat-grenache-gris","15":"regions_cat-languedoc-roussillon","16":"set_winetype_cat-blanc","17":"product_cat-vins","19":"first","20":"instock","21":"taxable","22":"shipping-taxable","23":"purchasable","24":"product-type-simple"},"acf":[],"_links":{"self":[{"href":"https:\/\/www.vinodis.com\/nl\/wp-json\/wp\/v2\/product\/38099","targetHints":{"allow":["GET"]}}],"collection":[{"href":"https:\/\/www.vinodis.com\/nl\/wp-json\/wp\/v2\/product"}],"about":[{"href":"https:\/\/www.vinodis.com\/nl\/wp-json\/wp\/v2\/types\/product"}],"replies":[{"embeddable":true,"href":"https:\/\/www.vinodis.com\/nl\/wp-json\/wp\/v2\/comments?post=38099"}],"wp:featuredmedia":[{"embeddable":true,"href":"https:\/\/www.vinodis.com\/nl\/wp-json\/wp\/v2\/media\/35991"}],"wp:attachment":[{"href":"https:\/\/www.vinodis.com\/nl\/wp-json\/wp\/v2\/media?parent=38099"}],"wp:term":[{"taxonomy":"set_accompanying_cat","embeddable":true,"href":"https:\/\/www.vinodis.com\/nl\/wp-json\/wp\/v2\/set_accompanying_cat?post=38099"},{"taxonomy":"beer_cat","embeddable":true,"href":"https:\/\/www.vinodis.com\/nl\/wp-json\/wp\/v2\/beer_cat?post=38099"},{"taxonomy":"alcohol_cat","embeddable":true,"href":"https:\/\/www.vinodis.com\/nl\/wp-json\/wp\/v2\/alcohol_cat?post=38099"},{"taxonomy":"wine_cat","embeddable":true,"href":"https:\/\/www.vinodis.com\/nl\/wp-json\/wp\/v2\/wine_cat?post=38099"},{"taxonomy":"grapes_cat","embeddable":true,"href":"https:\/\/www.vinodis.com\/nl\/wp-json\/wp\/v2\/grapes_cat?post=38099"},{"taxonomy":"fournisseur","embeddable":true,"href":"https:\/\/www.vinodis.com\/nl\/wp-json\/wp\/v2\/fournisseur?post=38099"},{"taxonomy":"regions_cat","embeddable":true,"href":"https:\/\/www.vinodis.com\/nl\/wp-json\/wp\/v2\/regions_cat?post=38099"},{"taxonomy":"set_winetype_cat","embeddable":true,"href":"https:\/\/www.vinodis.com\/nl\/wp-json\/wp\/v2\/set_winetype_cat?post=38099"},{"taxonomy":"product_brand","embeddable":true,"href":"https:\/\/www.vinodis.com\/nl\/wp-json\/wp\/v2\/product_brand?post=38099"},{"taxonomy":"product_cat","embeddable":true,"href":"https:\/\/www.vinodis.com\/nl\/wp-json\/wp\/v2\/product_cat?post=38099"},{"taxonomy":"product_tag","embeddable":true,"href":"https:\/\/www.vinodis.com\/nl\/wp-json\/wp\/v2\/product_tag?post=38099"}],"curies":[{"name":"wp","href":"https:\/\/api.w.org\/{rel}","templated":true}]}}