{"id":37995,"date":"2026-02-12T09:27:27","date_gmt":"2026-02-12T09:27:27","guid":{"rendered":"https:\/\/www.vinodis.com\/?post_type=product&#038;p=37995"},"modified":"2026-02-12T09:27:33","modified_gmt":"2026-02-12T09:27:33","slug":"pinot-nero-achab","status":"publish","type":"product","link":"https:\/\/www.vinodis.com\/nl\/product\/pinot-nero-achab\/","title":{"rendered":"Pinot Nero Achab"},"content":{"rendered":"<p>Robijnrood van kleur.<\/p>\n<p>In de neus delicate aroma's van rood fruit en viooltjes.<\/p>\n<p>Het gehemelte is zacht en vol, met toetsen van framboos geaccentueerd door een vleugje hout, afkomstig van de rijping in Franse eik.<\/p>\n<p>Te betalen met <strong>Lunch-<\/strong><strong>Pas<\/strong><strong> van Sodexo en maaltijdcheques van Monizze<\/strong>.<\/p>\n<p>Als je andere soorten cheques wilt gebruiken, neem dan contact met ons op: <a href=\"mailto:vi*****@*****is.com\" data-original-string=\"tOFY0NpF1I0Anjj\/T3EPCA==51buEA772B1YFv1Wbu68vNu+sy87E9xSdpSOyS+G8gpUjg=\" title=\"Dit contact is gecodeerd door Anti-Spam by CleanTalk. Klik om te decoderen. Om het decoderen te voltooien, moet JavaScript ingeschakeld zijn in je browser.\" data-auth=\"NotApplicable\"><span \n                data-original-string='YQFRp8KV8i6ZS1o+0yN80A==51bkhbUF\/MRKi6v0ZN5dDZSO97Dhup9Bgsyh2Tl2LO12H8='\n                class='apbct-email-encoder'\n                title='Dit contact is gecodeerd door Anti-Spam by CleanTalk. Klik om te decoderen. Om het decoderen te voltooien, moet JavaScript ingeschakeld zijn in je browser.'>vi<span class=\"apbct-blur\">*****<\/span>@<span class=\"apbct-blur\">*****<\/span>is.com<\/span><\/a><\/p>","protected":false},"excerpt":{"rendered":"<p>Vin de couleur rouge rubis. Au nez, on sent des ar\u00f4mes d\u00e9licats de fruits rouges et violettes. Le palais est doux et charnu avec des notes de framboise accentu\u00e9es par un soup\u00e7on de bois, donn\u00e9 par le vieillissement en ch\u00eane fran\u00e7ais.. Payable avec les Lunch-Pass de Sodexo et Ch\u00e8que-Repas de Monizze. Si vous souhaitez utiliser [&hellip;]<\/p>\n","protected":false},"featured_media":35767,"comment_status":"closed","ping_status":"closed","template":"","meta":{"_acf_changed":false},"set_accompanying_cat":[2073,1888],"beer_cat":[],"alcohol_cat":[],"wine_cat":[1913,3110,1868],"grapes_cat":[2010],"fournisseur":[],"regions_cat":[1914],"set_winetype_cat":[3046],"product_brand":[],"product_cat":[240],"product_tag":[],"class_list":{"0":"post-37995","1":"product","2":"type-product","3":"status-publish","4":"has-post-thumbnail","6":"set_accompanying_cat-poissons-en-sauce","7":"set_accompanying_cat-viandes-blanches","8":"wine_cat-bio","9":"wine_cat-boise","10":"wine_cat-epice","11":"grapes_cat-pinot-noir","12":"regions_cat-terra-di-veleia-igp","13":"set_winetype_cat-rouge","14":"product_cat-vins","16":"first","17":"instock","18":"taxable","19":"shipping-taxable","20":"purchasable","21":"product-type-simple"},"acf":[],"_links":{"self":[{"href":"https:\/\/www.vinodis.com\/nl\/wp-json\/wp\/v2\/product\/37995","targetHints":{"allow":["GET"]}}],"collection":[{"href":"https:\/\/www.vinodis.com\/nl\/wp-json\/wp\/v2\/product"}],"about":[{"href":"https:\/\/www.vinodis.com\/nl\/wp-json\/wp\/v2\/types\/product"}],"replies":[{"embeddable":true,"href":"https:\/\/www.vinodis.com\/nl\/wp-json\/wp\/v2\/comments?post=37995"}],"wp:featuredmedia":[{"embeddable":true,"href":"https:\/\/www.vinodis.com\/nl\/wp-json\/wp\/v2\/media\/35767"}],"wp:attachment":[{"href":"https:\/\/www.vinodis.com\/nl\/wp-json\/wp\/v2\/media?parent=37995"}],"wp:term":[{"taxonomy":"set_accompanying_cat","embeddable":true,"href":"https:\/\/www.vinodis.com\/nl\/wp-json\/wp\/v2\/set_accompanying_cat?post=37995"},{"taxonomy":"beer_cat","embeddable":true,"href":"https:\/\/www.vinodis.com\/nl\/wp-json\/wp\/v2\/beer_cat?post=37995"},{"taxonomy":"alcohol_cat","embeddable":true,"href":"https:\/\/www.vinodis.com\/nl\/wp-json\/wp\/v2\/alcohol_cat?post=37995"},{"taxonomy":"wine_cat","embeddable":true,"href":"https:\/\/www.vinodis.com\/nl\/wp-json\/wp\/v2\/wine_cat?post=37995"},{"taxonomy":"grapes_cat","embeddable":true,"href":"https:\/\/www.vinodis.com\/nl\/wp-json\/wp\/v2\/grapes_cat?post=37995"},{"taxonomy":"fournisseur","embeddable":true,"href":"https:\/\/www.vinodis.com\/nl\/wp-json\/wp\/v2\/fournisseur?post=37995"},{"taxonomy":"regions_cat","embeddable":true,"href":"https:\/\/www.vinodis.com\/nl\/wp-json\/wp\/v2\/regions_cat?post=37995"},{"taxonomy":"set_winetype_cat","embeddable":true,"href":"https:\/\/www.vinodis.com\/nl\/wp-json\/wp\/v2\/set_winetype_cat?post=37995"},{"taxonomy":"product_brand","embeddable":true,"href":"https:\/\/www.vinodis.com\/nl\/wp-json\/wp\/v2\/product_brand?post=37995"},{"taxonomy":"product_cat","embeddable":true,"href":"https:\/\/www.vinodis.com\/nl\/wp-json\/wp\/v2\/product_cat?post=37995"},{"taxonomy":"product_tag","embeddable":true,"href":"https:\/\/www.vinodis.com\/nl\/wp-json\/wp\/v2\/product_tag?post=37995"}],"curies":[{"name":"wp","href":"https:\/\/api.w.org\/{rel}","templated":true}]}}